{"id":4,"date":"2015-09-10T09:36:39","date_gmt":"2015-09-10T09:36:39","guid":{"rendered":"http:\/\/ihjj.hr\/metafore\/?page_id=4"},"modified":"2019-04-10T09:46:24","modified_gmt":"2019-04-10T09:46:24","slug":"temeljni-podatci","status":"publish","type":"page","link":"https:\/\/ihjj.hr\/metafore\/temeljni-podatci\/","title":{"rendered":"Temeljni podatci"},"content":{"rendered":"<p><a href=\"http:\/\/ihjj.hr\/metafore\/wp-content\/uploads\/2015\/09\/hrzz_logo2.png\"><img loading=\"lazy\" decoding=\"async\" class=\"alignnone size-full wp-image-250\" src=\"http:\/\/ihjj.hr\/metafore\/wp-content\/uploads\/2015\/09\/hrzz_logo2.png\" alt=\"hrzz_logo2\" width=\"214\" height=\"81\" \/><\/a><\/p>\n<p><strong>Projekt financira Hrvatska zaklada za znanost<\/strong><\/p>\n<p><strong>Program: Uspostavni istra\u017eiva\u010dki projekti<\/strong><\/p>\n<p>Broj projekta: <strong>3624<\/strong><\/p>\n<p>Voditelj projekta: <strong>dr. sc. Kristina \u0160trkalj Despot<\/strong><\/p>\n<p>Ustanova ugovaratelj\/mati\u010dna ustanova: <strong>Institut za hrvatski jezik i jezikoslovlje<\/strong><br \/>\n\u010celnik ustanove: dr. sc. \u017deljko Jozi\u0107<\/p>\n<p>Naziv projekta: <strong><em>Croatian Metaphor Repository<\/em><\/strong><\/p>\n<p>Akronim projekta: Meta4Cro<br \/>\nZnanstveno podru\u010dje: Humanisti\u010dke znanosti<br \/>\nZnanstveno polje: Filologija<br \/>\nPoveznica na mre\u017enu stranicu projekta: https:\/\/metafora.ihjj.hr\/<br \/>\nProgram i natje\u010dajni rok: UIP 11-2013<br \/>\nTrajanje projekta (u mjesecima): 36<\/p>\n<p><strong>\u010clanovi istra\u017eiva\u010dke grupe:<\/strong><br \/>\nDr. sc. Kristina \u0160trkalj Despot, voditeljica projekta<br \/>\nProf. dr. Mario Brdar<br \/>\nProf. dr. Mario Essert<br \/>\nDr. sc. Mirjana Tonkovi\u0107<br \/>\nDr. sc. Benedikt Perak<br \/>\nDr. sc. Bruno Nahod<br \/>\nDr. sc. Ana Ostro\u0161ki Ani\u0107<br \/>\nIvan Pand\u017ei\u0107<\/p>\n<p><strong>Ra\u010dunalna potpora:<\/strong><\/p>\n<p>Juraj Beni\u0107<\/p>\n<p>Jakov Topi\u0107<\/p>\n<p>&nbsp;<\/p>\n<p><iframe loading=\"lazy\" title=\"Tre\u0107i element S05E25 - Kognitivna znanost\" width=\"640\" height=\"360\" src=\"https:\/\/www.youtube.com\/embed\/O2LhPy4aRn4?start=907&#038;feature=oembed\" frameborder=\"0\" allow=\"accelerometer; autoplay; clipboard-write; encrypted-media; gyroscope; picture-in-picture; web-share\" referrerpolicy=\"strict-origin-when-cross-origin\" allowfullscreen><\/iframe><\/p>\n<p>&nbsp;<\/p>\n<p><strong>Sa\u017eetak projekta<\/strong><br \/>\nProjekt <em>Croatian Metaphor Repository<\/em> uklju\u010duje: 1.) teorijsko kognitivnolingvisti\u010dko istra\u017eivanje konceptualne metafore, metonimije, predod\u017ebenih shema i semanti\u010dkih okvira u hrvatskome jeziku (i u dijakronijskoj perspektivi); 2.) ra\u010dunalnolingvisti\u010dko istra\u017eivanje metafore u obradbi prirodnoga jezika i u umjetnoj inteligenciji; 3.) kognitivnopsiholo\u0161ke eksperimente koji \u0107e pratiti teorijska kognitivnolingvisti\u010dka istra\u017eivanja te pojasniti narav veze izme\u0111u zna\u010denja koncepta i percepcije kako se odslikavaju u primarnim metaforama. Primijenjeni je cilj projekta izgradnja baze predod\u017ebenih shema, kognitivnih primitiva, okvira, konceptualnih metafora i metonimija te njihovih jezi\u010dnih i drugih realizacija. Baza \u0107e biti javno dostupna i vi\u0161erazinska: uklju\u010divat \u0107e podjelu prema tipovima metafora (primarne, slo\u017eene i izvedene metafore); prema razini (metafore op\u0107e razine i specifikacije) te prema konceptualnim skupinama (metafore strukture zbivanja, metafore uma, metafore moralnosti, metafore vremena, metafore emocija, metafore ekonomije, metafore vladanja itd.). Teorijska je podloga za analizu konceptualnih metafora hrvatskoga jezika neuralna teorija jezika i mi\u0161ljenja i neuralna teorija metafore. Alati za ozna\u010divanje preuzimaju se iz utjelovljene konstrukcijske gramatike. Jezi\u010dnoteorijska, ra\u010dunalna i eksperimentalna istra\u017eivanja koja \u0107e se provesti u okviru projekta te baza podataka kao rezultat tih istra\u017eivanja unaprijedit \u0107e kognitivnolingvisti\u010dka i ra\u010dunalnolingvisti\u010dka istra\u017eivanja te istra\u017eivanja u podru\u010dju umjetne inteligencije. Navedeni \u0107e rezultati omogu\u0107iti generalizacije i komparativna istra\u017eivanja odnosa jezika i mi\u0161ljenja te \u0107e znatno pridonijeti odgovorima na pitanja poput: Kako ljudi u\u010de, razumiju i upotrebljavaju jezik? Kako pojmovni i jezi\u010dni repozitoriji mogu pomo\u0107i u ostvarivanju ciljeva umjetne inteligencije i ra\u010dunalne kreativnosti? Na kojim su iskustvima metafori\u010dki sustavi hrvatskoga jezika utemeljeni? Koje metafori\u010dke sustave dijelimo s drugim jezicima, a koje su osobitosti hrvatskoga figurativnoga jezika i mi\u0161ljenja? Kako se slo\u017eeni metafori\u010dki sustavi mogu razlo\u017eiti na jednostavnije metafore, primarne metafore, semanti\u010dke okvire, predod\u017ebene sheme i kognitivne primitive? Projekt ima znatan potencijal za daljnji me\u0111unarodni razvoj i utjecaj.<\/p>\n","protected":false},"excerpt":{"rendered":"<p>Projekt financira Hrvatska zaklada za znanost Program: Uspostavni istra\u017eiva\u010dki projekti Broj projekta: 3624 Voditelj projekta: dr. sc. Kristina \u0160trkalj Despot Ustanova ugovaratelj\/mati\u010dna ustanova: Institut za hrvatski jezik i jezikoslovlje \u010celnik ustanove: dr. sc. \u017deljko Jozi\u0107 Naziv projekta: Croatian Metaphor Repository Akronim projekta: Meta4Cro Znanstveno podru\u010dje: Humanisti\u010dke znanosti Znanstveno polje: Filologija Poveznica na mre\u017enu stranicu projekta:<a href=\"https:\/\/ihjj.hr\/metafore\/temeljni-podatci\/\">[&#8230;]<\/a><\/p>\n","protected":false},"author":1,"featured_media":0,"parent":0,"menu_order":0,"comment_status":"closed","ping_status":"closed","template":"","meta":{"footnotes":""},"class_list":["post-4","page","type-page","status-publish","hentry"],"translation":{"provider":"WPGlobus","version":"3.0.0","language":"hr","enabled_languages":["hr","en"],"languages":{"hr":{"title":true,"content":true,"excerpt":false},"en":{"title":true,"content":true,"excerpt":false}}},"_links":{"self":[{"href":"https:\/\/ihjj.hr\/metafore\/wp-json\/wp\/v2\/pages\/4","targetHints":{"allow":["GET"]}}],"collection":[{"href":"https:\/\/ihjj.hr\/metafore\/wp-json\/wp\/v2\/pages"}],"about":[{"href":"https:\/\/ihjj.hr\/metafore\/wp-json\/wp\/v2\/types\/page"}],"author":[{"embeddable":true,"href":"https:\/\/ihjj.hr\/metafore\/wp-json\/wp\/v2\/users\/1"}],"replies":[{"embeddable":true,"href":"https:\/\/ihjj.hr\/metafore\/wp-json\/wp\/v2\/comments?post=4"}],"version-history":[{"count":12,"href":"https:\/\/ihjj.hr\/metafore\/wp-json\/wp\/v2\/pages\/4\/revisions"}],"predecessor-version":[{"id":1077,"href":"https:\/\/ihjj.hr\/metafore\/wp-json\/wp\/v2\/pages\/4\/revisions\/1077"}],"wp:attachment":[{"href":"https:\/\/ihjj.hr\/metafore\/wp-json\/wp\/v2\/media?parent=4"}],"curies":[{"name":"wp","href":"https:\/\/api.w.org\/{rel}","templated":true}]}}