{"id":32,"date":"2015-09-10T09:38:34","date_gmt":"2015-09-10T09:38:34","guid":{"rendered":"http:\/\/ihjj.hr\/metafore\/?page_id=32"},"modified":"2016-09-13T13:36:07","modified_gmt":"2016-09-13T13:36:07","slug":"ostala-izlaganja","status":"publish","type":"page","link":"https:\/\/ihjj.hr\/metafore\/ostala-izlaganja\/","title":{"rendered":"Ostala izlaganja"},"content":{"rendered":"<hr \/>\n<p><strong>Mario Brdar<\/strong><\/p>\n<p><a href=\"https:\/\/drive.google.com\/open?id=0BwT0IMYHumTVRVRtOHg1YkNhZTQ\">Metonymy and Grammar<\/a><\/p>\n<p>Sveu\u010dili\u0161te u Heidelbergu.<\/p>\n<p>8. prosinca 2015.<\/p>\n<hr \/>\n<p><strong>Kristina \u0160trkalj Despot<\/strong><\/p>\n<p><a href=\"http:\/\/metaphorlab.org\/about\/research-meetings\/22-march-kristina-despot\/\">Using MIPVU in the\u00a0<em>Croatian Metaphor Repository<\/em>\u00a0project<\/a><\/p>\n<p><em>Metaphor Lab<\/em><em>\u00a0<\/em>(Sveu\u010dili\u0161te u Amsterdamu).<\/p>\n<p>22. o\u017eujka 2016.<\/p>\n<hr \/>\n<p><strong>Benedikt Perak<\/strong><\/p>\n<p><a href=\"https:\/\/www.youtube.com\/watch?v=enGvBYXUSk8\">Izra\u017eavanje emocija: od biologije do kulture<\/a><\/p>\n<p>Skeptici u pubu. Rijeka.<\/p>\n<p>15. srpnja 2016.<\/p>\n<hr \/>\n<p><strong>Benedikt Perak<\/strong><\/p>\n<p><a href=\"http:\/\/www.hfiloloskod.hr\/index.php\/odjeli\/zagrebacki-lingvisticki-krug\/pozivi-na-predavanja\"><em>Pojmovne mre\u017ee jezi\u010dnog izra\u017eavanja emocija: Multidimenzionalni (psiholo\u0161ki, ontolo\u0161ki i konstrukcijski)opis opojmljivanja 10 emocija u hrvatskome<\/em><\/a><\/p>\n<p>Zagreba\u010dki lingvisti\u010dki krug. Zagreb.<\/p>\n<p>8. o\u017eujka 2016.<\/p>\n<hr \/>\n<p><strong>Ana Ostro\u0161ki Ani\u0107<\/strong><\/p>\n<p><em><a href=\"http:\/\/www.hfiloloskod.hr\/index.php\/odjeli\/zagrebacki-lingvisticki-krug\/pozivi-na-predavanja\">Preneseno u doslovnom: uloga figurativnosti u jeziku struke<\/a><\/em><\/p>\n<p>Zagreba\u010dki lingvisti\u010dki krug. Zagreb.<\/p>\n<p>26. sije\u010dnja 2016.<\/p>\n<hr \/>\n<p><strong>Ivan Pand\u017ei\u0107<\/strong><\/p>\n<p><em><a href=\"http:\/\/ihjj.hr\/clanak\/jezikoslovne-rasprave-ivan-pandzic\/505\/\">Ozna\u010divanje semanti\u010dkih uloga: resursi i alati<\/a><\/em><\/p>\n<p><em>Jezikoslovne rasprave.\u00a0<\/em>Institut za hrvatski jezik i jezikoslovlje.<\/p>\n<p>15. srpnja 2016.<\/p>\n<hr \/>\n<p><strong>Mirjana Tonkovi\u0107<\/strong><\/p>\n<p>Seminar za mlade istra\u017eiva\u010de i znanstvenu javnost<\/p>\n<p><a href=\"http:\/\/ihjj.hr\/metafore\/2015\/10\/22\/jezikoslovne-rasprave-dr-sc-mirjana-tonkovic\/\">Uvod u statistiku za nematemati\u010dare<\/a><\/p>\n<p>Institut za hrvatski jezik i jezikoslovlje<\/p>\n<p>21. listopada 2015.<\/p>\n<hr \/>\n<p><strong>Kristina \u0160trkalj Despot\u00a0<\/strong><\/p>\n<p>Javno predstavljanje projekta i seminar za mlade istra\u017eiva\u010de i znanstvenu javnost<\/p>\n<p>\u201cUvod u neuralnu teoriju jezika i mi\u0161ljenja\u201d<\/p>\n<p>Institut za hrvatski jezik i jezikoslovlje<\/p>\n<p>4. rujna 2014.<\/p>\n<p><a href=\"https:\/\/drive.google.com\/file\/d\/0BwT0IMYHumTVTFhJTFR3bG5aQ2M\/view?usp=sharing\">Izlaganje<\/a><\/p>\n<p><a href=\"http:\/\/ihjj.hr\/metafore\/wp-content\/uploads\/2015\/09\/Photo-04.09.2014.-13-04-22.jpg\"><img loading=\"lazy\" decoding=\"async\" class=\"alignnone size-medium wp-image-263\" src=\"http:\/\/ihjj.hr\/metafore\/wp-content\/uploads\/2015\/09\/Photo-04.09.2014.-13-04-22-300x225.jpg\" alt=\"Photo 04.09.2014. 13 04 22\" width=\"300\" height=\"225\" srcset=\"https:\/\/ihjj.hr\/metafore\/wp-content\/uploads\/2015\/09\/Photo-04.09.2014.-13-04-22-300x225.jpg 300w, https:\/\/ihjj.hr\/metafore\/wp-content\/uploads\/2015\/09\/Photo-04.09.2014.-13-04-22-1024x768.jpg 1024w, https:\/\/ihjj.hr\/metafore\/wp-content\/uploads\/2015\/09\/Photo-04.09.2014.-13-04-22-285x214.jpg 285w\" sizes=\"auto, (max-width: 300px) 100vw, 300px\" \/><\/a><\/p>\n<hr \/>\n<p><strong>Kristina \u0160trkalj Despot\u00a0<\/strong><\/p>\n<p>Pozvano izlaganje i predstavljanje projekta: \u00a024. 11. 2014.<\/p>\n<p>&#8220;Izgradnja baze hrvatskoga figurativnoga jezika&#8221;<\/p>\n<p>Sveu\u010dili\u0161te u Zagrebu, NLP kru\u017eok, Filozofski fakultet<\/p>\n<p><a href=\"https:\/\/drive.google.com\/file\/d\/0BwT0IMYHumTVeERwM195X1d2UmM\/view?usp=sharing\">Izlaganje<\/a><\/p>\n<hr \/>\n<p><strong>Kristina \u0160trkalj Despot\u00a0<\/strong><\/p>\n<p>Pozvano izlaganje i predstavljanje projekta: 4. 3. 2015.<\/p>\n<p>Vorstellung der Cost-Aktion \u201eEnel\u201c (European Network of e-Lexicography) (s Christine M\u00f6hrs)<\/p>\n<p>University of Mannheim<\/p>\n<p><a href=\"https:\/\/drive.google.com\/file\/d\/0BwT0IMYHumTVODhtQ2E1TmNKbFE\/view?usp=sharing\">Izlaganje<\/a><\/p>\n<hr \/>\n<p><strong>Kristina \u0160trkalj Despot\u00a0<\/strong><\/p>\n<p>Pozvano izlaganje i predstavljanje projekta: \u00a06. 4. 2015.<\/p>\n<p>&#8220;Conceptual structure of Mind in Croatian: a diachronic and a synchronic approach&#8221;<\/p>\n<p>CogNetwork, University of California, Berkeley, Sjedinjene Ameri\u010dke Dr\u017eave<\/p>\n<p><a href=\"http:\/\/linguistics.berkeley.edu\/cognetwork\/abstracts.html#despot\">Najava i sa\u017eetak izlaganja<\/a><\/p>\n<p><a href=\"https:\/\/drive.google.com\/file\/d\/0BwT0IMYHumTVX2xzQ2llMnJEV3c\/view?usp=sharing\">Izlaganje<\/a><\/p>\n<hr \/>\n<p><strong>Mario Brdar<\/strong><\/p>\n<p>Seminar za mlade istra\u017eiva\u010de i znanstvenu javnost: 26. 11. 2014.<\/p>\n<p>\u201cMetafore, metonimije, itd.:\u00a0Odvajanje \u017eita od kukolja?\u201d<\/p>\n<p>Institut za hrvatski jezik i jezikoslovlje<\/p>\n<p><a href=\"https:\/\/drive.google.com\/file\/d\/0BwT0IMYHumTVZTNYOEJTemUyOVE\/view?usp=sharing\">Izlaganje<\/a><\/p>\n<p><a href=\"http:\/\/ihjj.hr\/metafore\/wp-content\/uploads\/2015\/09\/11.2014.-108.jpg\"><img loading=\"lazy\" decoding=\"async\" class=\"alignnone size-medium wp-image-264\" src=\"http:\/\/ihjj.hr\/metafore\/wp-content\/uploads\/2015\/09\/11.2014.-108-300x199.jpg\" alt=\"11.2014. 108\" width=\"300\" height=\"199\" \/><\/a> <a href=\"http:\/\/ihjj.hr\/metafore\/wp-content\/uploads\/2015\/09\/11.2014.-110.jpg\"><img loading=\"lazy\" decoding=\"async\" class=\"alignnone size-medium wp-image-265\" src=\"http:\/\/ihjj.hr\/metafore\/wp-content\/uploads\/2015\/09\/11.2014.-110-300x199.jpg\" alt=\"11.2014. 110\" width=\"300\" height=\"199\" \/><\/a><\/p>\n<hr \/>\n<p><strong>Mario Brdar<\/strong><\/p>\n<p>Pozvano predavanje: 12. 11. 2015.<\/p>\n<p>Cross-Linguistic Approach in Metonymy Research<\/p>\n<p>Doktorski studij lingvistike, Universidad de La Rioja,<br \/>\nLogrono<\/p>\n<p><a href=\"https:\/\/drive.google.com\/file\/d\/0BwT0IMYHumTVREZkTGNTbk5PaUE\/view?usp=sharing\">Izlaganje<\/a><\/p>\n<hr \/>\n<p><strong>Mario Essert<\/strong><\/p>\n<p>Seminar za mlade istra\u017eiva\u010de i znanstvenu javnost:\u00a028. 11. 2014.<\/p>\n<p>\u201cProgramski jezik Python u projektu Repozitorij metafora hrvatskoga jezika i u obradbi prirodnoga jezika\u201d.<\/p>\n<p>Institut za hrvatski jezik i jezikoslovlje<\/p>\n<p><a href=\"https:\/\/drive.google.com\/file\/d\/0BwT0IMYHumTVR3lFNkJEalRIU00\/view?usp=sharing\">Izlaganje<\/a><\/p>\n<hr \/>\n<p><strong>Mario Essert i Kristina \u0160trkalj Despot<\/strong><\/p>\n<p>Izlaganje: 11. 9. 2014.<\/p>\n<p>Ra\u010dunalno jezikoslovlje<\/p>\n<p>Sveu\u010dili\u0161te u Osijeku, Matemati\u010dki kolokvij<\/p>\n<p><a href=\"https:\/\/drive.google.com\/file\/d\/0BwT0IMYHumTVZlVKLWd1Z0tKZlU\/view?usp=sharing\">Izlaganje<\/a><\/p>\n<hr \/>\n","protected":false},"excerpt":{"rendered":"<p>Mario Brdar Metonymy and Grammar Sveu\u010dili\u0161te u Heidelbergu. 8. prosinca 2015. Kristina \u0160trkalj Despot Using MIPVU in the\u00a0Croatian Metaphor Repository\u00a0project Metaphor Lab\u00a0(Sveu\u010dili\u0161te u Amsterdamu). 22. o\u017eujka 2016. Benedikt Perak Izra\u017eavanje emocija: od biologije do kulture Skeptici u pubu. Rijeka. 15. srpnja 2016. Benedikt Perak Pojmovne mre\u017ee jezi\u010dnog izra\u017eavanja emocija: Multidimenzionalni (psiholo\u0161ki, ontolo\u0161ki i konstrukcijski)opis opojmljivanja<a href=\"https:\/\/ihjj.hr\/metafore\/ostala-izlaganja\/\">[&#8230;]<\/a><\/p>\n","protected":false},"author":1,"featured_media":0,"parent":0,"menu_order":0,"comment_status":"closed","ping_status":"closed","template":"","meta":{"footnotes":""},"class_list":["post-32","page","type-page","status-publish","hentry"],"translation":{"provider":"WPGlobus","version":"3.0.0","language":"hr","enabled_languages":["hr","en"],"languages":{"hr":{"title":true,"content":true,"excerpt":false},"en":{"title":true,"content":true,"excerpt":false}}},"_links":{"self":[{"href":"https:\/\/ihjj.hr\/metafore\/wp-json\/wp\/v2\/pages\/32","targetHints":{"allow":["GET"]}}],"collection":[{"href":"https:\/\/ihjj.hr\/metafore\/wp-json\/wp\/v2\/pages"}],"about":[{"href":"https:\/\/ihjj.hr\/metafore\/wp-json\/wp\/v2\/types\/page"}],"author":[{"embeddable":true,"href":"https:\/\/ihjj.hr\/metafore\/wp-json\/wp\/v2\/users\/1"}],"replies":[{"embeddable":true,"href":"https:\/\/ihjj.hr\/metafore\/wp-json\/wp\/v2\/comments?post=32"}],"version-history":[{"count":16,"href":"https:\/\/ihjj.hr\/metafore\/wp-json\/wp\/v2\/pages\/32\/revisions"}],"predecessor-version":[{"id":731,"href":"https:\/\/ihjj.hr\/metafore\/wp-json\/wp\/v2\/pages\/32\/revisions\/731"}],"wp:attachment":[{"href":"https:\/\/ihjj.hr\/metafore\/wp-json\/wp\/v2\/media?parent=32"}],"curies":[{"name":"wp","href":"https:\/\/api.w.org\/{rel}","templated":true}]}}