{"id":28,"date":"2015-09-10T09:38:20","date_gmt":"2015-09-10T09:38:20","guid":{"rendered":"http:\/\/ihjj.hr\/metafore\/?page_id=28"},"modified":"2016-09-16T11:24:46","modified_gmt":"2016-09-16T11:24:46","slug":"projektni-sastanci","status":"publish","type":"page","link":"https:\/\/ihjj.hr\/metafore\/projektni-sastanci\/","title":{"rendered":"Projektni sastanci"},"content":{"rendered":"<p><strong>Sastanak 27. svibnja 2016.<\/strong><br \/>\nHrvatski institut za povijest<\/p>\n<p>Nazo\u010dni: Kristina \u0160trkalj Despot, Mario Brdar, Mario Essert, Mirjana Tonkovi\u0107, Benedikt Perak, Bruno Nahod, Ivan Pand\u017ei\u0107<\/p>\n<p>Dnevni red:<br \/>\n1. Izlaganja na BFLR simpoziju<br \/>\n2. Izvje\u0161taj o stanju financijskoga plana<br \/>\n3.\u00a0Metafore moralnosti (analiza primjera, rasprava)<br \/>\n4.\u00a0Razno<\/p>\n<hr \/>\n<p><strong>Sastanak 5. travnja 2016.<\/strong><\/p>\n<p>Institut za hrvatski jezik i jezikoslovlje<\/p>\n<p>Nazo\u010dni: Kristina \u0160trkalj Despot, Mario Brdar, Mario Essert, Mirjana Tonkovi\u0107, Benedikt Perak, Bruno Nahod, Ana Ostro\u0161ki Ani\u0107, Ivan Pand\u017ei\u0107<\/p>\n<p>Dnevni red:<br \/>\n1. Simpozij (program, na\u0161a izlaganja + praktikalije)<br \/>\n2. Prijedlog izmjene financijskoga plana s ciljem pove\u0107anja naknada za<br \/>\nna\u0161e programere<br \/>\n3. Prijedlog nove procedure detekcije jezi\u010dnih metafora u korpusu<br \/>\n4. Primjena nove procedure na metafore vremena<br \/>\n5. \u010clanci, usavr\u0161avanja, sudjelovanja na skupovima&#8230;<br \/>\n6. Razno<\/p>\n<hr \/>\n<p><strong>Sastanak 14. sije\u010dnja 2016.<\/strong><\/p>\n<p>Institut za hrvatski jezik i jezikoslovlje<\/p>\n<p>Nazo\u010dni: Kristina \u0160trkalj Despot, Mario Brdar, Mario Essert, Mirjana Tonkovi\u0107, Benedikt Perak, Bruno Nahod, Ana Ostro\u0161ki Ani\u0107, Ivan Pand\u017ei\u0107<\/p>\n<p>Dnevni red:<br \/>\n1. Lingvisti\u010dke zada\u0107e u okviru ostvarenja ra\u010dunalnih ciljeva za 2. godinu<br \/>\n(prof. Essert)<br \/>\n2. Financijski plan za drugu godinu<br \/>\n3. Radni plan za drugu godinu<br \/>\n4. Projektni simpozij: &#8220;Building Metaphor Repositories: Methods, Risks and<br \/>\nChallenges&#8221; (popis sudionika, slanje pozivnih pisama i prve obavijesti,<br \/>\nokvirni program).<br \/>\n5. Metafore ekonomije, vladanja i dobrobiti (analiza primjera, rasprava)<br \/>\n6. Razno<\/p>\n<hr \/>\n<p><strong>\u00a0<\/strong><\/p>\n<p><strong>Sastanak 23. srpnja 2015.<\/strong><br \/>\nNorthumbria University, Newcastle<\/p>\n<p>Nazo\u010dni: Kristina \u0160trkalj Despot, Mario Brdar, Mirjana Tonkovi\u0107, Benedikt Perak, Ana Ostro\u0161ki Ani\u0107<br \/>\nDnevni red:<br \/>\n1. Izvje\u0161taj s odr\u017eanih izlaganja i usavr\u0161avanja na ICLC-ju<br \/>\n2. Izvje\u0161taj nakon druge va\u017ene to\u010dke provjere: metafore uma<br \/>\n3. Izmjene u nazivima kategorija u bazi<br \/>\n4. Otvaranje projektne mre\u017ene stranice i pristupa bazi za javnost<br \/>\n5. Radni i financijski plan za drugu projektnu godinu<br \/>\n6. Razno<\/p>\n<hr \/>\n<p><strong>Sastanak 14. svibnja 2015.<\/strong><br \/>\nInstitut za hrvatski jezik i jezikoslovlje<\/p>\n<p>Nazo\u010dni: Kristina \u0160trkalj Despot, Mario Brdar, Mario Essert, Mirjana Tonkovi\u0107, Benedikt Perak, Bruno Nahod, Ana Ostro\u0161ki Ani\u0107, Ivan Pand\u017ei\u0107<br \/>\nDnevni red:<br \/>\n1. Izvje\u0161taj dr. sc. Kristine \u0160trkalj Despot sa usavr\u0161avanja na Sveu\u010dili\u0161tu Berkeley<br \/>\n2. Analiza tablice s metaforama za um te sinkronijskim i dijakronijskim primjerima.<br \/>\n3. Upute za unos metafora uma u bazu.<br \/>\n4. Izvje\u0161taj o eksperimentu u vezi s konceptualizacijom uma<br \/>\n5. Izvje\u0161taj o tijeku eksperimenta vezanoga uz metaforu PSIHOLO\u0160KI TE\u0160KO\/LAKO JE FIZI\u010cKI TE\u0160KO\/LAKO<br \/>\n6. Pripreme za ICLC konferenciju<br \/>\n7. Izvje\u0161taj o stanju projektnih financija u odnosu na financijski plan<br \/>\n8. Izvje\u0161taj nakon prve va\u017ene to\u010dke provjere: metafore strukture doga\u0111aja<br \/>\n9. Razno<\/p>\n<hr \/>\n<p><strong>Sastanak 26. studenoga 2014.<\/strong><br \/>\nInstitut za hrvatski jezik i jezikoslovlje<\/p>\n<p>Nazo\u010dni: Kristina \u0160trkalj Despot, Mario Essert, Mirjana Tonkovi\u0107, Benedikt Perak, Bruno Nahod, Ana Ostro\u0161ki Ani\u0107, Ivan Pand\u017ei\u0107<br \/>\nDnevni red:<br \/>\n1. Izvje\u0161taj i rasprava o strukturi baze<br \/>\n2. Analiza tablice s metaforama strukture doga\u0111aja te sinkronijskim i dijakronijskim primjerima.<br \/>\n3. Upute za unos metafora strukture doga\u0111aja u bazu.<br \/>\n4. Razno<\/p>\n<hr \/>\n<p><strong>Sastanak 14. studenoga 2014.<\/strong><br \/>\nInstitut za hrvatski jezik i jezikoslovlje<\/p>\n<p>Nazo\u010dni: Kristina \u0160trkalj Despot, Mario Brdar, Mario Essert, Mirjana Tonkovi\u0107, Benedikt Perak, Bruno Nahod, Ana Ostro\u0161ki Ani\u0107<br \/>\nDnevni red:<br \/>\n1. Izvje\u0161taj o tijeku izgradnje ra\u010dunalnoga okvira baze MetaNet.HR<br \/>\n2. Rasprava o ponu\u0111enoj strukturi baze (nazivima pojedinih kategorija, prijedlozi novih kategorija)<br \/>\n3. Izvje\u0161taj i rasprava o napretku izrade bibliografije radova o figurativnome jeziku<br \/>\n4. Upute za popunjavanje baze<br \/>\n5. Razno<\/p>\n<hr \/>\n<p><strong>Sastanak 4. rujna 2014.<\/strong><br \/>\nInstitut za hrvatski jezik i jezikoslovlje<\/p>\n<p>Nazo\u010dni: Kristina \u0160trkalj Despot, Mario Brdar, Mario Essert, Mirjana Tonkovi\u0107, Benedikt Perak, Bruno Nahod, Ana Ostro\u0161ki Ani\u0107<br \/>\nDnevni red:<br \/>\n1. Predstavljanje \u010dlanova projektnoga tima<br \/>\n2. Rasprava o detaljim radnoga plana<br \/>\n3. Rasprava o financisjkome planu<br \/>\n4. Kupnja opreme<br \/>\n5. Rasprava o planu usavr\u0161avanja u okviru projekta<br \/>\n4. Plan izvedbe i raspodjela prvih zada\u0107a<br \/>\n5. Razno<\/p>\n","protected":false},"excerpt":{"rendered":"<p>Sastanak 27. svibnja 2016. Hrvatski institut za povijest Nazo\u010dni: Kristina \u0160trkalj Despot, Mario Brdar, Mario Essert, Mirjana Tonkovi\u0107, Benedikt Perak, Bruno Nahod, Ivan Pand\u017ei\u0107 Dnevni red: 1. Izlaganja na BFLR simpoziju 2. Izvje\u0161taj o stanju financijskoga plana 3.\u00a0Metafore moralnosti (analiza primjera, rasprava) 4.\u00a0Razno Sastanak 5. travnja 2016. Institut za hrvatski jezik i jezikoslovlje Nazo\u010dni: Kristina<a href=\"https:\/\/ihjj.hr\/metafore\/projektni-sastanci\/\">[&#8230;]<\/a><\/p>\n","protected":false},"author":1,"featured_media":0,"parent":0,"menu_order":0,"comment_status":"closed","ping_status":"closed","template":"","meta":{"footnotes":""},"class_list":["post-28","page","type-page","status-publish","hentry"],"translation":{"provider":"WPGlobus","version":"3.0.0","language":"hr","enabled_languages":["hr","en"],"languages":{"hr":{"title":true,"content":true,"excerpt":false},"en":{"title":true,"content":true,"excerpt":false}}},"_links":{"self":[{"href":"https:\/\/ihjj.hr\/metafore\/wp-json\/wp\/v2\/pages\/28","targetHints":{"allow":["GET"]}}],"collection":[{"href":"https:\/\/ihjj.hr\/metafore\/wp-json\/wp\/v2\/pages"}],"about":[{"href":"https:\/\/ihjj.hr\/metafore\/wp-json\/wp\/v2\/types\/page"}],"author":[{"embeddable":true,"href":"https:\/\/ihjj.hr\/metafore\/wp-json\/wp\/v2\/users\/1"}],"replies":[{"embeddable":true,"href":"https:\/\/ihjj.hr\/metafore\/wp-json\/wp\/v2\/comments?post=28"}],"version-history":[{"count":17,"href":"https:\/\/ihjj.hr\/metafore\/wp-json\/wp\/v2\/pages\/28\/revisions"}],"predecessor-version":[{"id":769,"href":"https:\/\/ihjj.hr\/metafore\/wp-json\/wp\/v2\/pages\/28\/revisions\/769"}],"wp:attachment":[{"href":"https:\/\/ihjj.hr\/metafore\/wp-json\/wp\/v2\/media?parent=28"}],"curies":[{"name":"wp","href":"https:\/\/api.w.org\/{rel}","templated":true}]}}