{"id":22,"date":"2015-09-10T09:37:57","date_gmt":"2015-09-10T09:37:57","guid":{"rendered":"http:\/\/ihjj.hr\/metafore\/?page_id=22"},"modified":"2023-08-23T08:29:25","modified_gmt":"2023-08-23T08:29:25","slug":"sto-je-metanet-hr","status":"publish","type":"page","link":"https:\/\/ihjj.hr\/metafore\/sto-je-metanet-hr\/","title":{"rendered":"\u0160to je MetaNet.HR?"},"content":{"rendered":"<p>If you use MetaNet.HR for your work, please name the following reference:<\/p>\n<p>Despot, K; Tonkovi\u0107, M; Brdar, M; Essert, M; Perak, B; Ostro\u0161ki Ani\u0107, A; Nahod, B; Pand\u017ei\u0107, I. (2019) MetaNet.HR: Croatian Metaphor Repository. In: Bolognesi, M., Brdar, M., Despot, K. (Eds.).\u00a0<em>Metaphor and Metonymy in the Digital Age. <i>Theory and Methods for Building Repositories of Figurative Language<\/i>, <\/em>pp. 123-146.\u00a0Amsterdam: John Benjamins Publishing Company.<\/p>\n<hr \/>\n<p><span id=\"result_box\" class=\"\" lang=\"en\"><span class=\"hps\">MetaNet.HR<\/span>\u00a0<span class=\"hps\">is a data<\/span><span class=\"hps\">base<\/span>\u00a0<span class=\"hps\">of conceptual<\/span>\u00a0<span class=\"hps\">and<\/span>\u00a0<span class=\"hps\">linguistic<\/span>\u00a0<span class=\"hps\">metaphors and metonymies,<\/span>\u00a0<span class=\"hps\">cognitive<\/span>\u00a0<span class=\"hps\">primitives,\u00a0image schemas\u00a0<\/span><span class=\"hps\">and<\/span>\u00a0<span class=\"hps\">semantic<\/span>\u00a0<span class=\"hps\">frames<\/span>\u00a0<span class=\"hps\">of the Croatian language,<\/span>\u00a0<span class=\"hps\">with the corresponding<\/span>\u00a0<span class=\"hps\">lexical items<\/span>.<\/span><\/p>\n<p>The database is publically available at the following link:\u00a0<a href=\"https:\/\/metanet.hr\/\">Metaphor database<\/a><\/p>\n","protected":false},"excerpt":{"rendered":"<p>If you use MetaNet.HR for your work, please name the following reference: Despot, K; Tonkovi\u0107, M; Brdar, M; Essert, M; Perak, B; Ostro\u0161ki Ani\u0107, A; Nahod, B; Pand\u017ei\u0107, I. (2019) MetaNet.HR: Croatian Metaphor Repository. In: Bolognesi, M., Brdar, M., Despot, K. (Eds.).\u00a0Metaphor and Metonymy in the Digital Age. Theory and Methods for Building Repositories of<a href=\"https:\/\/ihjj.hr\/metafore\/sto-je-metanet-hr\/\">[&#8230;]<\/a><\/p>\n","protected":false},"author":1,"featured_media":0,"parent":0,"menu_order":0,"comment_status":"closed","ping_status":"closed","template":"","meta":{"footnotes":""},"class_list":["post-22","page","type-page","status-publish","hentry"],"translation":{"provider":"WPGlobus","version":"3.0.0","language":"hr","enabled_languages":["hr","en"],"languages":{"hr":{"title":true,"content":true,"excerpt":false},"en":{"title":true,"content":true,"excerpt":false}}},"_links":{"self":[{"href":"https:\/\/ihjj.hr\/metafore\/wp-json\/wp\/v2\/pages\/22","targetHints":{"allow":["GET"]}}],"collection":[{"href":"https:\/\/ihjj.hr\/metafore\/wp-json\/wp\/v2\/pages"}],"about":[{"href":"https:\/\/ihjj.hr\/metafore\/wp-json\/wp\/v2\/types\/page"}],"author":[{"embeddable":true,"href":"https:\/\/ihjj.hr\/metafore\/wp-json\/wp\/v2\/users\/1"}],"replies":[{"embeddable":true,"href":"https:\/\/ihjj.hr\/metafore\/wp-json\/wp\/v2\/comments?post=22"}],"version-history":[{"count":21,"href":"https:\/\/ihjj.hr\/metafore\/wp-json\/wp\/v2\/pages\/22\/revisions"}],"predecessor-version":[{"id":1159,"href":"https:\/\/ihjj.hr\/metafore\/wp-json\/wp\/v2\/pages\/22\/revisions\/1159"}],"wp:attachment":[{"href":"https:\/\/ihjj.hr\/metafore\/wp-json\/wp\/v2\/media?parent=22"}],"curies":[{"name":"wp","href":"https:\/\/api.w.org\/{rel}","templated":true}]}}