{"id":20,"date":"2015-09-10T09:37:48","date_gmt":"2015-09-10T09:37:48","guid":{"rendered":"http:\/\/ihjj.hr\/metafore\/?page_id=20"},"modified":"2017-09-29T14:45:27","modified_gmt":"2017-09-29T14:45:27","slug":"popis-ostvarenih-ciljeva-iz-radnoga-plana","status":"publish","type":"page","link":"https:\/\/ihjj.hr\/metafore\/popis-ostvarenih-ciljeva-iz-radnoga-plana\/","title":{"rendered":"Popis ostvarenih ciljeva iz radnoga plana"},"content":{"rendered":"<p>&nbsp;<\/p>\n<p><strong>Planirani i ostvareni rezultati iz radnoga plana\u00a0(za prvu godinu provo\u0111enja projekta)<\/strong><\/p>\n<ul>\n<li>Detaljan radni plan<\/li>\n<li>Kupljena oprema<\/li>\n<li>Ugovor s dvama programerima<\/li>\n<li>Izgradnja ra\u010dunalnoga okvira projekta na osnovi<em> web2py<\/em> alata<\/li>\n<li>Izgradnja wiki stranice projekta s poveznicom na bazu metafora i okvira<\/li>\n<li>Izgradnja ontologije kao podloge za razvoj automatske identifikacije metafora: tematski modeli, apstraktnost\/konkretnost i semanti\u010dke klasifikacije<\/li>\n<li>Bibliografija i baza projektne literature<\/li>\n<li>Predstavljanje projekta za javnost i predavanje za mlade istra\u017eiva\u010de:\u00a0<em>Uvod u neuralnu teoriju jezika i mi\u0161ljenja<\/em> i <em>Uvod u teoriju konceptualne metafore<\/em><\/li>\n<li>Predavanje za zn. javnost i seminar za mlade istra\u017eiva\u010de: <em>Metafore, metonimije, itd.: Odvajanje \u017eita od kukolja?<\/em><\/li>\n<li>Predavanje za zn. javnost i seminar za mlade istra\u017eiva\u010de: <em>Programski jezik Python u projektu \u201d Repozitorij metafora hrvatskoga jezika\u201d i u obradbi prirodnoga jezika<\/em><\/li>\n<li>Predavanje za zn. javnost i seminar za mlade istra\u017eiva\u010de: <em>Metafora u obradbi prirodnoga jezika<\/em><\/li>\n<li>Wiki stranica i izgra\u0111ena baza s poveznicom na tematsku skupinu metafora strukture doga\u0111aja, dvije podskupine (lokacijske i objektne) te popis i obradba metafora koje im pripadaju te poveznice na eksperimente (ako je primjenjivo)<\/li>\n<li>Znanstveni rad iz podru\u010dja metafora struktura doga\u0111aja<\/li>\n<li>Izvje\u0161taj nakon prve va\u017ene to\u010dke provjere: Metafore strukture doga\u0111aja<\/li>\n<li>Wiki stranica i izgra\u0111ena baza s poveznicom na tematske skupine metafora uma (s podskupinama) i metafora strukture doga\u0111aja, dvije podskupine (lokacijske i objektne) te popis i obradba metafora koje im pripadaju, semanti\u010dkih okvira te poveznice na eksperimente (ako je primjenjivo).<\/li>\n<li>Znanstveni rad iz podru\u010dja metafora uma<\/li>\n<li>Eksperiment iz podru\u010dja metafora uma<\/li>\n<li>Ostali eksperimenti<\/li>\n<li>Izvje\u0161taj nakon druge va\u017ene to\u010dke provjere: Metafore uma<\/li>\n<li>Otvaranje wiki stranice, mre\u017ene stranice projekta i baze MetaNet.HR za besplatan javni pristup (za metafore strukture doga\u0111aja i metafore uma)<\/li>\n<\/ul>\n<hr \/>\n<p><strong>Planirani i ostvareni rezultati iz radnoga plana\u00a0(za drugu godinu provo\u0111enja projekta)<\/strong><\/p>\n<ul>\n<li>Organizacija simpozija i okrugloga stola\u00a0<em>Building Metaphor Repositories: Methods, Risks and Challenges\u00a0<\/em>(Svi \u010dlanovi tima sudjeluju u organizacijskom odboru te kao sudionici okrugloga stola)<\/li>\n<li>Metafore ekonomije s pripadaju\u0107im okvirima, predod\u017ebenim shemama i kogovima dodane u repozitorij nakon teorijske i korpusne analize<\/li>\n<li>Metafore vladanja s pripadaju\u0107im okvirima, predod\u017ebenim shemama i kogovima dodane u repozitorij nakon teorijske i korpusne analize<\/li>\n<li>Metafore dobrobiti s pripadaju\u0107im okvirima, predod\u017ebenim shemama i kogovima dodane u repozitorij nakon teorijske i korpusne analize<\/li>\n<li>Popularno-znanstveni rad o metafori\u010dkome uokvirivanju (hrvatskoga) politi\u010dkoga diskursa predan u tisak (rad\u00a0Kristine \u0160trkalj Despot <em>Metafore u (hrvatskoj) politici<\/em> prihva\u0107en je za objavljivanje u znanstveno-popularnome \u010dasopisu <em>Hrvatski jezik<\/em>. <em>Znanstveno-popularni \u010dasopis za kulturu hrvatskoga jezika<\/em>.)<\/li>\n<li>Izlaganje na konferenciji o temi iz podru\u010dja metafora ekonomije, politike, vladanja ili dobrobiti (rad pod nazivom <em>The Role of Metaphor in Understanding Terrorism (Based on the Analysis of the Croatian Web Corpus)<\/em> Benedikt Perak i Kristina \u0160trkalj Despot izlo\u017eili su na konferenciji RaAM 11, Berlin, srpanj\u00a02016.)<\/li>\n<li>Izrada trojaca (<em>triple store<\/em>) s pomo\u0107u otvorenoga servera <em>Virtuoso<\/em><\/li>\n<li>Programiranje u SparQLu i Pythonu za obradu podataka o metaforama<\/li>\n<li>Vizualizacija metafora u obliku grafova uporabom JS alata za obradu<\/li>\n<li>Konstrukcija repozitorija povezanih podataka (<em>linked data<\/em>) u RDF\/OWL formatu<\/li>\n<li>Izrada alata za pretragu i razvrstavanje podataka<\/li>\n<li>Projektni sastanci (odr\u017eana tri projektna sastanka)<\/li>\n<li>Izvje\u0161taj nakon tre\u0107e to\u010dke provjere (metafore ekonomije, vladanja, dobrobiti)<\/li>\n<li>Metafore vremena s pripadaju\u0107im okvirima, predod\u017ebenim shemama i kogovima dodane u repozitorij nakon teorijske i korpusne analize<\/li>\n<li>Znanstveni rad iz podru\u010dja konceptualizacije vremena (ako je mogu\u0107e s opisom eksperimenta) predan u relevantni strani ili A1 doma\u0107i \u010dasopis<\/li>\n<li>Prezentacija rada o konceptualizaciji vremena na konferenciji (Mirjana Tonkovi\u0107 i Kristina \u0160trkalj Despot imale su izlaganje <em>Time-moving and Ego-moving Metaphors in Croatian: An experimental study<\/em> na konferenciji: <em>Metaphor Festival<\/em> u Amsterdamu, Nizozemska, 31. kolovoza \u2013 3. rujna 2016.)<\/li>\n<li>Izvje\u0161taj nakon \u010detvrte to\u010dke provjere (metafore vremena)<\/li>\n<li>Metafore moralnosti s pripadaju\u0107im okvirima, predod\u017ebenim shemama i kogovima dodane u repozitorij nakon teorijske i korpusne analize<\/li>\n<li>Znanstveni rad o metafori\u010dkome uokvirivanju <em>moralnosti<\/em> poslan u me\u0111unarodni ili A1 hrvatski \u010dasopis.<strong>\u00a0<\/strong><\/li>\n<li>Predstavljanje rezultata istra\u017eivanja na projektu nakon pete to\u010dke provjere (metafore moralnosti) na javnom izlaganju<\/li>\n<li>Izvje\u0161taj nakon pete to\u010dke provjere (metafore moralnosti)<\/li>\n<li>Najmanje dva sa\u017eetka objavljena u knjigama sa\u017eetaka s me\u0111unarodnih skupova \/ PPT prezentacije (objavljeno je 15 sa\u017eetaka!)<\/li>\n<li>Usavr\u0161avanje u Metaphor Labu u Amsterdamu, mentor Gerard Steen (Kristina \u0160trkalj Despot, o\u017eujak 2016.)<\/li>\n<li>Seminari za mlade istra\u017eiva\u010de (Odr\u017ean je niz izlaganja i predavanja za mlade istra\u017eiva\u010de i ostale zainteresirane:\u00a0<a href=\"http:\/\/ihjj.hr\/metafore\/usavrsavanja\/\">http:\/\/ihjj.hr\/metafore\/usavrsavanja\/<\/a>;\u00a0<a href=\"http:\/\/ihjj.hr\/metafore\/ostala-izlaganja\/\">http:\/\/ihjj.hr\/metafore\/ostala-izlaganja\/<\/a>)<\/li>\n<li>Usavr\u0161avanja \u010dlanova tima (http:\/\/ihjj.hr\/metafore\/usavrsavanja\/)<\/li>\n<\/ul>\n<hr \/>\n<p><strong>Planirani i ostvareni rezultati iz radnoga plana\u00a0(za tre\u0107u godinu provo\u0111enja projekta)<\/strong><\/p>\n<ul>\n<li>Metafore emocija s pripadaju\u0107im okvirima, predod\u017ebenim shemama i kogovima dodane u repozitorij nakon teorijske i korpusne analize<\/li>\n<li>Objavljen znanstveni rad o konceptualizaciji\u00a0emocija\u00a0me\u0111unarodnome ili A1 hrvatskome \u010dasopisu<strong>\u00a0<\/strong><\/li>\n<li>Izvje\u0161taj nakon \u0161este to\u010dke provjere (metafore emocija)<\/li>\n<li>Projektni sastanci (odr\u017eana tri projektna sastanka)<\/li>\n<li>Kaskade metafora s pripadaju\u0107im okvirima, predod\u017ebenim shemama i kogovima dodane u repozitorij nakon teorijske i korpusne analize<\/li>\n<li>Skalarne metafore s pripadaju\u0107im okvirima, predod\u017ebenim shemama i kogovima dodane u repozitorij nakon teorijske i korpusne analize<\/li>\n<li>Vizualizacija metafora u obliku grafova uporabom JS alata za obradu<\/li>\n<li>Zavr\u0161ena konstrukcija repozitorija povezanih podataka (<em>linked data<\/em>) u RDF\/OWL formatu<\/li>\n<li>Izrada alata za pretragu i razvrstavanje podataka<\/li>\n<li>Izrada programa u Pythonu za ekstrakciju metafori\u010dnih jedinica iz teksta<\/li>\n<li>Najmanje dva rada u me\u0111unarodnim ili A1 hrvatskim \u010dasopisima (objavljeno je 10 radova i jedna knjiga u relevantnim publikacijama Q1 i Q2 te kod uglednih me\u0111unarodnih izdava\u010da, a jo\u0161 je niz radova i jedna knjiga u tisku)<\/li>\n<li>Najmanje dva izlaganja na javnim predavanjima ili konferencijama (ostvareno ih je 25)<\/li>\n<li>Najmanje dva sa\u017eetka objavljena u knji\u017eici sa\u017eetaka sa znanstvenih skupova (ostvareno 25)<\/li>\n<li>Organizirana radionica o novim pristupima istra\u017eivanju metafore <em>Hand Made by Machines: A Computational Perspective on Linguistic Creativity<\/em><\/li>\n<li>Organiziran trodnevni znanstveni skup\u00a0<em>3rd International Symposium on Figurative Thought and Language\u00a0<\/em> i okrugli stol o stanju u istra\u017eiva\u010dkom polju figurativnoga jezika<\/li>\n<li>Usavr\u0161avanje University College Dublin, mentor Tony Veale (Kristina \u0160trkalj Despot, svibanj\u00a02017.)<\/li>\n<li>Seminari za mlade istra\u017eiva\u010de (Odr\u017ean je niz izlaganja i predavanja za mlade istra\u017eiva\u010de i ostale zainteresirane:\u00a0<a href=\"http:\/\/ihjj.hr\/metafore\/usavrsavanja\/\">http:\/\/ihjj.hr\/metafore\/usavrsavanja\/<\/a>;\u00a0<a href=\"http:\/\/ihjj.hr\/metafore\/ostala-izlaganja\/\">http:\/\/ihjj.hr\/metafore\/ostala-izlaganja\/<\/a>)<\/li>\n<li>Usavr\u0161avanja \u010dlanova tima (http:\/\/ihjj.hr\/metafore\/usavrsavanja\/)<\/li>\n<li>Pla\u0107eni tro\u0161kovi doktorskoga studija i rad s doktorandom Ivanom Pand\u017ei\u0107em u okviru programa\u00a0\u201eProjekt razvoja karijera mladih istra\u017eiva\u010da \u2013 izobrazba novih doktora znanosti\u201c.<\/li>\n<li>Zavr\u0161ni izvje\u0161taj<\/li>\n<\/ul>\n","protected":false},"excerpt":{"rendered":"<p>&nbsp; Planirani i ostvareni rezultati iz radnoga plana\u00a0(za prvu godinu provo\u0111enja projekta) Detaljan radni plan Kupljena oprema Ugovor s dvama programerima Izgradnja ra\u010dunalnoga okvira projekta na osnovi web2py alata Izgradnja wiki stranice projekta s poveznicom na bazu metafora i okvira Izgradnja ontologije kao podloge za razvoj automatske identifikacije metafora: tematski modeli, apstraktnost\/konkretnost i semanti\u010dke klasifikacije<a href=\"https:\/\/ihjj.hr\/metafore\/popis-ostvarenih-ciljeva-iz-radnoga-plana\/\">[&#8230;]<\/a><\/p>\n","protected":false},"author":1,"featured_media":0,"parent":0,"menu_order":0,"comment_status":"closed","ping_status":"closed","template":"","meta":{"footnotes":""},"class_list":["post-20","page","type-page","status-publish","hentry"],"translation":{"provider":"WPGlobus","version":"3.0.0","language":"hr","enabled_languages":["hr","en"],"languages":{"hr":{"title":true,"content":true,"excerpt":false},"en":{"title":true,"content":true,"excerpt":false}}},"_links":{"self":[{"href":"https:\/\/ihjj.hr\/metafore\/wp-json\/wp\/v2\/pages\/20","targetHints":{"allow":["GET"]}}],"collection":[{"href":"https:\/\/ihjj.hr\/metafore\/wp-json\/wp\/v2\/pages"}],"about":[{"href":"https:\/\/ihjj.hr\/metafore\/wp-json\/wp\/v2\/types\/page"}],"author":[{"embeddable":true,"href":"https:\/\/ihjj.hr\/metafore\/wp-json\/wp\/v2\/users\/1"}],"replies":[{"embeddable":true,"href":"https:\/\/ihjj.hr\/metafore\/wp-json\/wp\/v2\/comments?post=20"}],"version-history":[{"count":17,"href":"https:\/\/ihjj.hr\/metafore\/wp-json\/wp\/v2\/pages\/20\/revisions"}],"predecessor-version":[{"id":1033,"href":"https:\/\/ihjj.hr\/metafore\/wp-json\/wp\/v2\/pages\/20\/revisions\/1033"}],"wp:attachment":[{"href":"https:\/\/ihjj.hr\/metafore\/wp-json\/wp\/v2\/media?parent=20"}],"curies":[{"name":"wp","href":"https:\/\/api.w.org\/{rel}","templated":true}]}}