{"id":173,"date":"2015-09-14T18:27:00","date_gmt":"2015-09-14T18:27:00","guid":{"rendered":"http:\/\/ihjj.hr\/metafore\/?page_id=173"},"modified":"2015-09-14T18:27:00","modified_gmt":"2015-09-14T18:27:00","slug":"mirjana-tonkovic","status":"publish","type":"page","link":"https:\/\/ihjj.hr\/metafore\/mirjana-tonkovic\/","title":{"rendered":"Mirjana Tonkovi\u0107"},"content":{"rendered":"<p><strong>Glavna podru\u010dja znanstvenoga interesa<\/strong><\/p>\n<p>kognitivna i eksperimentalna psihologija, posebno psihologija jezika<\/p>\n<p>odnos jezika, mi\u0161ljenja i percepcije u okviru teorije konceptualnih metafora i teorije perceptivnih simbola<\/p>\n<p><strong>\u017divotopis<\/strong><\/p>\n<p>Osnovnu je \u0161kolu zavr\u0161ila u Zagrebu. Od 1990. do 1994. poha\u0111ala je prirodoslovno-matemati\u010dlku gimnaziju (V. Gimnazija, Zagreb), a nakon mature 1994. godine je upisala studij psihologije na Odsjeku za psihologiju Filozofskog fakulteta u Zagrebu. Diplomirala je 1999. godine s temom Raspolo\u017eenje kao determinanta promjene stava i stekla zvanje profesor psihologije. U studenom 2001. nagra\u0111ena je \u201cBujasovom zlatnom psihologijskom zna\u010dkom\u201d Hrvatskog psiholo\u0161kog dru\u0161tva za diplomski rad<\/p>\n<p>Nakon zavr\u0161enog studija do 2001. radi u Podravci d.o.o. kao istra\u017eiva\u010d tr\u017ei\u0161ta. U razdoblju od 2001. do 2003. godine radi tako\u0111er kao istra\u017eiva\u010d tr\u017ei\u0161ta u VIPnet-u d.o.o. Od svibnja 2003. godine zaposlena je kao znanstvena novakinja na Katedri za eksperimentalnu psihologiju Odsjeka za psihologiju Filozofskog fakulteta u Zagrebu.<\/p>\n<p>Poslijediplomski studij psihologije upisala je 2003. godine, zavr\u0161iv\u0161i ga uspje\u0161nom obranom magisterija 2007. godine s temom Kognitivna obrada i heterogenost izvora poruke kao odrednice manjinskog i ve\u0107inskog utjecaja . Sudjelovala je na tri me\u0111unarodne ljetne \u0161kole. U studenom 2011. godine obranila je doktorski rad pod nazivom Rije\u010di u prostoru: mentalna reprezentacija apstraktnih i konkretnih pojmova.<\/p>\n<p>Mirjana Tonkovi\u0107 je suradnik u nastavi iz kolegija Psihologijski praktikum 2, Psihologijski praktikum 3, Statistika u psihologiji 1 i Statistika u psihologiji 2. Bila je suvoditeljica 21. Ljetne psihologijske \u0161kole studenata i nastavnika Odsjeka za psihologijju Filozofskog fakulteta u Zagrebu.<\/p>\n<p>Sudjelovala je na ve\u0107em broju me\u0111unarodnih i doma\u0107ih konferencija i stru\u010dnih skupova.<\/p>\n<p>U zvanje vi\u0161eg asistenta izabrana je 2011. godine. U zvanje znanstvenog suradnika izabrana je 2012. godine.<\/p>\n<p>&nbsp;<\/p>\n<p><strong><a href=\"http:\/\/bib.irb.hr\/lista-radova?autor=257112\">Bibliografija<\/a><\/strong><\/p>\n","protected":false},"excerpt":{"rendered":"<p>Glavna podru\u010dja znanstvenoga interesa kognitivna i eksperimentalna psihologija, posebno psihologija jezika odnos jezika, mi\u0161ljenja i percepcije u okviru teorije konceptualnih metafora i teorije perceptivnih simbola \u017divotopis Osnovnu je \u0161kolu zavr\u0161ila u Zagrebu. Od 1990. do 1994. poha\u0111ala je prirodoslovno-matemati\u010dlku gimnaziju (V. Gimnazija, Zagreb), a nakon mature 1994. godine je upisala studij psihologije na Odsjeku za<a href=\"https:\/\/ihjj.hr\/metafore\/mirjana-tonkovic\/\">[&#8230;]<\/a><\/p>\n","protected":false},"author":2,"featured_media":0,"parent":0,"menu_order":0,"comment_status":"closed","ping_status":"closed","template":"","meta":{"footnotes":""},"class_list":["post-173","page","type-page","status-publish","hentry"],"translation":{"provider":"WPGlobus","version":"3.0.0","language":"hr","enabled_languages":["hr","en"],"languages":{"hr":{"title":true,"content":true,"excerpt":false},"en":{"title":false,"content":false,"excerpt":false}}},"_links":{"self":[{"href":"https:\/\/ihjj.hr\/metafore\/wp-json\/wp\/v2\/pages\/173","targetHints":{"allow":["GET"]}}],"collection":[{"href":"https:\/\/ihjj.hr\/metafore\/wp-json\/wp\/v2\/pages"}],"about":[{"href":"https:\/\/ihjj.hr\/metafore\/wp-json\/wp\/v2\/types\/page"}],"author":[{"embeddable":true,"href":"https:\/\/ihjj.hr\/metafore\/wp-json\/wp\/v2\/users\/2"}],"replies":[{"embeddable":true,"href":"https:\/\/ihjj.hr\/metafore\/wp-json\/wp\/v2\/comments?post=173"}],"version-history":[{"count":1,"href":"https:\/\/ihjj.hr\/metafore\/wp-json\/wp\/v2\/pages\/173\/revisions"}],"predecessor-version":[{"id":174,"href":"https:\/\/ihjj.hr\/metafore\/wp-json\/wp\/v2\/pages\/173\/revisions\/174"}],"wp:attachment":[{"href":"https:\/\/ihjj.hr\/metafore\/wp-json\/wp\/v2\/media?parent=173"}],"curies":[{"name":"wp","href":"https:\/\/api.w.org\/{rel}","templated":true}]}}