{"id":167,"date":"2015-09-14T18:22:13","date_gmt":"2015-09-14T18:22:13","guid":{"rendered":"http:\/\/ihjj.hr\/metafore\/?page_id=167"},"modified":"2016-01-25T10:18:11","modified_gmt":"2016-01-25T10:18:11","slug":"benedikt-perak","status":"publish","type":"page","link":"https:\/\/ihjj.hr\/metafore\/benedikt-perak\/","title":{"rendered":"Benedikt Perak"},"content":{"rendered":"<p><a href=\"http:\/\/ihjj.hr\/metafore\/wp-content\/uploads\/2015\/09\/ben1.jpg\"><img loading=\"lazy\" decoding=\"async\" class=\"alignnone size-medium wp-image-260\" src=\"http:\/\/ihjj.hr\/metafore\/wp-content\/uploads\/2015\/09\/ben1-300x169.jpg\" alt=\"ben1\" width=\"300\" height=\"169\" srcset=\"https:\/\/ihjj.hr\/metafore\/wp-content\/uploads\/2015\/09\/ben1-300x169.jpg 300w, https:\/\/ihjj.hr\/metafore\/wp-content\/uploads\/2015\/09\/ben1.jpg 960w\" sizes=\"auto, (max-width: 300px) 100vw, 300px\" \/><\/a><\/p>\n<p><strong>Benedikt Perak<\/strong><\/p>\n<p><a href=\"mailto:bperak@ffri.hr\">bperak@ffri.hr<\/a><\/p>\n<p>Zaposlen pri <a href=\"http:\/\/www.ffri.uniri.hr\/hr\/odsjeci-i-katedre\/kulturalni-studiji\/218-kulturologija.html\" target=\"_blank\">Odsjeku za kulturalne studije<\/a>, <a href=\"http:\/\/www.ffri.uniri.hr\/\" target=\"_blank\">Filozofski fakultet u Rijeci<\/a>, <a href=\"http:\/\/www.uniri.hr\/\" target=\"_blank\">Sveu\u010dili\u0161te u Rijeci<\/a>.<\/p>\n<p><strong>Obrazovanje:<\/strong><\/p>\n<p>2014 &#8211; Doktor znanosti, podru\u010dje humanisti\u010dkih znanosti, znanstveno polje filologije<\/p>\n<p>Benedikt Perak zavr\u0161io je op\u0107u lingvistiku i \u00a0indologiju pri Filozofskome fakultetu u Zagrebu, te doktorirao na istom fakultetu u podru\u010dju humanisti\u010dkih znanosti, znanstveno polje filologije temom\u00a0<em>Opojmljivanje leksema strah u hrvatskome. Sintakti\u010dko-semanti\u010dka analiza <\/em>pod mentorstvom dr.sc. Milene \u017dic-Fuchs<em>.<\/em> Usavr\u0161avao se na razli\u010ditim institucijama i me\u0111unarodnim radionicama i \u0161kolama iz podru\u010dja kognitivne lingvistike, korpusne lingvistike, teorije mre\u017ea i znanstvene komunikacije.<\/p>\n<p><strong>Istra\u017eiva\u010dki interesi:<\/strong><\/p>\n<p>Sredi\u0161nje podru\u010dje akademskog interesa vezano je uz analizu intersubjektivne komunikacije emocija, subjektivnih stanja i dru\u0161tvenih pojmova iz teorijske perspektive kognitivne lingvistike, utjelovljene spoznaje, afektivne znanosti, teorije emergencije i teorije mre\u017ea.<\/p>\n<p><strong>Obrazovna djelatnost:<\/strong><\/p>\n<p>Na Odsjeku za kulturalne studije izvodi kolegije na prediplopmskoj i diplomskoj razini:<\/p>\n<ul>\n<li>Jezik, mi\u0161ljenje i kultura<\/li>\n<li>Duhovnost i kultura<\/li>\n<li>Kognitivizam i kulturalni studiji<\/li>\n<li>Osnove digitalne humanistike I (Izrada mre\u017enih stranica)<\/li>\n<li>Osnove digitalne humanistike II (Multimedija)<\/li>\n<\/ul>\n<p><strong>\u010clanstvo u\u00a0znanstvenim i strukovnim institucijama i organizacijama:<\/strong><\/p>\n<ul>\n<li>Cognitive Linguistics Association (<a href=\"http:\/\/www.cognitivelinguistics.org\" target=\"_blank\">ICLA<\/a>),<\/li>\n<li>International Society for Research on Emotion (<a href=\"https:\/\/isre.org\/\" target=\"_blank\">ISRE<\/a>),<\/li>\n<li>Hrvatsko dru\u0161tvo za primijenjenu lingvistiku (<a href=\"http:\/\/hdpl.hdpl.hr\/home\" target=\"_blank\">HDPL<\/a>): (Web urednik).<\/li>\n<li>Centar za jezi\u010dna istra\u017eivanja (<a href=\"http:\/\/cji.uniri.hr\/\" target=\"_blank\">CJI-RI<\/a>), Filozofski fakultet, Sveu\u010dili\u0161te u Rijeci. (Tajnik, Web urednik)<\/li>\n<li>Hrvatsko dru\u0161tvo za jezi\u010dne tehnologije (<a href=\"http:\/\/www.hdjt.hr\" target=\"_blank\">HDJT<\/a>)<\/li>\n<\/ul>\n<p><strong><a href=\"http:\/\/bib.irb.hr\/lista-radova?autor=324151\">Popis radova na Hrvatskoj znanstvenoj bibliografiji<\/a><\/strong><\/p>\n<p><strong>Izbor iz bibliografije:<\/strong><\/p>\n<ul>\n<li>Perak, Benedikt The role of metonymy in the constructionist approach to the conceptualization of emotions. In: Barcelona, Antonio &amp; Blanco-Carrion, Olga (eds.) Describing Conceptual Metonymy in Languages: From morpheme to discourse. John Benjamins. (prihva\u0107eno za objavu, u pripremi za tisak 2016)<\/li>\n<li>Perak, Benedikt (2015). Tematske i agentivne konstrukcije straha izvedene iz opojmljivanja unutarmjesnoga prostornog odnosa kodiranog prijedlogom u. Pozna\u0144skie Studia Slawistyczne. 9. (ISSN 2084-3011).<\/li>\n<li>Perak, Benedikt (2011) The role of Embodied Cognition in Conceptualization of the Emotional Categories. Context, Review for Comparative Literature and Cultural Research. 9; (ISSN 1857-7377) 193-1-212-20.<\/li>\n<li>Perak, Benedikt (2011) Jezi\u010dno opojmljivanje iskustva svetog. Doprinosi kognitivne lingvistike kognitivnim znanostima o religiji. U: Primorac, Zoran (ur.) Suvremena znanost i vjera. Mostar: Fakultet prirodoslovno-matemati\u010dkih i odgojnih znanosti Sveu\u010dili\u0161ta u Mostaru. Str. 241-272. (ISBN 978-9958-690-81-5)<\/li>\n<li>Perak, Benedikt (2010) Prema kognitivnoznanstvenom shva\u0107anju iskustva svetoga. Filozofska istra\u017eivanja. 30 , 1\/2; 237-267 (ISSN 0351-4706).<\/li>\n<\/ul>\n<p><strong>Znanstvene mre\u017ee<\/strong><\/p>\n<ul>\n<li><a href=\"https:\/\/scholar.google.hr\/citations?user=8kW9x1MAAAAJ&amp;hl=hr&amp;oi=ao\" target=\"_blank\">@scholar.google.hr<\/a><\/li>\n<li><a href=\"https:\/\/www.researchgate.net\/profile\/Benedikt_Perak\" target=\"_blank\">@researchgate.net<\/a><\/li>\n<li><a href=\"https:\/\/uniri.academia.edu\/BenediktPerak\" target=\"_blank\">@academia.edu<\/a><\/li>\n<\/ul>\n<p><strong>Ostalo<\/strong><\/p>\n<p>Benedikt Perak bavi se prakticiranjem i podu\u010davanjem joge, te je predsjednik Dru\u0161tva za rekreaciju <em>Yoga, Rijeka<\/em> i suradnik na provo\u0111enju kolegija Tjelesna i zdravstvena kultura pri Filozofskom fakultetu u Rijeci.<\/p>\n<p>U slobodno vrijeme bavi se sviranjem gitare i <a href=\"https:\/\/soundcloud.com\/benedikt-perak\" target=\"_blank\">glazbenom produkcijom<\/a>.<\/p>\n","protected":false},"excerpt":{"rendered":"<p>Benedikt Perak bperak@ffri.hr Zaposlen pri Odsjeku za kulturalne studije, Filozofski fakultet u Rijeci, Sveu\u010dili\u0161te u Rijeci. Obrazovanje: 2014 &#8211; Doktor znanosti, podru\u010dje humanisti\u010dkih znanosti, znanstveno polje filologije Benedikt Perak zavr\u0161io je op\u0107u lingvistiku i \u00a0indologiju pri Filozofskome fakultetu u Zagrebu, te doktorirao na istom fakultetu u podru\u010dju humanisti\u010dkih znanosti, znanstveno polje filologije temom\u00a0Opojmljivanje leksema strah<a href=\"https:\/\/ihjj.hr\/metafore\/benedikt-perak\/\">[&#8230;]<\/a><\/p>\n","protected":false},"author":2,"featured_media":0,"parent":0,"menu_order":0,"comment_status":"closed","ping_status":"closed","template":"","meta":{"footnotes":""},"class_list":["post-167","page","type-page","status-publish","hentry"],"translation":{"provider":"WPGlobus","version":"3.0.0","language":"hr","enabled_languages":["hr","en"],"languages":{"hr":{"title":true,"content":true,"excerpt":false},"en":{"title":false,"content":false,"excerpt":false}}},"_links":{"self":[{"href":"https:\/\/ihjj.hr\/metafore\/wp-json\/wp\/v2\/pages\/167","targetHints":{"allow":["GET"]}}],"collection":[{"href":"https:\/\/ihjj.hr\/metafore\/wp-json\/wp\/v2\/pages"}],"about":[{"href":"https:\/\/ihjj.hr\/metafore\/wp-json\/wp\/v2\/types\/page"}],"author":[{"embeddable":true,"href":"https:\/\/ihjj.hr\/metafore\/wp-json\/wp\/v2\/users\/2"}],"replies":[{"embeddable":true,"href":"https:\/\/ihjj.hr\/metafore\/wp-json\/wp\/v2\/comments?post=167"}],"version-history":[{"count":7,"href":"https:\/\/ihjj.hr\/metafore\/wp-json\/wp\/v2\/pages\/167\/revisions"}],"predecessor-version":[{"id":439,"href":"https:\/\/ihjj.hr\/metafore\/wp-json\/wp\/v2\/pages\/167\/revisions\/439"}],"wp:attachment":[{"href":"https:\/\/ihjj.hr\/metafore\/wp-json\/wp\/v2\/media?parent=167"}],"curies":[{"name":"wp","href":"https:\/\/api.w.org\/{rel}","templated":true}]}}