{"id":162,"date":"2015-09-14T18:10:26","date_gmt":"2015-09-14T18:10:26","guid":{"rendered":"http:\/\/ihjj.hr\/metafore\/?page_id=162"},"modified":"2015-09-15T09:31:49","modified_gmt":"2015-09-15T09:31:49","slug":"mario-essert","status":"publish","type":"page","link":"https:\/\/ihjj.hr\/metafore\/mario-essert\/","title":{"rendered":"Mario Essert"},"content":{"rendered":"<p><a href=\"http:\/\/ihjj.hr\/metafore\/wp-content\/uploads\/2015\/09\/Mario_Essert_-_fsb1.jpg1.jpg\"><img loading=\"lazy\" decoding=\"async\" class=\"alignnone size-full wp-image-163\" src=\"http:\/\/ihjj.hr\/metafore\/wp-content\/uploads\/2015\/09\/Mario_Essert_-_fsb1.jpg1.jpg\" alt=\"Mario_Essert_-_fsb.jpg\" width=\"124\" height=\"181\" \/><\/a><\/p>\n<p>Datum ro\u0111enja: 25.08.1954.<\/p>\n<p>Mjesto ro\u0111enja: Ston<\/p>\n<p><strong>Obrazovanje:<\/strong><\/p>\n<p>Dipl. ing. elektrotehnike \u2013 1977. Elektrotehni\u010dki fakultet (ETF) Sveu\u010dili\u0161ta u Zagrebu.<\/p>\n<p>Mr.sc. \u2013 1982. Elektrotehni\u010dki fakultet (ETF) Sveu\u010dili\u0161ta u Zagrebu. \u201eRazvoj programa za obradu signala na ra\u010dunalu\u201c, mentor prof.dr.sc. Hrvoje Babi\u0107.<\/p>\n<p>Dr.sc. \u2013 13.5.1986. Elektrotehni\u010dki fakultet (ETF) Sveu\u010dili\u0161ta u Zagrebu, \u201eAlgoritmi konstrukcije dvoravnina\u201c, mentor prof.dr.sc. Vladimir \u0106epuli\u0107.<\/p>\n<p><strong>Zaposlenje:<\/strong><\/p>\n<p>1977. \u2013 1979. SOUR \u201eRade Kon\u010dar\u201c, Zagreb<\/p>\n<p>1979. \u2013 1988. asistent, FSB Zagreb.<\/p>\n<p>1989. \u2013 1995. docent, FSB Zagreb 1995. \u2013 izvanredni profesor, FSB Zagreb.<\/p>\n<p><strong>Specijalizacije i me\u0111unarodna suradnja:<\/strong><\/p>\n<p>1978. \u2013 specijalizacija za Terradyne dijagnosti\u010dki sustav, Pariz, Francuska.<\/p>\n<p>Od 1984. \u010dlan Seminara za kona\u010dnu matematiku na Elektrotehni\u010dkom fakultetu, kojeg vodi prof.dr. Vladimir \u0106epuli\u0107. Kao \u010dlan tog seminara bio je sudionik triju me\u0111unarodnih suradnja, odnosno projekata: 1. me\u0111usveu\u010dili\u0161ne suradnje Mainz &#8211; Zagreb na temi: &#8220;Istra\u017eivanje matemati\u010dkih struktura s pomo\u0107u ra\u010dunala&#8221;,<\/p>\n<p>1986-1988. 2. me\u0111usveu\u010dili\u0161ne suradnje Kijev &#8211; Zagreb na temi: &#8220;Kona\u010dne matemati\u010dke strukture i njihove primjene&#8221;,<\/p>\n<p>1987-1990. 3. me\u0111unarodne suradnje s NR Kinom (me\u0111udr\u017eavni ugovor), Matemati\u010dki odjel sveu\u010dili\u0161ta u Hangzhouu &#8211; ETF Zagreb, na temi: &#8220;Istra\u017eivanje blokovnih nacrta, algoritmi i programi njihove konstrukcije &#8220;,<\/p>\n<p>1988-1990. Od svibnja 1990. do lipnja 1991. s pomo\u0107u stipendija Komisije Europske zajednice sudjelovao je na znanstvenom projektu prof. dr. Zvonimira Janka: &#8220;The application of supercomputers for the construction of symmetrical block designs&#8221; na Matemati\u010dkom Institutu Sveu\u010dili\u0161ta u Heidelbergu. Na poziv prof. dr. Kre\u0161imira Veseli\u0107a s Instituta matemati\u010dke fizike Fern Universiteta Hagen boravio je njegovom zavodu u listopadu 1999. i svibnju 2001. Zapo\u010deta je suradnja na projektu &#8220;Distance learning math&#8221;.<\/p>\n","protected":false},"excerpt":{"rendered":"<p>Datum ro\u0111enja: 25.08.1954. Mjesto ro\u0111enja: Ston Obrazovanje: Dipl. ing. elektrotehnike \u2013 1977. Elektrotehni\u010dki fakultet (ETF) Sveu\u010dili\u0161ta u Zagrebu. Mr.sc. \u2013 1982. Elektrotehni\u010dki fakultet (ETF) Sveu\u010dili\u0161ta u Zagrebu. \u201eRazvoj programa za obradu signala na ra\u010dunalu\u201c, mentor prof.dr.sc. Hrvoje Babi\u0107. Dr.sc. \u2013 13.5.1986. Elektrotehni\u010dki fakultet (ETF) Sveu\u010dili\u0161ta u Zagrebu, \u201eAlgoritmi konstrukcije dvoravnina\u201c, mentor prof.dr.sc. Vladimir \u0106epuli\u0107. Zaposlenje:<a href=\"https:\/\/ihjj.hr\/metafore\/mario-essert\/\">[&#8230;]<\/a><\/p>\n","protected":false},"author":2,"featured_media":0,"parent":0,"menu_order":0,"comment_status":"closed","ping_status":"closed","template":"","meta":{"footnotes":""},"class_list":["post-162","page","type-page","status-publish","hentry"],"translation":{"provider":"WPGlobus","version":"3.0.0","language":"hr","enabled_languages":["hr","en"],"languages":{"hr":{"title":true,"content":true,"excerpt":false},"en":{"title":false,"content":false,"excerpt":false}}},"_links":{"self":[{"href":"https:\/\/ihjj.hr\/metafore\/wp-json\/wp\/v2\/pages\/162","targetHints":{"allow":["GET"]}}],"collection":[{"href":"https:\/\/ihjj.hr\/metafore\/wp-json\/wp\/v2\/pages"}],"about":[{"href":"https:\/\/ihjj.hr\/metafore\/wp-json\/wp\/v2\/types\/page"}],"author":[{"embeddable":true,"href":"https:\/\/ihjj.hr\/metafore\/wp-json\/wp\/v2\/users\/2"}],"replies":[{"embeddable":true,"href":"https:\/\/ihjj.hr\/metafore\/wp-json\/wp\/v2\/comments?post=162"}],"version-history":[{"count":3,"href":"https:\/\/ihjj.hr\/metafore\/wp-json\/wp\/v2\/pages\/162\/revisions"}],"predecessor-version":[{"id":169,"href":"https:\/\/ihjj.hr\/metafore\/wp-json\/wp\/v2\/pages\/162\/revisions\/169"}],"wp:attachment":[{"href":"https:\/\/ihjj.hr\/metafore\/wp-json\/wp\/v2\/media?parent=162"}],"curies":[{"name":"wp","href":"https:\/\/api.w.org\/{rel}","templated":true}]}}