{"id":16,"date":"2015-09-10T09:37:32","date_gmt":"2015-09-10T09:37:32","guid":{"rendered":"http:\/\/ihjj.hr\/metafore\/?page_id=16"},"modified":"2020-09-21T12:38:57","modified_gmt":"2020-09-21T12:38:57","slug":"projektne-publikacije","status":"publish","type":"page","link":"https:\/\/ihjj.hr\/metafore\/projektne-publikacije\/","title":{"rendered":"Projektne publikacije"},"content":{"rendered":"<p><strong>Knjige<\/strong><\/p>\n<ol>\n<li>Brdar, Mario. 2017.\u00a0<em>Word Formation and Metonymy<\/em>. Cambridge Scholars Publishing.<\/li>\n<li>Bolognesi, Marianna; Brdar, Mario; Despot, Kristina (ur.). 2019.\u00a0<strong><i><a href=\"https:\/\/benjamins.com\/catalog\/milcc.8\">Metaphor and Metonymy in the Digital Age. Theory and Methods for Building Repositories of Figurative Language<\/a><\/i><i><a href=\"https:\/\/benjamins.com\/catalog\/milcc.8\">Theory and Methods for Building Repositories of Figurative Language<\/a><\/i><\/strong><strong>.\u00a0<\/strong>John Benjamins Publishing Company. Amsterdam.<\/li>\n<\/ol>\n<p><strong>Znanstveni radovi:<\/strong><\/p>\n<ol>\n<li>Brdar, Mario. 2015. <a href=\"https:\/\/bib.irb.hr\/prikazi-rad?&amp;lang=EN%20Croatian%20Scientific%20Biblography%20CROSBI&amp;rad=787788\">On iconicity in word-formation: The case of\u00a0embellished clippings in English &#8220;Down Under&#8221; and their counterparts in\u00a0other languages Reference<\/a>.\u00a0<em>Dimenzije zna\u010denja<\/em>, ur.\u00a0Branimir Belaj.\u00a0Zagreb: Filozofski fakultet Sveu\u010dili\u0161ta u Zagrebu, 63-83. <strong>A2<\/strong><\/li>\n<li>Perak, Benedikt. 2015. <a href=\"https:\/\/bib.irb.hr\/datoteka\/728326.Perak_Tematske_i_agentivne_konstrukcije-U-Strah.pdf\">Tematske i agentivne konstrukcije straha izvedene iz\u00a0opojmljivanja unutarmjesnoga prostornog odnosa kodiranog prijedlogom <em>u<\/em><\/a>.\u00a0<em>Pozna\u0144skie Studia Slawistyczne<\/em> 9: 329-348. <strong>A1<\/strong><\/li>\n<li>\u0160trkalj Despot, Kristina. 2014. <a href=\"http:\/\/www.srednja-europa.hr\/knjiga_mateusz-milan-stanojevic-ur-metafore-koje-istrazujemo_159.html\">Konceptualna metafora i dijakronija: o evoluciji metafori\u010dkoga uma u hrvatskom jeziku<\/a>. Metafore koje istra\u017eujemo. <em>Suvremeni uvidi u konceptualnu metaforu,<\/em>\u00a0ur. Mateusz-Milan Stanojevi\u0107. Zagreb: Srednja Europa, str. 63\u201391. <strong>A2<\/strong><\/li>\n<li>\u0160trkalj Despot, Kristina. 2015. <a href=\"http:\/\/struna.ihjj.hr\/page\/objavljeni-radovi\/\">Metafora i terminologija: metafori\u010dki i metonimijski konceptualni sustavi u hrvatskom nazivlju za pravne pojmove Europske unije.<\/a> <em>Od \u0160uleka do Schengena: Terminolo\u0161ki, terminografski i prijevodni aspekti jezika struke,\u00a0<\/em>ur. Maja Bratani\u0107, Ivana Bra\u010d, Boris Pritchard. Zagreb: Institut za hrvatski jezik i jezikoslovlje, 197\u2013223. <strong>A2<\/strong><\/li>\n<li>\u0160trkalj Despot, Kristina. 2015.\u00a0<a href=\"filfile:\/\/C:\/Users\/Kristina%20Despot\/Downloads\/05_STKALJ_DESPOT_gotovo%20(1).pdf\">Pogled u e-leksikografiju<\/a>.\u00a0<em>Rasprave<\/em>:<em> \u010casopis Instituta za hrvatski jezik i jezikoslovlje<\/em>\u00a041\/2. 329\u2013353. <strong>Q2<\/strong><\/li>\n<li>Tomi\u0107, Ivan; Tonkovi\u0107, Mirjana; Ivanec, D. 2015. <a href=\"https:\/\/drive.google.com\/open?id=0BwT0IMYHumTVVkpWckJ1Vnl6ODg\">Movement and time perception within linguistic and non-linguistic domain<\/a>. <em>19th Conference of the European Society for Cognitive Psychology, Paphos, Cipar, 17th \u2013 20th September, 2015,<\/em> Paphos, Cipar <strong>A1<\/strong><\/li>\n<li>Brdar, Mario. 2015. <a href=\"http:\/\/hrcak.srce.hr\/file\/223537\">Metonymic chains and synonymy<\/a>. <em>Fluminensia<\/em> 27\/2. 257\u2012276. <strong>Q3<\/strong><\/li>\n<li>Brdar, Mario. 2016. <a href=\"http:\/\/bib.irb.hr\/prikazi-rad?rad=740598\">Going productive with metonymy<\/a>. U: I. Z. Dinkovic iJ. M. Djigunovic (ur.). <em>English Studies from Archives to Prospects: Volume 2; Linguistics and Applied Linguistics<\/em>. Newcastle upon Tyne: Cambridge Scholars Publishing. 57\u201272. <strong>A1<\/strong><\/li>\n<li>Pand\u017ei\u0107, Ivan. 2015. <a href=\"http:\/\/hrcak.srce.hr\/150047\">Oblikovanje korjenovatelja za hrvatski jezik<\/a>. <em>Rasprave: \u010casopis Instituta za hrvatski jezik i jezikoslovlje<\/em> 41\/2. http:\/\/hrcak.srce.hr\/index.php?show=clanak&amp;id_clanak_jezik=220921 <strong>Q2<\/strong><\/li>\n<li>Brdar, Mario. 2016.<a href=\"https:\/\/www.stin.hr\/multimedia\/hrvatski-sintakticki-dani-2015-program.pdf\"> Why Modri\u0107 and Real rather than Real and Modri\u0107? On the order of proper names under coordination<\/a>. <em>Jezikoslovlje<\/em> 17\/1\u20122. 427\u2012445. <strong>Q3<\/strong><\/li>\n<li>Brdar, Mario; Brdar-Szab\u00f3, Rita; Kugler, N. 2016. <a href=\"http:\/\/www.veszelszki.hu\/megjelent-a-generaciok-nyelve-koetet.html\">A t\u00f6bbs\u00e9g -\u00e9k jeles kifejez\u00e9s\u00e9nek nyelvv\u00e1ltoz\u00e1si folyamata<\/a>. U: G. Bal\u00e1zs &amp; \u00c1. Veszelszki (ur.). <em>Gener\u00e1ci\u00f3k nyelve: Tanulm\u00e1nyk\u00f6tet<\/em>. Budapest: Inter; Magyar Szemiotikai T\u00e1rsas\u00e1g; ELTE Mai Magyar Nyelvi Tansz\u00e9k. 319\u2012331. <strong>A1<\/strong><\/li>\n<li>Perak, Benedikt. 2017. Pojmovne mre\u017ee leksema neugodnih i nepobu\u0111enih emocija. Usporedba pojmova tuga, jad, \u017ealost, depresija i sjeta u koordiniranoj konstrukciji. U:\u00a0<em>Jezik kao predmet prou\u010davanja i jezik kao predmet pou\u010davanja Zbornik radova s me\u0111unarodnoga znanstvenog skupa Hrvatskoga dru\u0161tva za primijenjenu lingvistiku.\u00a0<\/em>Ur. Stolac, Diana; Vlasteli\u0107, Anastazija. Zagreb. Srednja Europa. 297\u2013317. <strong>A2<\/strong><\/li>\n<li>Perak, Benedikt. 2017. Conceptualisation of the Emotion Terms: Structuring, Categorisation, Metonymic and Metaphoric Processes within Multi-layered Graph Representation of the Syntactic and Semantic Analysis of Corpus Data. U:\u00a0<em>Cognitive Modelling in Language and Discourse across Cultures<\/em>. Ur. Baicchi, Annalisa i Erica Pinelli. Newcastle upon Tyne. Cambridge Scholars Publishing. <strong>A1<\/strong><\/li>\n<li>Brdar, Mario;\u00a0 Brdar-Szab\u00f3, Rita. 2017. How metonymy and grammar interact Some effects and constraints in a cross-linguistic perspective. <em>Studies in Figurative Thought and Language<\/em>. Ur. Angeliki Athanasiadou. John Benjamins Publishing Company. <strong>A1<\/strong><\/li>\n<li>Brdar, Mario;\u00a0 Brdar-Szab\u00f3, Rita. 2017.\u00a0Moving-time and moving-ego metaphors from a translational and a contrastive linguistic perspective. <em>Research in Language\u00a0<\/em>15. De Gruyter Open. DOI: 10.1515\/rela-2017-0012 <strong>Q2<\/strong><\/li>\n<li>Brdar, Mario;\u00a0 Brdar-Szab\u00f3, Rita. 2017.\u00a0Doing Tsukahara and the Epley in a cross-linguistic perspective. <em>Constructing Families of Constructions. Analytical perspectives and theoretical challenges<\/em>. Ur. Francisco Jos\u00e9 Ruiz de Mendoza Ib\u00e1\u00f1ez, Alba Luzondo Oy\u00f3n i Paula P\u00e9rez Sobrino. John Benjamins Publishing Company. <strong>A1<\/strong><\/li>\n<li>Brdar, Mario;\u00a0 Brdar-Szab\u00f3, Rita. 2017. On constructional blocking of metonymies. A cross-linguistic view. <em>Review of Cognitive Linguistics<\/em> 15:1 (2017). 184\u2013224. John Benjamins Publishing Company.\u00a0doi 10.1075\/rcl.15.1.08brd <strong>Q2<\/strong><\/li>\n<li>\u00a0Brdar, Mario. 2017. Intensification and metonymy in some XYZ constructions: from the Bible to Einstein. <em>Research in Language\u00a0<\/em>15<em>. <\/em>De Gruyter Open. <strong>Q2<\/strong><\/li>\n<li>Perak, Benedikt. 2017. The role of metonymy in the constructionist approach to the conceptualization of emotions. U: Barcelona, A. i Blanco-Carrion, O. (ur.).\u00a0<em>Describing Conceptual Metonymy in Languages: From morpheme to discourse<\/em>. John Benjamins Publishing Company. <strong>A1<\/strong><\/li>\n<li>Essert, Mario; Kuzmanovi\u0107, Ivana; Vazler, Ivan; \u017dili\u0107, Tihomir. 2017. Theory of M-system. <em>Logic Journal of the IGPL<\/em>, Volume 25, Issue 5, 836\u2013858. https:\/\/doi.org\/10.1093\/jigpal\/jzx025 <strong>Q1<\/strong><\/li>\n<li>Brdar, Mario; Brdar-Szab\u00f3, Rita; Perak, Benedikt. 2017. Separating (non-)figurative weeds from wheat. <em>Studies in Figurative Thought and Language<\/em>. Ur. Angeliki Athanasiadou. Benjamins Publishing Company. <strong>A1<\/strong><\/li>\n<li>Ostanina-Olszewska, Julia; Despot, Kristina \u0160trkalj. 2017. When soul is lost in translation: Metaphorical conceptions of soul in Dostoyevsky\u2019s original \u0411\u0440\u0430\u0442\u044c\u044f \u041a\u0430\u0440\u0430\u043c\u0430\u0437\u043e\u0432\u044b (The Brothers Karamazov) and its translations into Polish, Croatian and English. <em>Cognitive Studies | \u00c9tudes cognitives<\/em>, 2017(17). https:\/\/doi.org\/10.11649\/cs.1319 <strong>A1<\/strong><\/li>\n<li>2018. Kosem, I., Lew, R., M\u00fcller-Spitzer, K. et al.\u00a0<a href=\"https:\/\/academic.oup.com\/ijl\/advance-article-abstract\/doi\/10.1093\/ijl\/ecy022\/5237031?redirectedFrom=fulltext\">The image of the monolingual dictionary across Europe. Results of the European survey of dictionary use and culture<\/a>.<em>International Journal of Lexicography\u00a0<\/em>2018. 1\u201323. Oxford University Press. Oxford. doi: 10.1093\/ijl\/ecy022 <strong>Q1<\/strong><\/li>\n<li>2018. Gantar, P., Despot, K. \u0160., Krek, S., Ljube\u0161i\u0107, N.\u00a0<a href=\"http:\/\/nl.ijs.si\/jtdh18\/JTDH-2018-Proceedings.pdf\">Towards Semantic Role Labeling in Slovene and Croatian.<\/a>\u00a0<i>Proceedings of the Conference on Language Technologies &amp; Digital Humanities, Ljubljana ,\u00a0<\/i>(ur. Fi\u0161er D. i Pan\u010dur A.) 93\u201399. <strong>A1<\/strong><\/li>\n<li>2019. Despot, K., Tonkovi\u0107, M., Brdar, M., Essert, M., Perak, B., Ostro\u0161ki Ani\u0107, A., Nahod, B., Pand\u017ei\u0107, I. MetaNet.HR: Croatian Metaphor Repository. U: Bolognesi, M., Brdar, M., Despot, K. (ur.).\u00a0<em><a href=\"https:\/\/benjamins.com\/catalog\/milcc.8\">Metaphor and Metonymy in the Digital Age<\/a>.<\/em>\u00a0123\u2013146. John Benjamins Publishing Company. Amsterdam.<\/li>\n<li>2019. Bolognesi, M., Despot, K. Fantastic metaphors and where to find them. U: Bolognesi, M., Brdar, M., Despot, K. (ur.).\u00a0<em><a href=\"https:\/\/benjamins.com\/catalog\/milcc.8\">Metaphor and Metonymy in the Digital Age<\/a>.<\/em>\u00a01\u201323. John Benjamins Publishing Company. Amsterdam.<\/li>\n<li>2019. \u0160trkalj Despot, K., Hude\u010dek, L., Stojanov, T., Ljube\u0161i\u0107, N.\u00a0<a href=\"https:\/\/revije.ff.uni-lj.si\/slovenscina2\/article\/view\/8170\">State-of-the-art on monolingual lexicography for Croatia (Croatian)<\/a>.\u00a0<em>Sloven\u0161\u010dina 2.0<\/em>\u00a07, 1. 65\u201377. <strong>A1<\/strong><\/li>\n<li>2020. Tonkovi\u0107, M., Brdar, M., Despot, K. \u0160.\u00a0<a href=\"https:\/\/benjamins.com\/catalog\/msw.18032.ton\">Is a difficult task literally heavy? Weight biases difficulty judgements.<\/a>\u00a0<em>Metaphor and the Social World\u00a0<\/em>10, 1. 99\u2013118<em>. <\/em><strong>Q1<\/strong><br \/>\n<hr \/>\n<p><strong>Ostali radovi:<\/strong><\/li>\n<\/ol>\n<ol>\n<li>Brdar, Mario (2015). Kognitivna gramatika i hrvatske imenske sintagme. (prikaz knjige &#8220;Kognitivna gramatika hrvatskoga\u00a0jezika:\u00a0Imenska sintagma i sintaksa pade\u017ea&#8221;, Branimir Belaj, Goran Tanackovi\u0107 Faletar).\u00a0<em>Fluminensia\u00a0<\/em>27.1: 166-169.<\/li>\n<li>Pand\u017ei\u0107, Ivan (2015). <a href=\"https:\/\/drive.google.com\/file\/d\/0BzBxObjmH8JhZHVQNzREMlE5Vk0\/view?usp=sharing\">Razumiju li ra\u010dunala hrvatski jezik<\/a>? <em>Hrvatski jezik<\/em> 2\/2. 29\u201330.<\/li>\n<li>Ostro\u0161ki Ani\u0107, Ana. (2014). Od izvorne do ciljne domene na deset na\u010dina (prikaz knjige &#8220;Metafore koje istra\u017eujemo: suvremeni uvidi u konceptualnu metaforu&#8221;, ur.\u00a0Mateusz-Milan Stanojevi\u0107. Zagreb: Srednja Europa). <em>Rasprave: \u010casopis Instituta za hrvatski jezik i jezikoslovlje<\/em>\u00a041.1: 208\u2013214.<\/li>\n<li>Tomic, I., Tonkovic, M. (2015). Movement and time perception in linguistic and non-linguistic domain. <em>19th Conference of the European Society for Cognitive Psychology<\/em>, 17 -20 September, Paphos, Cyprus.<\/li>\n<li>Tonkovi\u0107, M., Tomi\u0107, I., Vrani\u0107, A. (2015). Sli\u010dno je u blizini? Provjera postavki teorije konceptualnih metafora. <em>22. psihologijski skup Dani Ramira i Zorana Bujasa<\/em>, 16.- 18. travnja 2015., Sa\u017eeci priop\u0107enja: str. 222.<\/li>\n<li>Pand\u017ei\u0107, Ivan; Stojanov, Tomislav. 2015. <a href=\"https:\/\/drive.google.com\/file\/d\/0BzBxObjmH8JhRDNUMTNRcUFyVkk\/view?usp=sharing\">\u010cestotnost u hrvatskome jeziku ili \u0161to je suvremeni hrvatski jezik<\/a>? <em>Hrvatski jezik<\/em> 3\/2.<\/li>\n<li>\u0160trkalj Despot, Kristina. 2016. Metafore u (hrvatskoj) politici.\u00a0<i>Hrvatski jezik. Znanstveno-popularni \u010dasopis za kulturu hrvatskoga jezika\u00a0<\/i>3\/4. 1\u20135.<\/li>\n<li>\u0160trkalj Despot, K. 2020.\u00a0<a href=\"https:\/\/hrcak.srce.hr\/index.php?show=clanak&amp;id_clanak_jezik=348476\">Kako koronavirus mijenja jezik kojim govorimo (i mislimo)?<\/a><i>Hrvatski jezik. Znanstveno-popularni \u010dasopis za kulturu hrvatskoga jezika\u00a0<\/i>7\/2. 1\u20137<\/li>\n<\/ol>\n","protected":false},"excerpt":{"rendered":"<p>Knjige Brdar, Mario. 2017.\u00a0Word Formation and Metonymy. Cambridge Scholars Publishing. Bolognesi, Marianna; Brdar, Mario; Despot, Kristina (ur.). 2019.\u00a0Metaphor and Metonymy in the Digital Age. Theory and Methods for Building Repositories of Figurative LanguageTheory and Methods for Building Repositories of Figurative Language.\u00a0John Benjamins Publishing Company. Amsterdam. Znanstveni radovi: Brdar, Mario. 2015. On iconicity in word-formation: The<a href=\"https:\/\/ihjj.hr\/metafore\/projektne-publikacije\/\">[&#8230;]<\/a><\/p>\n","protected":false},"author":1,"featured_media":0,"parent":0,"menu_order":0,"comment_status":"closed","ping_status":"closed","template":"","meta":{"footnotes":""},"class_list":["post-16","page","type-page","status-publish","hentry"],"translation":{"provider":"WPGlobus","version":"3.0.0","language":"hr","enabled_languages":["hr","en"],"languages":{"hr":{"title":true,"content":true,"excerpt":false},"en":{"title":true,"content":true,"excerpt":false}}},"_links":{"self":[{"href":"https:\/\/ihjj.hr\/metafore\/wp-json\/wp\/v2\/pages\/16","targetHints":{"allow":["GET"]}}],"collection":[{"href":"https:\/\/ihjj.hr\/metafore\/wp-json\/wp\/v2\/pages"}],"about":[{"href":"https:\/\/ihjj.hr\/metafore\/wp-json\/wp\/v2\/types\/page"}],"author":[{"embeddable":true,"href":"https:\/\/ihjj.hr\/metafore\/wp-json\/wp\/v2\/users\/1"}],"replies":[{"embeddable":true,"href":"https:\/\/ihjj.hr\/metafore\/wp-json\/wp\/v2\/comments?post=16"}],"version-history":[{"count":28,"href":"https:\/\/ihjj.hr\/metafore\/wp-json\/wp\/v2\/pages\/16\/revisions"}],"predecessor-version":[{"id":1124,"href":"https:\/\/ihjj.hr\/metafore\/wp-json\/wp\/v2\/pages\/16\/revisions\/1124"}],"wp:attachment":[{"href":"https:\/\/ihjj.hr\/metafore\/wp-json\/wp\/v2\/media?parent=16"}],"curies":[{"name":"wp","href":"https:\/\/api.w.org\/{rel}","templated":true}]}}