{"id":12,"date":"2015-09-10T09:37:13","date_gmt":"2015-09-10T09:37:13","guid":{"rendered":"http:\/\/ihjj.hr\/metafore\/?page_id=12"},"modified":"2016-01-06T16:10:31","modified_gmt":"2016-01-06T16:10:31","slug":"istrazivacki-tim","status":"publish","type":"page","link":"https:\/\/ihjj.hr\/metafore\/istrazivacki-tim\/","title":{"rendered":"Istra\u017eiva\u010dki tim"},"content":{"rendered":"<div class=\"col-lg-3 col-sm-3 team-box\">\n<div class=\"team-member\">\n<div class=\"member-details\">\n<h5 class=\"dark-text red-border-bottom\"><strong>DR. SC. KRISTINA \u0160TRKALJ DESPOT<\/strong><\/h5>\n<div class=\"position\">Voditeljica projekta<\/div>\n<\/div>\n<div class=\"social-icons\"><\/div>\n<\/div>\n<\/div>\n<div class=\"col-lg-3 col-sm-3 team-box\">\n<div class=\"team-member\">\n<div class=\"member-details\">\n<h5 class=\"dark-text red-border-bottom\"><strong>PROF. DR. MARIO BRDAR<\/strong><\/h5>\n<div class=\"position\">Savjetnik za kognitivnolingvisti\u010dku analizu<\/div>\n<\/div>\n<div class=\"social-icons\"><\/div>\n<\/div>\n<\/div>\n<div class=\"col-lg-3 col-sm-3 team-box\">\n<div class=\"team-member\">\n<div class=\"member-details\">\n<h5 class=\"dark-text red-border-bottom\">PROF. DR. MARIO ESSERT<\/h5>\n<div class=\"position\">Voditelj ra\u010dunalnoga tima<\/div>\n<\/div>\n<div class=\"social-icons\"><\/div>\n<\/div>\n<\/div>\n<div class=\"col-lg-3 col-sm-3 team-box\">\n<div class=\"team-member\">\n<div class=\"member-details\">\n<h5 class=\"dark-text red-border-bottom\">DR. SC. MIRJANA TONKOVI\u0106<\/h5>\n<div class=\"position\">Kognitivni psiholog<\/div>\n<\/div>\n<div class=\"social-icons\"><\/div>\n<\/div>\n<\/div>\n<div class=\"col-lg-3 col-sm-3 team-box\">\n<div class=\"team-member\">\n<div class=\"member-details\">\n<h5 class=\"dark-text red-border-bottom\">DR. SC. BENEDIKT PERAK<\/h5>\n<div class=\"position\">Kognitivni lingvist<\/div>\n<\/div>\n<div class=\"social-icons\"><\/div>\n<\/div>\n<\/div>\n<div class=\"col-lg-3 col-sm-3 team-box\">\n<div class=\"team-member\">\n<div class=\"member-details\">\n<h5 class=\"dark-text red-border-bottom\">DR. SC. BRUNO NAHOD<\/h5>\n<div class=\"position\">Kognitivni neuroznanstvenik<\/div>\n<\/div>\n<div class=\"social-icons\"><\/div>\n<\/div>\n<\/div>\n<div class=\"col-lg-3 col-sm-3 team-box\">\n<div class=\"team-member\">\n<div class=\"member-details\">\n<h5 class=\"dark-text red-border-bottom\">DR. SC. ANA OSTRO\u0160KI ANI\u0106<\/h5>\n<div class=\"position\">Kognitivni lingvist<\/div>\n<\/div>\n<div class=\"social-icons\"><\/div>\n<\/div>\n<\/div>\n<div class=\"col-lg-3 col-sm-3 team-box\">\n<div class=\"team-member\">\n<div class=\"member-details\">\n<h5 class=\"dark-text red-border-bottom\">IVAN PAND\u017dI\u0106<\/h5>\n<div class=\"position\">Doktorand<\/div>\n<div class=\"position\"><\/div>\n<\/div>\n<\/div>\n<\/div>\n","protected":false},"excerpt":{"rendered":"<p>DR. SC. KRISTINA \u0160TRKALJ DESPOT Voditeljica projekta PROF. DR. MARIO BRDAR Savjetnik za kognitivnolingvisti\u010dku analizu PROF. DR. MARIO ESSERT Voditelj ra\u010dunalnoga tima DR. SC. MIRJANA TONKOVI\u0106 Kognitivni psiholog DR. SC. BENEDIKT PERAK Kognitivni lingvist DR. SC. BRUNO NAHOD Kognitivni neuroznanstvenik DR. SC. ANA OSTRO\u0160KI ANI\u0106 Kognitivni lingvist IVAN PAND\u017dI\u0106 Doktorand<\/p>\n","protected":false},"author":1,"featured_media":0,"parent":0,"menu_order":0,"comment_status":"closed","ping_status":"closed","template":"","meta":{"footnotes":""},"class_list":["post-12","page","type-page","status-publish","hentry"],"translation":{"provider":"WPGlobus","version":"3.0.0","language":"hr","enabled_languages":["hr","en"],"languages":{"hr":{"title":true,"content":true,"excerpt":false},"en":{"title":true,"content":true,"excerpt":false}}},"_links":{"self":[{"href":"https:\/\/ihjj.hr\/metafore\/wp-json\/wp\/v2\/pages\/12","targetHints":{"allow":["GET"]}}],"collection":[{"href":"https:\/\/ihjj.hr\/metafore\/wp-json\/wp\/v2\/pages"}],"about":[{"href":"https:\/\/ihjj.hr\/metafore\/wp-json\/wp\/v2\/types\/page"}],"author":[{"embeddable":true,"href":"https:\/\/ihjj.hr\/metafore\/wp-json\/wp\/v2\/users\/1"}],"replies":[{"embeddable":true,"href":"https:\/\/ihjj.hr\/metafore\/wp-json\/wp\/v2\/comments?post=12"}],"version-history":[{"count":8,"href":"https:\/\/ihjj.hr\/metafore\/wp-json\/wp\/v2\/pages\/12\/revisions"}],"predecessor-version":[{"id":447,"href":"https:\/\/ihjj.hr\/metafore\/wp-json\/wp\/v2\/pages\/12\/revisions\/447"}],"wp:attachment":[{"href":"https:\/\/ihjj.hr\/metafore\/wp-json\/wp\/v2\/media?parent=12"}],"curies":[{"name":"wp","href":"https:\/\/api.w.org\/{rel}","templated":true}]}}