{"id":794,"date":"2016-09-20T12:05:14","date_gmt":"2016-09-20T12:05:14","guid":{"rendered":"http:\/\/ihjj.hr\/metafore\/?page_id=794"},"modified":"2016-11-30T13:28:49","modified_gmt":"2016-11-30T13:28:49","slug":"okrugli-stol-o-misljenju-i-znacenju","status":"publish","type":"page","link":"https:\/\/ihjj.hr\/metafore\/en\/okrugli-stol-o-misljenju-i-znacenju\/","title":{"rendered":"Okrugli stol: O mi\u0161ljenju i zna\u010denju"},"content":{"rendered":"<form action=\"http:\/\/ihjj.hr\/metafore\/okrugli-stol-o-misljenju-i-znacenju\/\" method=\"LINK\"><input type=\"submit\" value=\"1. Obavijest\" \/><\/form>\n<form action=\"http:\/\/ihjj.hr\/metafore\/okrugli-stol-o-misljenju-i-znacenju\/2\/\" method=\"LINK\"><input type=\"submit\" value=\"2. Program\" \/><\/form>\n<form action=\"http:\/\/ihjj.hr\/metafore\/okrugli-stol-o-misljenju-i-znacenju\/3\/\" method=\"LINK\"><input type=\"submit\" value=\"3. Knjiga sa\u017eetaka\" \/><\/form>\n<hr \/>\n<h2 style=\"text-align: center;\"><span style=\"color: #666699;\">Institut za hrvatski jezik i jezikoslovlje i Filozofski fakultet u Zagrebu<\/span><\/h2>\n<h3 style=\"text-align: center;\">organiziraju okrugli stol pod nazivom<\/h3>\n<h1 style=\"text-align: center;\"><span style=\"color: #333399;\">O mi\u0161ljenju i zna\u010denju<\/span><\/h1>\n<h2 style=\"text-align: center;\"><span style=\"color: #314366;\">21. listopada 2016.<\/span><\/h2>\n<p style=\"text-align: center;\"><strong>Vije\u0107nica Filozofskoga fakulteta Sveu\u010dili\u0161ta u Zagrebu<\/strong><\/p>\n<p style=\"text-align: center;\"><strong><a href=\"https:\/\/drive.google.com\/open?id=0BwT0IMYHumTVOFNrc2JWV09FRmc\">Preuzmi obavijest<\/a><\/strong><\/p>\n<p style=\"text-align: center;\"><strong><a href=\"https:\/\/drive.google.com\/open?id=0BwT0IMYHumTVbkhYaUJIWF9wUTQ\">Preuzmi izlaganja u PDF obliku<\/a><\/strong><\/p>\n<p style=\"text-align: center;\"><a href=\"https:\/\/drive.google.com\/open?id=0BzBxObjmH8JhbndOM2RFWERydEk\"><strong>Fotografije s okrugloga stola<\/strong><\/a><\/p>\n<hr \/>\n<p>Okrugli stol pod nazivom <strong><em>O mi\u0161ljenju i zna\u010denju<\/em><\/strong> odr\u017eat \u0107e se 21. listopada 2016. u Vije\u0107nici Filozofskoga fakulteta Sveu\u010dili\u0161ta u Zagrebu od 9.00 do 18.00 sati uz izravno javljanje Raya Jackendoffa u poslijepodnevnim satima.<\/p>\n<p>Povod okruglomu stolu jest objavljivanje hrvatskoga prijevoda knjige:<\/p>\n<p style=\"text-align: center;\"><strong><em>Prakti\u010dni vodi\u010d kroz mi\u0161ljenje i zna\u010denje<\/em><\/strong><\/p>\n<p style=\"text-align: center;\"><strong>Ray Jackendoff<\/strong><\/p>\n<p style=\"text-align: center;\">(prevela Anita Peti-Stanti\u0107, izdava\u010d: Institut za hrvatski jezik i jezikoslovlje).<\/p>\n<p>Jackendoff je jedan od rijetkih jezikoslovaca koji zorno, filozofski i psiholingvisti\u010dki utemeljeno, pokazuje na koji na\u010din jezik slu\u017ei kao prozor u ljudsku prirodu, a prije svega prozor u svijest i funkcioniranje ljudskoga mozga i uma otvaraju\u0107i niz zanimljivih tema i pitanja o kojima \u0107e se raspravljati na ovome okruglom stolu (npr. \u0160to je jezik? \u0160to je rije\u010d? Odre\u0111uje li jezik mi\u0161ljenje? \u0160to je <em>hipoteza o nesvjesnom zna\u010denju?<\/em> Kako se slu\u017eimo jezikom da bismo govorili o svijetu? itd.). Ponudit \u0107emo i razli\u010dita \u010ditanja Jackendoffa: iz perspektive lingvista, psihologa, neuroznanstvenika, muzikologa i ostalih znanstvenika zainteresiranih za kognitivni pristup jezi\u010dnomu fenomenu.<\/p>\n<hr \/>\n<p>Svojim \u0107e izlaganjima na okruglome stolu sudjelovati:<\/p>\n<h3 style=\"text-align: center;\"><\/h3>\n<p><strong>Branimir Belaj<\/strong><\/p>\n<p><strong>Matea Birti\u0107<\/strong><\/p>\n<p><strong>Maja Brala-Vukanovi\u0107<\/strong><\/p>\n<p><strong>Renata Geld<\/strong><\/p>\n<p><strong>Daniela Katunar<\/strong><\/p>\n<p><strong>Sanja Ki\u0161 \u017duvela<\/strong><\/p>\n<p><strong>Ranko Matasovi\u0107<\/strong><\/p>\n<p><strong>Benedikt Perak<\/strong><\/p>\n<p><strong>Anita Peti-Stanti\u0107<\/strong><\/p>\n<p><strong>Ida Raffaelli<\/strong><\/p>\n<p><strong>Mateusz-Milan Stanojevi\u0107<\/strong><\/p>\n<p><strong>Kristina \u0160trkalj Despot<\/strong><\/p>\n<p><strong>Mirjana Tonkovi\u0107<\/strong><\/p>\n<p><strong>Jo\u0161ko \u017dani\u0107<\/strong><\/p>\n<hr \/>\n<p>U nadi da \u0107ete svojim dolaskom pridonijeti zanimljivoj i produktivnoj raspravi srda\u010dno Vas pozdravljamo!<\/p>\n<p><strong>\u00a0<\/strong><\/p>\n<p><strong>Anita Peti-Stanti\u0107 i Kristina \u0160trkalj Despot<\/strong><\/p>\n<hr \/>\n<p><!--nextpage--><\/p>\n<div>\n<form action=\"http:\/\/ihjj.hr\/metafore\/okrugli-stol-o-misljenju-i-znacenju\/\" method=\"LINK\"><input type=\"submit\" value=\"1. Obavijest\" \/><\/form>\n<form action=\"http:\/\/ihjj.hr\/metafore\/okrugli-stol-o-misljenju-i-znacenju\/2\/\" method=\"LINK\"><input type=\"submit\" value=\"2. Program\" \/><\/form>\n<form action=\"http:\/\/ihjj.hr\/metafore\/okrugli-stol-o-misljenju-i-znacenju\/3\/\" method=\"LINK\"><input type=\"submit\" value=\"3. Knjiga sa\u017eetaka\" \/><\/form>\n<hr \/>\n<h3>PROGRAM<\/h3>\n<\/div>\n<p><strong><a href=\"https:\/\/drive.google.com\/file\/d\/0BwT0IMYHumTVYnRCMC1EUWRqTEU\/view\">Preuzmi program u PDF formatu\u00a0<\/a><\/strong><\/p>\n<p><strong>\u00a0<\/strong><\/p>\n<table>\n<tbody>\n<tr>\n<td width=\"242\"><strong>09:15 \u00a0<\/strong><\/td>\n<td width=\"333\">Uvodna rije\u010d nakladnika<\/td>\n<\/tr>\n<tr>\n<td width=\"242\"><strong>\u00a0<\/strong><\/td>\n<td width=\"333\"><strong>\u017deljko Jozi\u0107<\/strong><\/td>\n<\/tr>\n<tr>\n<td width=\"242\"><\/td>\n<td width=\"333\">ravnatelj Instituta za hrvatski jezik i jezikoslovlje<\/td>\n<\/tr>\n<tr>\n<td width=\"242\"><\/td>\n<td width=\"333\"><\/td>\n<\/tr>\n<tr>\n<td width=\"242\"><strong>09:30\u201310:10<\/strong><\/td>\n<td width=\"333\"><strong>Anita Peti-Stanti\u0107<\/strong><\/td>\n<\/tr>\n<tr>\n<td width=\"242\"><em>\u00a0<\/em><\/td>\n<td width=\"333\"><em>O knjizi i autoru<\/em><\/td>\n<\/tr>\n<tr>\n<td width=\"242\"><em>\u00a0<\/em><\/td>\n<td width=\"333\"><em>Sintakti\u010dko-semanti\u010dko su\u010delje informacijske strukture re\u010denice<\/em><\/td>\n<\/tr>\n<tr>\n<td width=\"242\"><\/td>\n<td width=\"333\"><\/td>\n<\/tr>\n<tr>\n<td width=\"242\"><strong>10:10\u201210:40<\/strong><\/td>\n<td width=\"333\"><strong>Ranko Matasovi\u0107<\/strong><\/td>\n<\/tr>\n<tr>\n<td width=\"242\"><em>\u00a0<\/em><\/td>\n<td width=\"333\"><em>Mi\u0161ljenje, zna\u010denje i evolucija jezika<\/em><\/td>\n<\/tr>\n<tr>\n<td width=\"242\"><strong>\u00a0<\/strong><\/td>\n<td width=\"333\"><strong>\u00a0 <\/strong><\/td>\n<\/tr>\n<tr>\n<td width=\"242\"><strong>10:40\u201211:10<\/strong><\/td>\n<td width=\"333\"><strong>Jo\u0161ko \u017dani\u0107<\/strong><\/td>\n<\/tr>\n<tr>\n<td width=\"242\"><em>\u00a0<\/em><\/td>\n<td width=\"333\"><em>Ljudska konceptualna struktura: Jackendoffov pristup<\/em><\/td>\n<\/tr>\n<tr>\n<td width=\"242\"><strong>\u00a0<\/strong><\/td>\n<td width=\"333\"><strong>\u00a0 <\/strong><\/td>\n<\/tr>\n<tr>\n<td width=\"242\"><strong>11:10\u201311:30<\/strong><\/td>\n<td width=\"333\"><strong>Rasprava<\/strong><\/td>\n<\/tr>\n<tr>\n<td width=\"242\"><strong>\u00a0<\/strong><\/td>\n<td width=\"333\"><strong>\u00a0<\/strong><\/td>\n<\/tr>\n<tr>\n<td width=\"242\"><strong>11:30\u201211:45<\/strong><\/td>\n<td width=\"333\"><strong>Kristina \u0160trkalj Despot<\/strong><\/td>\n<\/tr>\n<tr>\n<td width=\"242\"><em>\u00a0<\/em><\/td>\n<td width=\"333\"><em>Jackendoff u kontekstu kognitivnih teorija jezika<\/em><\/td>\n<\/tr>\n<tr>\n<td width=\"242\"><em>\u00a0<\/em><\/td>\n<td width=\"333\"><em>\u00a0 <\/em><\/td>\n<\/tr>\n<tr>\n<td width=\"242\"><strong>11:45\u201312:00<\/strong><\/td>\n<td width=\"333\"><strong>Mirjana Tonkovi\u0107<\/strong><\/td>\n<\/tr>\n<tr>\n<td width=\"242\"><strong>\u00a0<\/strong><\/td>\n<td width=\"333\"><em>Odre\u0111uje li jezik mi\u0161ljenje?<\/em><\/td>\n<\/tr>\n<tr>\n<td width=\"242\"><strong>\u00a0<\/strong><\/td>\n<td width=\"333\"><strong>\u00a0 <\/strong><\/td>\n<\/tr>\n<tr>\n<td width=\"242\"><strong>12:00\u201312:15<\/strong><\/td>\n<td width=\"333\"><strong>Ida Raffaelli<\/strong><\/td>\n<\/tr>\n<tr>\n<td width=\"242\"><em>\u00a0<\/em><\/td>\n<td width=\"333\"><em>Odakle nam zna\u010denje?<\/em><\/td>\n<\/tr>\n<tr>\n<td width=\"242\"><em>\u00a0<\/em><\/td>\n<td width=\"333\"><em>\u00a0 <\/em><\/td>\n<\/tr>\n<tr>\n<td width=\"242\"><strong>12:15\u201312:30<\/strong><\/td>\n<td width=\"333\"><strong>Rasprava<\/strong><\/td>\n<\/tr>\n<tr>\n<td width=\"242\"><strong>\u00a0<\/strong><\/td>\n<td width=\"333\"><strong>\u00a0<\/strong><\/td>\n<\/tr>\n<tr>\n<td width=\"242\"><strong>12:30\u201213:00<\/strong><\/td>\n<td width=\"333\"><strong>Kava<\/strong><\/td>\n<\/tr>\n<tr>\n<td width=\"242\"><strong>\u00a0<\/strong><\/td>\n<td width=\"333\"><strong>\u00a0<\/strong><\/td>\n<\/tr>\n<tr>\n<td width=\"242\"><strong>13:00\u201213:15<\/strong><\/td>\n<td width=\"333\"><strong>Benedikt Perak<\/strong><\/td>\n<\/tr>\n<tr>\n<td width=\"242\"><strong>\u00a0<\/strong><\/td>\n<td width=\"333\"><strong>\u00a0<\/strong><em>O ontologiji svijesti i epistemologiji zna\u010denja<\/em><\/td>\n<\/tr>\n<tr>\n<td width=\"242\"><strong>\u00a0<\/strong><\/td>\n<td width=\"333\"><strong>\u00a0<\/strong><\/td>\n<\/tr>\n<tr>\n<td width=\"242\"><strong>13:15\u201213:30<\/strong><\/td>\n<td width=\"333\"><strong>Matea Birti\u0107<\/strong><\/td>\n<\/tr>\n<tr>\n<td width=\"242\"><strong>\u00a0<\/strong><\/td>\n<td width=\"333\"><em>Chomsky i Jackendoff: jezi\u010dna sposobnost i jezi\u010dna evolucija<\/em><\/td>\n<\/tr>\n<tr>\n<td width=\"242\"><strong>\u00a0<\/strong><\/td>\n<td width=\"333\"><strong>\u00a0 <\/strong><\/td>\n<\/tr>\n<tr>\n<td width=\"242\"><strong>13:30\u201213:45<\/strong><\/td>\n<td width=\"333\"><strong>Branimir Belaj<\/strong><\/td>\n<\/tr>\n<tr>\n<td width=\"242\"><em>\u00a0<\/em><\/td>\n<td width=\"333\"><em>Mogu li demonstrativi upu\u0107ivati samo na tip?<\/em><\/td>\n<\/tr>\n<tr>\n<td width=\"242\"><strong>\u00a0<\/strong><\/td>\n<td width=\"333\"><strong>\u00a0 <\/strong><\/td>\n<\/tr>\n<tr>\n<td width=\"242\"><strong>13:45\u201214:00<\/strong><\/td>\n<td width=\"333\"><strong>Mateusz-Milan Stanojevi\u0107<\/strong><\/td>\n<\/tr>\n<tr>\n<td width=\"242\"><strong>\u00a0<\/strong><\/td>\n<td width=\"333\"><em>Sociokognitivno utemeljenje, emocije i mi\u0161ljenje<\/em><\/td>\n<\/tr>\n<tr>\n<td width=\"242\"><strong>\u00a0<\/strong><\/td>\n<td width=\"333\"><strong>\u00a0 <\/strong><\/td>\n<\/tr>\n<tr>\n<td width=\"242\"><strong>14:00\u201214:45<\/strong><\/td>\n<td width=\"333\"><strong>Rasprava<\/strong><\/td>\n<\/tr>\n<tr>\n<td width=\"242\"><strong>\u00a0<\/strong><\/td>\n<td width=\"333\"><strong>\u00a0 <\/strong><\/td>\n<\/tr>\n<tr>\n<td width=\"242\"><strong>14:45\u201215:45<\/strong><\/td>\n<td width=\"333\"><strong>Ru\u010dak<\/strong><\/td>\n<\/tr>\n<tr>\n<td width=\"242\"><strong>\u00a0<\/strong><\/td>\n<td width=\"333\"><strong>\u00a0 <\/strong><\/td>\n<\/tr>\n<tr>\n<td width=\"242\"><strong>15:45\u201216:00<\/strong><\/td>\n<td width=\"333\"><strong>Renata Geld<\/strong><\/td>\n<\/tr>\n<tr>\n<td width=\"242\"><em>\u00a0<\/em><\/td>\n<td width=\"333\"><em>Zna\u010denja i hibridna razumijevanja: \u0161to i kako vide vide\u0107i, a \u0161to slijepi<\/em><\/td>\n<\/tr>\n<tr>\n<td width=\"242\"><strong>\u00a0<\/strong><\/td>\n<td width=\"333\"><strong>\u00a0 <\/strong><\/td>\n<\/tr>\n<tr>\n<td width=\"242\"><strong>16:00\u201216:15<\/strong><\/td>\n<td width=\"333\"><strong>Maja Brala-Vukanovi\u0107<\/strong><\/td>\n<\/tr>\n<tr>\n<td width=\"242\"><em>\u00a0<\/em><\/td>\n<td width=\"333\"><em>Referencijalnost kao susret umova; prakti\u010dni vodi\u010d kroz \u2018usmjerne rije\u010di\u2019<\/em><\/td>\n<\/tr>\n<tr>\n<td width=\"242\"><strong>\u00a0<\/strong><\/td>\n<td width=\"333\"><strong>\u00a0 <\/strong><\/td>\n<\/tr>\n<tr>\n<td width=\"242\"><strong>16:15\u201216:30<\/strong><\/td>\n<td width=\"333\"><strong>Daniela Katunar<\/strong><\/td>\n<\/tr>\n<tr>\n<td width=\"242\"><em>\u00a0<\/em><\/td>\n<td width=\"333\"><em>Koje\u0161ta drugo u jeziku: \u0161to razlikuje skladbu od kompozicije?<\/em><\/td>\n<\/tr>\n<tr>\n<td width=\"242\"><strong>\u00a0<\/strong><\/td>\n<td width=\"333\"><strong>\u00a0 <\/strong><\/td>\n<\/tr>\n<tr>\n<td width=\"242\"><strong>16:30\u201216:45<\/strong><\/td>\n<td width=\"333\"><strong>Sanja Ki\u0161 \u017duvela<\/strong><\/td>\n<\/tr>\n<tr>\n<td width=\"242\"><strong>\u00a0<\/strong><\/td>\n<td width=\"333\"><em>Aktivira li glazba fonolo\u0161ke ru\u010dke?<\/em><\/td>\n<\/tr>\n<tr>\n<td width=\"242\"><strong>\u00a0<\/strong><\/td>\n<td width=\"333\"><strong>\u00a0 <\/strong><\/td>\n<\/tr>\n<tr>\n<td width=\"242\"><strong>16:45\u201217:15<\/strong><\/td>\n<td width=\"333\"><strong>Rasprava<\/strong><\/td>\n<\/tr>\n<tr>\n<td width=\"242\"><strong><em>\u00a0<\/em><\/strong><\/td>\n<td width=\"333\"><strong><em>\u00a0 <\/em><\/strong><\/td>\n<\/tr>\n<tr>\n<td width=\"242\"><strong>\u00a0<\/strong><\/td>\n<td width=\"333\"><strong>Razgovor s Rayem Jackendoffom<\/strong><\/td>\n<\/tr>\n<tr>\n<td width=\"242\"><strong>17:15\u201218:00<\/strong><\/td>\n<td width=\"333\"><strong>\u00a0 <\/strong><\/td>\n<\/tr>\n<tr>\n<td width=\"242\"><strong>19:00 \u00a0<\/strong><\/td>\n<td width=\"333\"><strong>Zajedni\u010dka ve\u010dera<\/strong><\/td>\n<\/tr>\n<\/tbody>\n<\/table>\n<p><strong>\u00a0<\/strong><\/p>\n<div>\n<hr \/>\n<p><!--nextpage--><\/p>\n<div>\n<form action=\"http:\/\/ihjj.hr\/metafore\/okrugli-stol-o-misljenju-i-znacenju\/\" method=\"LINK\"><input type=\"submit\" value=\"1. Obavijest\" \/><\/form>\n<form action=\"http:\/\/ihjj.hr\/metafore\/okrugli-stol-o-misljenju-i-znacenju\/2\/\" method=\"LINK\"><input type=\"submit\" value=\"2. Program\" \/><\/form>\n<form action=\"http:\/\/ihjj.hr\/metafore\/okrugli-stol-o-misljenju-i-znacenju\/3\/\" method=\"LINK\"><input type=\"submit\" value=\"3. Knjiga sa\u017eetaka\" \/><\/form>\n<\/div>\n<div><\/div>\n<div>\n<hr \/>\n<p><a href=\"https:\/\/drive.google.com\/open?id=0BwT0IMYHumTVSGZReV81cWFndDA\"><strong>KNJIGA SA\u017dETAKA\u00a0u PDF formatu<\/strong><\/a><\/p>\n<hr \/>\n<\/div>\n<\/div>\n","protected":false},"excerpt":{"rendered":"<p>Institut za hrvatski jezik i jezikoslovlje i Filozofski fakultet u Zagrebu organiziraju okrugli stol pod nazivom O mi\u0161ljenju i zna\u010denju 21. listopada 2016. Vije\u0107nica Filozofskoga fakulteta Sveu\u010dili\u0161ta u Zagrebu Preuzmi obavijest Preuzmi izlaganja u PDF obliku Fotografije s okrugloga stola Okrugli stol pod nazivom O mi\u0161ljenju i zna\u010denju odr\u017eat \u0107e se 21. listopada 2016. u<a href=\"https:\/\/ihjj.hr\/metafore\/en\/okrugli-stol-o-misljenju-i-znacenju\/\">[&#8230;]<\/a><\/p>\n","protected":false},"author":2,"featured_media":0,"parent":0,"menu_order":0,"comment_status":"closed","ping_status":"closed","template":"","meta":{"footnotes":""},"class_list":["post-794","page","type-page","status-publish","hentry"],"translation":{"provider":"WPGlobus","version":"3.0.0","language":"en","enabled_languages":["hr","en"],"languages":{"hr":{"title":true,"content":true,"excerpt":false},"en":{"title":false,"content":false,"excerpt":false}}},"_links":{"self":[{"href":"https:\/\/ihjj.hr\/metafore\/en\/wp-json\/wp\/v2\/pages\/794","targetHints":{"allow":["GET"]}}],"collection":[{"href":"https:\/\/ihjj.hr\/metafore\/en\/wp-json\/wp\/v2\/pages"}],"about":[{"href":"https:\/\/ihjj.hr\/metafore\/en\/wp-json\/wp\/v2\/types\/page"}],"author":[{"embeddable":true,"href":"https:\/\/ihjj.hr\/metafore\/en\/wp-json\/wp\/v2\/users\/2"}],"replies":[{"embeddable":true,"href":"https:\/\/ihjj.hr\/metafore\/en\/wp-json\/wp\/v2\/comments?post=794"}],"version-history":[{"count":60,"href":"https:\/\/ihjj.hr\/metafore\/en\/wp-json\/wp\/v2\/pages\/794\/revisions"}],"predecessor-version":[{"id":975,"href":"https:\/\/ihjj.hr\/metafore\/en\/wp-json\/wp\/v2\/pages\/794\/revisions\/975"}],"wp:attachment":[{"href":"https:\/\/ihjj.hr\/metafore\/en\/wp-json\/wp\/v2\/media?parent=794"}],"curies":[{"name":"wp","href":"https:\/\/api.w.org\/{rel}","templated":true}]}}