{"id":30,"date":"2015-09-10T09:38:27","date_gmt":"2015-09-10T09:38:27","guid":{"rendered":"http:\/\/ihjj.hr\/metafore\/?page_id=30"},"modified":"2016-09-16T11:32:55","modified_gmt":"2016-09-16T11:32:55","slug":"izlaganja-na-konferencijama","status":"publish","type":"page","link":"https:\/\/ihjj.hr\/metafore\/en\/izlaganja-na-konferencijama\/","title":{"rendered":"Conference presentations"},"content":{"rendered":"<p><a href=\"http:\/\/ihjj.hr\/metafore\/wp-content\/uploads\/2015\/09\/IMG_50971.jpg\"><img loading=\"lazy\" decoding=\"async\" class=\"size-medium wp-image-190 aligncenter\" src=\"http:\/\/ihjj.hr\/metafore\/wp-content\/uploads\/2015\/09\/IMG_50971-300x225.jpg\" alt=\"IMG_5097\" width=\"300\" height=\"225\" \/><\/a><\/p>\n<hr \/>\n<h1 style=\"text-align: center;\">FIRST YEAR OF PROJECT<\/h1>\n<hr \/>\n<ol>\n<li>Brdar, M., \u0160trkalj Despot, K., Tonkovi\u0107, M., Brdar-Szabo, R., Tomi\u0107, I. (2015):\u00a0<a href=\"https:\/\/www.northumbria.ac.uk\/about-us\/news-events\/events\/2015\/07\/iclc-13-the-13th-international-cognitive-linguistics-conference\/iclc-13-book-of-abstracts\/\"><em>How heavy are things in Croatian and elsewhere? A contrastive-experimental study.\u00a0<\/em><\/a>The 13th International Cognitive Linguistics Conference,<em>\u00a0<\/em>Northumbria University,\u00a0Newcastle, Velika Britanija<\/li>\n<li>\u0160trkalj Despot, K. (2015):\u00a0<em><a href=\"http:\/\/www.ffri.uniri.hr\/hr\/naslovnica\/2-uncategorised\/773-1-konferencija-centra-za-jezicna-istrazivanja.html\">Thought and Language: From Neuron to Metaphor<\/a>\u00a0<\/em>(plenarno izlaganje).\u00a01. konferencija Centra za jezi\u010dna istra\u017eivanja, Filozofski fakultet u Rijeci, Rijeka, Hrvatska.<\/li>\n<li>\u0160trkalj Despot, K. (2014):\u00a0<a href=\"http:\/\/fltal.ibu.edu.ba\/news\/2014\/07\/04\/fltal-2014-summary\/;line-height:%201.5em;\"><em>Building Figurative Language Database: Croatian Metaphor<\/em> Repository. <\/a><a href=\"http:\/\/www.elexicography.eu\/wp-content\/uploads\/2014\/07\/Strkalj-Despot_2014_COST_Bolzano.pdf\">Fourth International Conference on Foreign Language Teaching and Applied Linguistics, Sarajevo,\u00a0Bosna i Hercegovina.<\/a><\/li>\n<li>\u0160trkalj Despot, K. (2014):\u00a0\u00a0<em><a href=\"http:\/\/www.elexicography.eu\/wp-content\/uploads\/2014\/07\/Strkalj-Despot_2014_COST_Bolzano.pdf\">Croatian Metaphor Repository<\/a>,<\/em><a href=\"http:\/\/www.cost.eu\/COST_Actions\/isch\/Actions\/IS1305\"><em>\u00a0<\/em><\/a>European Network of e-Lexicography (COST)\u00a0<i>, <\/i>Italija, Bolzano. Izlaganje:<\/li>\n<li>Brdar, M. (2015): Why Modri\u0107 and Real rather than Real and Modri\u0107? On the order of proper nouns in coordinative constructions. (plenarno izlaganje). Hrvatski sintakti\u010dki dani, Sveu\u010dili\u0161te u Osijeku, Osijek, Hrvatska.\u00a0<a href=\"http:\/\/ihjj.hr\/metafore\/wp-content\/uploads\/2015\/09\/Program-HSD-2015.pdf\">Program HSD 2015<\/a><\/li>\n<li>Brdar-Szab\u00f3, R., Brdar, M., Kugler, N. (2015):\u00a0<em><a href=\"https:\/\/www.northumbria.ac.uk\/media\/6817720\/general-a-l-7-july.pdf\">Hungarian morphological constructions in -\u00e9k between homogeneous and heterogeneous construal.<\/a>\u00a0<\/em>The 13th International Cognitive Linguistics Conference,\u00a0Northumbria University,\u00a0Newcastle, Velika Britanija.<\/li>\n<li>Brdar, M., Brdar Szab\u00f3, R., Kugler, N. (2014): <em>A t\u00f6bbs\u00e9g -\u00e9k jeles kifejez\u00e9s\u00e9nek\u00a0 nyelvv\u00e1ltoz\u00e1si folyamata. (Razvoj mno\u017einskih obika na -ek.).<\/em> Gener\u00e1ci\u00f3k nyelve &#8211; \u00daj n\u00e9z\u0151pontok a magyar nyelv le\u00edr\u00e1s\u00e1ban 5. konferencia, Budimpe\u0161ta, Ma\u0111arska.\u00a0<a href=\"http:\/\/ihjj.hr\/metafore\/wp-content\/uploads\/2015\/09\/Generaciok-nyelve-konferencia_program_1valtozat.pdf\">Generaciok\u00a0nyelve konferencia_program_1valtozat<\/a><\/li>\n<li>Brdar, M. (2014):<em> <a href=\"http:\/\/engconference14.ffzg.unizg.hr\/wp-content\/uploads\/2014\/09\/ZG-CONF-Book-of-Abstracts.pdf\">Going productive with metonymy.<\/a><\/em> English Studies as Archive and as Prospecting: 80 Years of English Studies at the Univesity of Zagreb, Zagreb, Hrvatska.<\/li>\n<li>Perak, B. (2015):\u00a0<em><a href=\"https:\/\/www.northumbria.ac.uk\/media\/6817720\/general-a-l-7-july.pdf\">Complementing corpus based analysis of the conceptualization of emotion\u00a0terms with the GRID method Mapping the componential features of fear,\u00a0disgust, shame and love on the emergent constructional model in Croatian<\/a>,\u00a0<\/em>The 13th International Cognitive Linguistics Conference,\u00a0Northumbria University,\u00a0Newcastle, Velika Britanija.<\/li>\n<li>Ostro\u0161ki Ani\u0107, A. (2015):\u00a0<em><a href=\"https:\/\/www.northumbria.ac.uk\/media\/6817720\/general-a-l-7-july.pdf\">Metaphors between general and specialised knowledge: a corpus-based analysis of linguistic metaphors in aviation discourse<\/a>,\u00a0<\/em>The 13th International Cognitive Linguistics Conference,\u00a0Northumbria University,\u00a0Newcastle, Velika Britanija.<\/li>\n<li>Perak, B. (2015): <a href=\"http:\/\/www.ffri.uniri.hr\/files\/vijesti\/CJI-Knjizica_sazetaka.pdf\"><em>Conceptualization of the emotion terms: Structuring metaphoric processes\u00a0within multi-layered representation of the syntactic and semantic analysis\u00a0of corpus data<\/em>.<\/a>\u00a01. konferencija Centra za jezi\u010dna istra\u017eivanja, Filozofski fakultet u Rijeci, Rijeka, Hrvatska.<\/li>\n<li>Perak, B. (2015): <a href=\"http:\/\/www.hdpl.hr\/upload\/5364d7cfafd25bc02d31ab499ec358d00ef5e389.pdf\">Usporedba korpusnog pristupa i upitni\u010dkog GRID modela u\u00a0sintakti\u010dko-semanti\u010dkoj analizi opojmljivanja emocija<\/a>. Metodologija i primjena lingvisti\u010dkih istra\u017eivanja, HDPL, Zadar<\/li>\n<li>1. Tonkovi\u0107, M., Tomi\u0107, I., Vrani\u0107, A. (2015). <a href=\"http:\/\/psihologija.ffzg.unizg.hr\/uploads\/a6\/f2\/a6f288fda7843a2dbb9d0ff0f5d4c46b\/DRZB2015-PROGRAM.pdf\">Sli\u010dno je u blizini? Provjera postavki teorije konceptualnih metafora<\/a>. 22. psihologijski skup Dani Ramira i Zorana Bujasa, Zagreb.<\/li>\n<li>Perak, B. (2015): <a href=\"https:\/\/drive.google.com\/file\/d\/0BwT0IMYHumTVZ0p6Vkx2VkhpOHc\/view?usp=sharing\">What can cognitive grammar tell us about emotions. A constructional model of emotion conceptualization: Emergent Constructional Model of fear, anger, shame, jealousy <\/a>\/\/ ISRE 2015 Geneva. Conference of the International Society for Research on\u00a0Emotion. Book of Abstracts. \/ Beaty, A. et al. (ur.). Geneva : ISRE (International Society for the Research of Emotions), 2015. 232-232 (poster,me\u0111unarodna recenzija,sa\u017eetak,znanstveni)<\/li>\n<\/ol>\n<p>&nbsp;<\/p>\n<hr \/>\n<h1 style=\"text-align: center;\">SECOND YEAR OF PROJECT<\/h1>\n<hr \/>\n<h1 style=\"text-align: center;\"><\/h1>\n<ol>\n<li>Brdar, M. (2016):\u00a0<a href=\"https:\/\/sites.google.com\/site\/figurativethoughtandlanguage\/home\">Separating (non-)figurative weeds from wheat<\/a> (<span style=\"color: #ff00ff;\">plenarno izlaganje<\/span>). <em>Figurative Thought and Language.<\/em> Pavia, Italija.<\/li>\n<li>\u0160trkalj Despot, K. (2016):\u00a0 <a href=\"http:\/\/ihjj.hr\/metafore\/projektne-konferencije\/4\/\">Croatian Metaphor Repository: Combining a Theory-Driven Top-Down Approach with a Bottom-Up Corpus Based Approach<\/a>\u00a0(<span style=\"color: #ff00ff;\">plenarno izlaganje<\/span>).\u00a0 Simpozij <em>Building Figurative Language Repositories: Methods, Risks, and<\/em> <em>Challenges. <\/em>Zagreb, Hrvatska.<\/li>\n<li>Brdar, M., Brdar-Szab\u00f3, R., Perak, B. (2016):\u00a0<a href=\"http:\/\/ihjj.hr\/metafore\/projektne-konferencije\/4\/\">Metaphor repositories and cross-linguistic comparison: ontological eggs and chickens<\/a>\u00a0(<span style=\"color: #ff00ff;\">plenarno izlaganje<\/span>).\u00a0Simpozij <em>Building Figurative Language Repositories: Methods, Risks, and<\/em> <em>Challenges. <\/em>Zagreb, Hrvatska.<\/li>\n<li>Brdar, M., Brdar-Szab\u00f3, R. (2016):\u00a0<a href=\"http:\/\/www.unist.hr\/Portals\/15\/INPRA-2016-Programme-final.pdf\">Cross-cultural variationin the use of one type of metonymic synonyms<\/a>.\u00a0<em>7th International Conference on &#8220;Intercultural Pragmatics and Communication.<\/em> Split, Hrvatska.<\/li>\n<li>Essert, M. (2015): \u00a0<a href=\"http:\/\/www.triple-lab.it\/images\/Book_of_abstracts.pdf\">Croatian Lexicon inside Syntax &amp; Semantic Framework<\/a><em>.\u00a0International Congress<em> &#8220;Word format and lexical combinations&#8221;.\u00a0<\/em><\/em>Rim, Italija.<\/li>\n<li>Essert, M.\u00a0, Ore\u0161kovi\u0107, M. (2016):\u00a0<a href=\"http:\/\/euralex2016.tsu.ge\/workshops\/programme.pdf\">The Network Integrator Of Croatian Lexicographical Resources<\/a>. <em>EURALEX<\/em>. Tbilisi, Gruzija.<\/li>\n<li>Essert, M.\u00a0, Ore\u0161kovi\u0107, M. (2016):\u00a0<a href=\"http:\/\/euralex2016.tsu.ge\/workshops\/programme.pdf\">The Development of a Network Thesaurus<\/a>. <em>EURALEX<\/em>. Tbilisi, Gruzija.<\/li>\n<li>Essert, M.\u00a0, Ore\u0161kovi\u0107, M. (2016):\u00a0<a href=\"http:\/\/euralex2016.tsu.ge\/workshops\/programme.pdf\">Croatian Linguistic System Modules Overview<\/a>. <em>EURALEX<\/em>. Tbilisi, Gruzija.<\/li>\n<li>Perak, B. (2015): <a href=\"https:\/\/docs.google.com\/viewer?a=v&amp;pid=sites&amp;srcid=ZGVmYXVsdGRvbWFpbnxmaWd1cmF0aXZldGhvdWdodGFuZGxhbmd1YWdlfGd4OjM1YWQwZDIwYTQ4MTNmOTE\">Conceptualization of the emotion terms: Structuring metaphoric processes within multi-layered representation of the syntactic and semantic analysis of corpus data<\/a>. <em>2nd International Symposium on Figurative Thought and Language.<\/em>\u00a0University of Pavia, Italija.<\/li>\n<li>Perak, B. (2016): <a href=\"http:\/\/cji.uniri.hr\/wp-content\/uploads\/CLARC2016_KnjigaSazetaka.pdf\">Standardization of the semantic domain(s) description using ontological and constructivist approach<\/a>. <em>CLARC 2016: Perspektive jezi\u010dnoga planiranja i jezi\u010dne politike.<\/em> Rijeka, Hrvatska.<\/li>\n<li>Perak, B., Antunovi\u0107, A. (2016):\u00a0<a href=\"http:\/\/www.hdpl.hr\/upload\/92aed1c0eba9e8f5e7eef24bf8cc50d17dd9005b.pdf\">Pojmovne mre\u017ee bliskih sinonima tuga, depresija, jad, \u017ealost i sjeta u hrvatskome<\/a>. XXX. me\u0111unarodni znanstveni skup Rijeka, 12. \u2013 14. svibnja 2016. Jezik kao predmet prou\u010davanja i jezik kao predmet pou\u010davanja.<\/li>\n<li>Perak, B. i \u0160trkalj Despot, K. (2016): \u00a0<a href=\"http:\/\/www.raam2016.geisteswissenschaften.fu-berlin.de\/programme\/RaAM-Book-of-Abstracts_WEB.pdf\">The Role of Metaphor in Understanding Terrorism (Based on the Analysis of the Croatian Web Corpus).<\/a>\u00a0<em>11th Conference of the Association for Researching and Applying Metaphor (RaAM).<\/em> Berlin, Njema\u010dka.<\/li>\n<li>Perak, B.(2016):\u00a0<a href=\"http:\/\/iccl2016.weebly.com\/uploads\/5\/0\/3\/1\/50317945\/iccl2016_abstract_book-final_18.07..pdf\">Structural comparison of the linguistic networks of emotion conceptualization<\/a>. <em>The First International Conference of Cultural Linguistics.<\/em>\u00a0Prato, Italija.<\/li>\n<li>Tonkovi\u0107, M., \u0160trkalj Despot, K. (2016): <a href=\"http:\/\/metaphorlab.org\/wp-content\/uploads\/2016\/05\/Book-of-Abstracts-Def.pdf\">Time-moving and Ego-moving Metaphors in Croatian: An experimental study. <\/a><em>Metaphor Festival. <\/em>Amsterdam, Nizozemska.<\/li>\n<li>Tomi\u0107, I., Tonkovi\u0107, M., Ivanec, D. (2015): <a href=\"http:\/\/www.escop2015.org\/files\/ESCOP2015_Poster_Session_B_18092015.pdf\">Movement and time perception within linguistic and non-linguistic domain<\/a>. <em>19th Conference of the European Society for Cognitive Psychology, Paphos, Cipar, 17th \u2013 20th September, 2015,<\/em> Paphos, Cipar<\/li>\n<\/ol>\n<p>&nbsp;<\/p>\n<p>.<img loading=\"lazy\" decoding=\"async\" class=\"alignnone size-medium wp-image-191\" src=\"http:\/\/ihjj.hr\/metafore\/wp-content\/uploads\/2015\/09\/IMG_5096a-300x225.jpg\" alt=\"IMG_5096a\" width=\"300\" height=\"225\" srcset=\"https:\/\/ihjj.hr\/metafore\/wp-content\/uploads\/2015\/09\/IMG_5096a-300x225.jpg 300w, https:\/\/ihjj.hr\/metafore\/wp-content\/uploads\/2015\/09\/IMG_5096a-1024x768.jpg 1024w, https:\/\/ihjj.hr\/metafore\/wp-content\/uploads\/2015\/09\/IMG_5096a-285x214.jpg 285w, https:\/\/ihjj.hr\/metafore\/wp-content\/uploads\/2015\/09\/IMG_5096a.jpg 2000w\" sizes=\"auto, (max-width: 300px) 100vw, 300px\" \/><img loading=\"lazy\" decoding=\"async\" class=\"alignnone size-medium wp-image-192\" src=\"http:\/\/ihjj.hr\/metafore\/wp-content\/uploads\/2015\/09\/IMG_5110a-300x225.jpg\" alt=\"IMG_5110a\" width=\"300\" height=\"225\" srcset=\"https:\/\/ihjj.hr\/metafore\/wp-content\/uploads\/2015\/09\/IMG_5110a-300x225.jpg 300w, https:\/\/ihjj.hr\/metafore\/wp-content\/uploads\/2015\/09\/IMG_5110a-1024x768.jpg 1024w, https:\/\/ihjj.hr\/metafore\/wp-content\/uploads\/2015\/09\/IMG_5110a-285x214.jpg 285w, https:\/\/ihjj.hr\/metafore\/wp-content\/uploads\/2015\/09\/IMG_5110a.jpg 2000w\" sizes=\"auto, (max-width: 300px) 100vw, 300px\" \/><img loading=\"lazy\" decoding=\"async\" class=\"alignnone wp-image-193\" src=\"http:\/\/ihjj.hr\/metafore\/wp-content\/uploads\/2015\/09\/IMG_5158a-225x300.jpg\" alt=\"IMG_5158a\" width=\"225\" height=\"300\" \/><\/p>\n","protected":false},"excerpt":{"rendered":"<p>FIRST YEAR OF PROJECT Brdar, M., \u0160trkalj Despot, K., Tonkovi\u0107, M., Brdar-Szabo, R., Tomi\u0107, I. (2015):\u00a0How heavy are things in Croatian and elsewhere? A contrastive-experimental study.\u00a0The 13th International Cognitive Linguistics Conference,\u00a0Northumbria University,\u00a0Newcastle, Velika Britanija \u0160trkalj Despot, K. (2015):\u00a0Thought and Language: From Neuron to Metaphor\u00a0(plenarno izlaganje).\u00a01. konferencija Centra za jezi\u010dna istra\u017eivanja, Filozofski fakultet u Rijeci, Rijeka,<a href=\"https:\/\/ihjj.hr\/metafore\/en\/izlaganja-na-konferencijama\/\">[&#8230;]<\/a><\/p>\n","protected":false},"author":1,"featured_media":189,"parent":0,"menu_order":0,"comment_status":"closed","ping_status":"closed","template":"","meta":{"footnotes":""},"class_list":["post-30","page","type-page","status-publish","has-post-thumbnail","hentry"],"translation":{"provider":"WPGlobus","version":"3.0.0","language":"en","enabled_languages":["hr","en"],"languages":{"hr":{"title":true,"content":true,"excerpt":false},"en":{"title":true,"content":true,"excerpt":false}}},"_links":{"self":[{"href":"https:\/\/ihjj.hr\/metafore\/en\/wp-json\/wp\/v2\/pages\/30","targetHints":{"allow":["GET"]}}],"collection":[{"href":"https:\/\/ihjj.hr\/metafore\/en\/wp-json\/wp\/v2\/pages"}],"about":[{"href":"https:\/\/ihjj.hr\/metafore\/en\/wp-json\/wp\/v2\/types\/page"}],"author":[{"embeddable":true,"href":"https:\/\/ihjj.hr\/metafore\/en\/wp-json\/wp\/v2\/users\/1"}],"replies":[{"embeddable":true,"href":"https:\/\/ihjj.hr\/metafore\/en\/wp-json\/wp\/v2\/comments?post=30"}],"version-history":[{"count":24,"href":"https:\/\/ihjj.hr\/metafore\/en\/wp-json\/wp\/v2\/pages\/30\/revisions"}],"predecessor-version":[{"id":784,"href":"https:\/\/ihjj.hr\/metafore\/en\/wp-json\/wp\/v2\/pages\/30\/revisions\/784"}],"wp:featuredmedia":[{"embeddable":true,"href":"https:\/\/ihjj.hr\/metafore\/en\/wp-json\/wp\/v2\/media\/189"}],"wp:attachment":[{"href":"https:\/\/ihjj.hr\/metafore\/en\/wp-json\/wp\/v2\/media?parent=30"}],"curies":[{"name":"wp","href":"https:\/\/api.w.org\/{rel}","templated":true}]}}