{"id":28,"date":"2015-09-10T09:38:20","date_gmt":"2015-09-10T09:38:20","guid":{"rendered":"http:\/\/ihjj.hr\/metafore\/?page_id=28"},"modified":"2016-09-16T11:24:46","modified_gmt":"2016-09-16T11:24:46","slug":"projektni-sastanci","status":"publish","type":"page","link":"https:\/\/ihjj.hr\/metafore\/en\/projektni-sastanci\/","title":{"rendered":"Project meetings"},"content":{"rendered":"<hr \/>\n<p>Meeting on May 27th 2016<\/p>\n<p>Croatian Institute of History<\/p>\n<p>Present: Kristina \u0160trkalj Despot, Mario Brdar, Mario Essert, Mirjana Tonkovi\u0107, Benedikt Perak, Bruno Nahod, Ivan Pand\u017ei\u0107<\/p>\n<p><span id=\"result_box\" class=\"short_text\" lang=\"en\"><span class=\"hps\">Daily agenda:<\/span><\/span><\/p>\n<ol>\n<li>Presentations at the BFLR symposium<\/li>\n<li><span id=\"result_box\" class=\"\" lang=\"en\"><span class=\"\">Report on financial plan<\/span><\/span><\/li>\n<li><span id=\"result_box\" class=\"\" lang=\"en\"><span class=\"\">Metaphors of morality (analysis of examples, discussion)<\/span><\/span><\/li>\n<li><span id=\"result_box\" class=\"\" lang=\"en\"><span class=\"\">Other<\/span><\/span><\/li>\n<\/ol>\n<hr \/>\n<p><strong>Meeting on April 5th 2016<\/strong><br \/>\nInstitute of Croatian Language and Linguistics<\/p>\n<p>Present: Kristina \u0160trkalj Despot, Mario Brdar, Mario Essert, Mirjana Tonkovi\u0107, Benedikt Perak, Bruno Nahod, Ana Ostro\u0161ki Ani\u0107, Ivan Pand\u017ei\u0107<\/p>\n<p><span id=\"result_box\" class=\"short_text\" lang=\"en\"><span class=\"hps\">Daily agenda:<\/span><\/span><\/p>\n<ol>\n<li>Symposium (programme, our presentations, logistics)<\/li>\n<li><span id=\"result_box\" class=\"\" lang=\"en\">A proposal to amend the financial plan to increase fees for <span class=\"\">our developers<\/span><\/span><\/li>\n<li><span id=\"result_box\" class=\"\" lang=\"en\"><span class=\"\">Proposal for<\/span> <span class=\"\">new procedures<\/span> detecting metaphors in <span class=\"\">corpora<\/span><\/span><\/li>\n<li><span id=\"result_box\" class=\"\" lang=\"en\">Application of <span class=\"\">the new procedures<\/span> <span class=\"\">on<\/span> <span class=\"\">metaphors<\/span> <span class=\"\">of time<\/span><\/span><\/li>\n<li><span id=\"result_box\" class=\"short_text\" lang=\"en\">Articles, training, participation in conferences<span class=\"\">&#8230;<\/span><\/span><\/li>\n<li>Other<\/li>\n<\/ol>\n<hr \/>\n<p><strong>Meeting on January 14th 2016<\/strong><br \/>\nInstitute of Croatian Language and Linguistics<\/p>\n<p>Present: Kristina \u0160trkalj Despot, Mario Brdar, Mario Essert, Mirjana Tonkovi\u0107, Benedikt Perak, Bruno Nahod, Ana Ostro\u0161ki Ani\u0107, Ivan Pand\u017ei\u0107<\/p>\n<p><span id=\"result_box\" class=\"short_text\" lang=\"en\"><span class=\"hps\">Daily agenda:<\/span><\/span><\/p>\n<ol>\n<li>Linguistic tasks connected with computational\/technical tasks for the second year (Prof. Essert)<\/li>\n<li>Financial plan for second year<\/li>\n<li>Work plan for second year<\/li>\n<li>Project symposium: \u201cBuilding Metaphor Repositories: Methods, Risks and<br \/>\nChallenges\u201d (list of participants, sending invitation letters and first notifications, preliminary program)<\/li>\n<li>Metaphors of economy, governance and welfare (analysis of examples, discussion)<\/li>\n<li>Other<\/li>\n<\/ol>\n<hr \/>\n<p><strong>Meeting on July 23rd 2015<\/strong><br \/>\nNorthumbria University, Newcastle<\/p>\n<p>Present: Kristina \u0160trkalj Despot, Mario Brdar, Mirjana Tonkovi\u0107, Benedikt Perak, Ana Ostro\u0161ki Ani\u0107<\/p>\n<p><span id=\"result_box\" class=\"short_text\" lang=\"en\"><span class=\"hps\">Daily agenda:<\/span><\/span><\/p>\n<ol>\n<li>Report on presentations and participating in the <span class=\"st\">International Cognitive Linguistics Conference<\/span><\/li>\n<li>Report after the second big objective is achieved (mind metaphors)<\/li>\n<li>Changes in names of categories of metaphors<\/li>\n<li>Making the project website and the metaphor database available to the public<\/li>\n<li>Work and financial plan for the second year of the project<\/li>\n<li>Other<\/li>\n<\/ol>\n<hr \/>\n<p><strong>Meeting on May 14th 2015<\/strong><br \/>\nInstitute of Croatian Language and Linguistics<\/p>\n<p>Present: Kristina \u0160trkalj Despot, Mario Brdar, Mario Essert, Mirjana Tonkovi\u0107, Benedikt Perak, Bruno Nahod, Ana Ostro\u0161ki Ani\u0107, Ivan Pand\u017ei\u0107<br \/>\n<span id=\"result_box\" class=\"short_text\" lang=\"en\"><span class=\"hps\">Daily agenda:<\/span><\/span><\/p>\n<ol>\n<li>Report by Kristina \u0160trkalj Despot on time spent at the University of Berkeley<\/li>\n<li>Discussion of event structure and mind metaphors<\/li>\n<li>Instructions on how to upload information on metaphors<\/li>\n<li>Report on mind conceptualization experiment<\/li>\n<li>Report on experiments dealing with <span id=\"result_box\" class=\"\" lang=\"en\"><span class=\"hps\">PSYCHOLOGICALLY<\/span> <span class=\"hps\">DIFFICULT<\/span> <span class=\"hps\">\/<\/span> <span class=\"hps\">EASY<\/span> <span class=\"hps\">IS<\/span> <span class=\"hps\">PHYSICALLY<\/span> <span class=\"hps\">DIFFICULT<\/span> <span class=\"hps\">\/<\/span> <span class=\"hps\">EASY <\/span><\/span><\/li>\n<li>Preparations for the ICLC conference<\/li>\n<li>Report on project finances<\/li>\n<li>Report after the first project checkpoint: EVENT STRUCTURE METAPHORS<\/li>\n<li>Other<\/li>\n<\/ol>\n<hr \/>\n<p><strong>Meeting on November 26th 2014<\/strong><br \/>\nInstitute of Croatian Language and Linguistics<\/p>\n<p>Present: Kristina \u0160trkalj Despot, Mario Essert, Mirjana Tonkovi\u0107, Benedikt Perak, Bruno Nahod, Ana Ostro\u0161ki Ani\u0107, Ivan Pand\u017ei\u0107<br \/>\n<span id=\"result_box\" class=\"short_text\" lang=\"en\"><span class=\"hps\">Daily agenda:<\/span><\/span><br \/>\n1. Report and discussion on the structure of the database<br \/>\n2. Analysis of table of event structure metaphors with synchronic and diachronic examples<br \/>\n3. Instructions for entering event structure metaphors into the database<br \/>\n4. Other<\/p>\n<hr \/>\n<p><strong>Meeting on November 14th 2014<\/strong><br \/>\nInstitute of Croatian Language and Linguistics<\/p>\n<p>Present: Kristina \u0160trkalj Despot, Mario Brdar, Mario Essert, Mirjana Tonkovi\u0107, Benedikt Perak, Bruno Nahod, Ana Ostro\u0161ki Ani\u0107<br \/>\n<span id=\"result_box\" class=\"short_text\" lang=\"en\"><span class=\"hps\">Daily agenda:<\/span><\/span><br \/>\n1.\u00a0 Report on the construction of the framework for the MetaNet.HR database<br \/>\n2. Discussion on the current database structure<br \/>\n3. Report and discussion on the forming of the figurative speech bibliography<br \/>\n4. Instructions on working with the database<br \/>\n5. Other<\/p>\n<hr \/>\n<p><strong>Meeting on September 4th 2014<\/strong><br \/>\nInstitute of Croatian Language and Linguistics<\/p>\n<p>Present: Kristina \u0160trkalj Despot, Mario Brdar, Mario Essert, Mirjana Tonkovi\u0107, Benedikt Perak, Bruno Nahod, Ana Ostro\u0161ki Ani\u0107<br \/>\n<span id=\"result_box\" class=\"short_text\" lang=\"en\"><span class=\"hps\">Daily agenda:<\/span><\/span><br \/>\n1.\u00a0 Presenting the members of the research team<br \/>\n2. Discussion on the details of the work plan<br \/>\n3. Discussion on the financial plan<br \/>\n4. Buying equipment<br \/>\n5. Discussion on specializations during the project<br \/>\n4. Overview of the work plan and distribution of tasks<br \/>\n5. Other<\/p>\n","protected":false},"excerpt":{"rendered":"<p>Meeting on May 27th 2016 Croatian Institute of History Present: Kristina \u0160trkalj Despot, Mario Brdar, Mario Essert, Mirjana Tonkovi\u0107, Benedikt Perak, Bruno Nahod, Ivan Pand\u017ei\u0107 Daily agenda: Presentations at the BFLR symposium Report on financial plan Metaphors of morality (analysis of examples, discussion) Other Meeting on April 5th 2016 Institute of Croatian Language and Linguistics<a href=\"https:\/\/ihjj.hr\/metafore\/en\/projektni-sastanci\/\">[&#8230;]<\/a><\/p>\n","protected":false},"author":1,"featured_media":0,"parent":0,"menu_order":0,"comment_status":"closed","ping_status":"closed","template":"","meta":{"footnotes":""},"class_list":["post-28","page","type-page","status-publish","hentry"],"translation":{"provider":"WPGlobus","version":"3.0.0","language":"en","enabled_languages":["hr","en"],"languages":{"hr":{"title":true,"content":true,"excerpt":false},"en":{"title":true,"content":true,"excerpt":false}}},"_links":{"self":[{"href":"https:\/\/ihjj.hr\/metafore\/en\/wp-json\/wp\/v2\/pages\/28","targetHints":{"allow":["GET"]}}],"collection":[{"href":"https:\/\/ihjj.hr\/metafore\/en\/wp-json\/wp\/v2\/pages"}],"about":[{"href":"https:\/\/ihjj.hr\/metafore\/en\/wp-json\/wp\/v2\/types\/page"}],"author":[{"embeddable":true,"href":"https:\/\/ihjj.hr\/metafore\/en\/wp-json\/wp\/v2\/users\/1"}],"replies":[{"embeddable":true,"href":"https:\/\/ihjj.hr\/metafore\/en\/wp-json\/wp\/v2\/comments?post=28"}],"version-history":[{"count":17,"href":"https:\/\/ihjj.hr\/metafore\/en\/wp-json\/wp\/v2\/pages\/28\/revisions"}],"predecessor-version":[{"id":769,"href":"https:\/\/ihjj.hr\/metafore\/en\/wp-json\/wp\/v2\/pages\/28\/revisions\/769"}],"wp:attachment":[{"href":"https:\/\/ihjj.hr\/metafore\/en\/wp-json\/wp\/v2\/media?parent=28"}],"curies":[{"name":"wp","href":"https:\/\/api.w.org\/{rel}","templated":true}]}}