{"id":158,"date":"2015-09-14T18:04:20","date_gmt":"2015-09-14T18:04:20","guid":{"rendered":"http:\/\/ihjj.hr\/metafore\/?page_id=158"},"modified":"2015-09-15T09:27:31","modified_gmt":"2015-09-15T09:27:31","slug":"bruno-nahod","status":"publish","type":"page","link":"https:\/\/ihjj.hr\/metafore\/en\/bruno-nahod\/","title":{"rendered":"Bruno Nahod"},"content":{"rendered":"<p><a href=\"http:\/\/ihjj.hr\/metafore\/wp-content\/uploads\/2015\/09\/nahod1.jpg\"><img loading=\"lazy\" decoding=\"async\" class=\"alignnone size-medium wp-image-159\" src=\"http:\/\/ihjj.hr\/metafore\/wp-content\/uploads\/2015\/09\/nahod1-200x300.jpg\" alt=\"nahod\" width=\"200\" height=\"300\" \/><\/a><\/p>\n<div class=\"row\">\n<div class=\"span12\">\n<article id=\"izobrazba\" class=\"profile-article\">\n<h4>Izobrazba<\/h4>\n<div class=\"cms-content-wrap\">\n<p>2004. diploma Filozofskoga fakulteta Sveu\u010dili\u0161ta u Zagrebu<\/p>\n<p>2014. doktorska disertacija Sociokognitivni pristup obradbi posebnoga jezika (Jezi\u010dna komunikacija i kognitivna neuroznanost, Sveu\u010dili\u0161te u Zagrebu)<span id=\"pastemarkerend16868\">\u00a0<\/span><\/p>\n<\/div>\n<\/article>\n<\/div>\n<\/div>\n<div class=\"row\">\n<div class=\"span12\">\n<article id=\"bibliografija\" class=\"profile-article\">\n<h4>Bibliografija<\/h4>\n<div class=\"cms-content-wrap\">\n<p>STOJANOV, TOMISLAV; CINDRI\u0106, VEDRAN; NAHOD, BRUNO; MIHALJEVI\u0106, MILICA. <i>E-Struna: baza podataka i web-su\u010delje hrvatskoga strukovnog nazivlja<\/i>, 2009. (ra\u010dunalni programski paket).<\/p>\n<p>NAHOD, BRUNO. 2009. Baza podataka \/\/ HUDE\u010cEK, LANA; MIHALJEVI\u0106, MILICA. <i>Hrvatski terminolo\u0161ki priru\u010dnik<\/i> \/ Brozovi\u0107 Ron\u010devi\u0107, Dunja (ur.). Zagreb : Institut za hrvatski jezik i jezikoslovlje, 2009. 101-104.<\/p>\n<p>\u0106AVAR, DAMIR; JAZBEC, IVO-PAVAO; NAHOD, BRUNO. 2009. <i>Struktura i razvoj baze podataka za potrebe projekta Hrvatsko strukovno nazivlje (STRUNA) &#8211; projekt koordinacije<\/i> \/\/ Terminologija in sodobna terminografija \/ Ledinek, N. ; \u017dagar Karer, M. ; Humar, M. (ur.). Ljubljana : Zalo\u017eba ZRC, ZRC SAZU, 311-317.<\/p>\n<p>MIHALJEVI\u0106, MILICA; NAHOD, BRUNO. 2009. <i>Croatian Terminology in a Time of Globalization<\/i> \/\/ <i>Terminologija in sodobna terminografija<\/i> \/ Ledinek, Nina ; \u017dagar Karer, Mojca ; Humar Marijeta (ur.). Ljubljana : Institut za slovenski jezik Frana Ramov\u0161a ZRC SAZU, 17-26.<\/p>\n<p>NAHOD, BRUNO. 2011. <i>Terminolo\u0161ka obradba: od polisemnoga leksema do homonimnoga termina<\/i> \/\/ Zbornik radova s 25. me\u0111unarodnoga skupa HDPL-a,\u00a0 <i>Aktualna istra\u017eivanja u primijenjenoj lingvistici \/\u00a0<\/i> Pon, l., Karabali\u0107, V., Cimer, S.(ur.). Osijek HDPL, 15-26<\/p>\n<p>LOPAC,VJERA. (<i>et al.<\/i>) 2011. Interdisciplinarni znanstveno-terminolo\u0161ki projekt STRUNA o nazivlju u fizici \u2013 metode i rezultati \/\/ Primo\u0161ten: 7. znanstveni sastanak HFD-a.<\/p>\n<p>LOPAC, VJERA; NAHOD, BRUNO. 2013. <i>Kako \u0107emo govoriti i pisati o fizici? Projekt STRUNA o hrvatskom nazivlju u fizici &#8211; metode i rezultati <\/i>\/\/ Matemati\u010dko-fizi\u010dki list LXIII (2), 2012.\/2013. 86-90.<\/p>\n<\/div>\n<\/article>\n<\/div>\n<\/div>\n","protected":false},"excerpt":{"rendered":"<p>Izobrazba 2004. diploma Filozofskoga fakulteta Sveu\u010dili\u0161ta u Zagrebu 2014. doktorska disertacija Sociokognitivni pristup obradbi posebnoga jezika (Jezi\u010dna komunikacija i kognitivna neuroznanost, Sveu\u010dili\u0161te u Zagrebu)\u00a0 Bibliografija STOJANOV, TOMISLAV; CINDRI\u0106, VEDRAN; NAHOD, BRUNO; MIHALJEVI\u0106, MILICA. E-Struna: baza podataka i web-su\u010delje hrvatskoga strukovnog nazivlja, 2009. (ra\u010dunalni programski paket). NAHOD, BRUNO. 2009. Baza podataka \/\/ HUDE\u010cEK, LANA; MIHALJEVI\u0106, MILICA.<a href=\"https:\/\/ihjj.hr\/metafore\/en\/bruno-nahod\/\">[&#8230;]<\/a><\/p>\n","protected":false},"author":2,"featured_media":0,"parent":0,"menu_order":0,"comment_status":"closed","ping_status":"closed","template":"","meta":{"footnotes":""},"class_list":["post-158","page","type-page","status-publish","hentry"],"translation":{"provider":"WPGlobus","version":"3.0.0","language":"en","enabled_languages":["hr","en"],"languages":{"hr":{"title":true,"content":true,"excerpt":false},"en":{"title":false,"content":false,"excerpt":false}}},"_links":{"self":[{"href":"https:\/\/ihjj.hr\/metafore\/en\/wp-json\/wp\/v2\/pages\/158","targetHints":{"allow":["GET"]}}],"collection":[{"href":"https:\/\/ihjj.hr\/metafore\/en\/wp-json\/wp\/v2\/pages"}],"about":[{"href":"https:\/\/ihjj.hr\/metafore\/en\/wp-json\/wp\/v2\/types\/page"}],"author":[{"embeddable":true,"href":"https:\/\/ihjj.hr\/metafore\/en\/wp-json\/wp\/v2\/users\/2"}],"replies":[{"embeddable":true,"href":"https:\/\/ihjj.hr\/metafore\/en\/wp-json\/wp\/v2\/comments?post=158"}],"version-history":[{"count":2,"href":"https:\/\/ihjj.hr\/metafore\/en\/wp-json\/wp\/v2\/pages\/158\/revisions"}],"predecessor-version":[{"id":1061,"href":"https:\/\/ihjj.hr\/metafore\/en\/wp-json\/wp\/v2\/pages\/158\/revisions\/1061"}],"wp:attachment":[{"href":"https:\/\/ihjj.hr\/metafore\/en\/wp-json\/wp\/v2\/media?parent=158"}],"curies":[{"name":"wp","href":"https:\/\/api.w.org\/{rel}","templated":true}]}}