{"id":146,"date":"2015-09-14T17:31:30","date_gmt":"2015-09-14T17:31:30","guid":{"rendered":"http:\/\/ihjj.hr\/metafore\/?page_id=146"},"modified":"2018-09-28T10:22:57","modified_gmt":"2018-09-28T10:22:57","slug":"kristina-strkalj-despot","status":"publish","type":"page","link":"https:\/\/ihjj.hr\/metafore\/en\/kristina-strkalj-despot\/","title":{"rendered":"Kristina \u0160trkalj Despot"},"content":{"rendered":"<h3><\/h3>\n<hr \/>\n<h3>\u00a0<a href=\"http:\/\/ihjj.hr\/metafore\/wp-content\/uploads\/2017\/04\/hand_made.jpg\"><img loading=\"lazy\" decoding=\"async\" class=\"alignnone size-full wp-image-1001\" src=\"http:\/\/ihjj.hr\/metafore\/wp-content\/uploads\/2017\/04\/hand_made.jpg\" alt=\"hand_made\" width=\"640\" height=\"480\" \/><\/a><\/h3>\n<h3><\/h3>\n<h3>dr. sc. Kristina \u0160trkalj Despot<\/h3>\n<p>&nbsp;<\/p>\n<p><a href=\"https:\/\/drive.google.com\/file\/d\/1qsNKLIwUZIuufHP-MrcpX5YAwzpTpPWa\/view?usp=sharing\">Download CV in English<\/a><\/p>\n<p>&nbsp;<\/p>\n<hr \/>\n<ul class=\"nolist\">\n<li>Zvanje: znanstveni savjetnik<\/li>\n<li>Telefon: 3783-881 | E-po\u0161ta: <a href=\"mailto:kdespot@ihjj.hr\">kdespot@ihjj.hr<\/a><\/li>\n<li>Podru\u010dje interesa: kognitivna lingvistika, teorija konceptualne metafore, neuralna teorija jezika, semantika, leksikografija, sintaksa, povijest hrvatskoga jezika i knji\u017eevnosti\n<div class=\"cms-content-wrap\">\n<hr \/>\n<p><strong>Izobrazba<\/strong><\/p>\n<p>2011. \u2013 2012. Sveu\u010dili\u0161te u Kaliforniji, Berkeley, Sjedinjene Ameri\u010dke Dr\u017eave,\u00a0Fulbrightov poslijedoktorski istra\u017eiva\u010d (<i>Fulbright postdoctoral grant<\/i>)<\/p>\n<p>2007. Doktorirala (<em>Summa Cum Laude<\/em>) na Poslijediplomskome znanstvenom studiju lingvistike\u00a0Sveu\u010dili\u0161ta u Zagrebu temom<i>\u00a0Sintaksa slo\u017eene re\u010denice u srednjovjekovnim hrvatskim verzijama<\/i><i>\u00a0legende o vitezu Tundalu<\/i>.<\/p>\n<p>2002. Diplomirala je (<em>Summa Cum Laude<\/em>) Hrvatski jezik i knji\u017eevnost na Filozofskome fakultetu Sveu\u010dili\u0161ta u Zagrebu.<\/p>\n<hr \/>\n<\/div>\n<\/li>\n<\/ul>\n<div class=\"cms-content section\">\n<p><strong>Akademski razvoj<\/strong><\/p>\n<ul>\n<li><strong>Asistentica\u00a0<\/strong>Institut za hrvatski jezik i jezikoslovlje (2003. \u2013 2007.)<\/li>\n<li><strong>Vi\u0161a asistentica\u00a0<\/strong>Institut za hrvatski jezik i jezikoslovlje (2007.)<\/li>\n<li><strong>Znanstvena suradnica\u00a0<\/strong>Institut za hrvatski jezik i jezikoslovlje (2007. \u2013 2011.)<\/li>\n<li><strong>Vi\u0161a znanstvena suradnica\u00a0<\/strong>Institut za hrvatski jezik i jezikoslovlje (2011. \u2013 2017.)<\/li>\n<li><strong>Znanstvena savjetnica\u00a0<\/strong>(od 2017.)<\/li>\n<\/ul>\n<p><strong>Administrativne pozicije<\/strong><\/p>\n<ul>\n<li><strong>Pomo\u0107nica ravnatelja\u00a0<\/strong>Institut za hrvatski jezik i jezikoslovlje (od 2012. )<\/li>\n<\/ul>\n<p><strong>Nagrade<\/strong><\/p>\n<ul>\n<li>2014.\u00a0<strong>Dr\u017eavna nagrada \u201cIvan Filipovi\u0107\u201d<\/strong><\/li>\n<li>2010.\u00a0<strong>Dr\u017eavna nagrada za znanost<\/strong><\/li>\n<li>2010.\u00a0<strong>Nagrada Dru\u0161tva hrvatskih knji\u017eevnika<i>\u00a0\u201cJudita\u201d<\/i><\/strong><\/li>\n<\/ul>\n<p><strong>Stipendije i usavr\u0161avanja<\/strong><\/p>\n<ul>\n<li>2017.\u00a0<strong>University College Dublin<\/strong>.<strong>\u00a0School of Computer Science<\/strong>, Dublin, Irska (mentor: prof. dr. Tony Veale)<\/li>\n<li>2016.\u00a0<strong>Metaphor Lab \/ UVA Amsterdam, Nizozemska\u00a0<\/strong>(mentor: prof. dr. Gerard Steen)<\/li>\n<li>2015.\u00a0<strong>University of California, Berkeley \/ International Computer Science Institute, Berkeley, SAD\u00a0<\/strong>(mentor: prof. dr. Eve Sweetser)<\/li>\n<li>2015.\u00a0<strong>Institut f\u00fcr Deutsche Sprache, Mannheim, Njema\u010dka,\u00a0<\/strong>Short Term Scientific Mission, COST Action: European Network of e-Lexicography (mentor: dr. Christine M\u00f6hrs)<\/li>\n<li>2011. \u2013 2012.\u00a0<strong>University of California, Berkeley<\/strong>,\u00a0<strong>SAD,\u00a0<\/strong>Fulbright Postdoctoral Fellowship (mentor: prof. dr. George Lakoff)<\/li>\n<li>2009.\u00a0<strong>University of Oxford, St John&#8217;s College, Velika Britanija,\u00a0<\/strong>Open Society Fellowship (mentor: prof. dr. Catherine Mary McRobert)<\/li>\n<li>2000. \u2013 2001.\u00a0<strong>Sveu\u010dili\u0161te u Ljubljani, Slovenija,\u00a0<\/strong>Central European Exchange Program for University Studies Grant<\/li>\n<li>1997. \u2013 2002. Stipendija Minsitarstva znanosti, obrazovanja i sporta za osobito darovite studente<\/li>\n<\/ul>\n<p><strong>Znanstveni projekti i suradnje<\/strong><\/p>\n<ul>\n<li>od 2014.\u00a0<strong><a href=\"http:\/\/ihjj.hr\/metafore\">Repozitorij metafora hrvatskoga jezika (Croatian Metaphor Repository)<\/a>, v<\/strong>oditeljica, Hrvatska zaklada za znanost<\/li>\n<li>od 2016.\u00a0<strong><a href=\"http:\/\/ihjj.hr\/projekt\/semantic-role-labeling-in-slovenian-and-croatian\/66\/\">Semantic Role Labeling in Slovene and Croatian<\/a><\/strong>, suvoditeljica, Bilateralni program<\/li>\n<li>2012. \u2013 2016.\u00a0<strong><a href=\"https:\/\/metanet.icsi.berkeley.edu\/metanet\/node\/3\">MetaNet: A Multilingual Metaphor Repository<\/a>, s<\/strong>uradnica, International Computer Science Institute, University of California, Berkeley<\/li>\n<li><span class=\"part-2\">od 2013.\u00a0<\/span><strong><a href=\"http:\/\/www.cost.eu\/COST_Actions\/isch\/Actions\/IS1305\">European Network of e-Lexicography (COST Action)<\/a>, \u010d<\/strong>lanica Upravlja\u010dkoga odbora<\/li>\n<li><span class=\"hps\">2013. \u2013 2014.\u00a0<i><\/i><\/span><span class=\"hps\"><strong>Hrvatsko nazivlje za europske pojmove: terminolo\u0161ko-terminografski okvir, s<\/strong><\/span><span class=\"hps\">uradnica,\u00a0<\/span>Institut za hrvatski jezik i jezikoslovlje<\/li>\n<li>2003. \u2013 2013.\u00a0<strong>Starohrvatski rje\u010dnik, s<\/strong>uradnica, Institut za hrvatski jezik i jezikoslovlje<\/li>\n<\/ul>\n<p><strong>Profesionalne pozicije<\/strong><\/p>\n<ul>\n<li>od 2012.\u00a0<i>Legal Entity Appointed Representative<\/i>, Institut za hrvatski jezik i jezikoslovlje, European Comission, 7th Framework Programme and Horizon 20\/20<\/li>\n<\/ul>\n<ul>\n<li>2016. Voditeljica Odjela za op\u0107e jezikoslovlje, Institut za hrvatski jezik i jezikoslovlje<\/li>\n<li>od 2012. \u010clanica uredni\u0161tva \u010dasopisa\u00a0<i>Rasprave: \u010casopis Instituta za hrvatski jezik i jezikoslovlje\u00a0<\/i>(od 2012.)<\/li>\n<li>od 2016. \u010clanica uredni\u0161tva \u010dasopisa\u00a0<i>Croatica et Slavica Iadertina<\/i><\/li>\n<li>od 2015. \u010clanica znanstvenoga i programskoga odbora me\u0111unarodnih\u00a0<em>eLex<\/em>\u00a0konferencija (<em>Electronic Lexicography in the 21st Century<\/em><strong>)<\/strong><\/li>\n<li>od 2013. \u010clanica Uredni\u010dkoga vije\u0107a Instituta za hrvatski jezik i jezikoslovlje<\/li>\n<li>2012. \u2013 2017. Voditeljica jezikoslovnoga i kroatisti\u010dkoga seminara\u00a0<i>Jezikoslovne rasprave\u00a0<\/i>Instituta za hrvatski jezik i jezikoslovlje<\/li>\n<li>2015. \u010clanica Programskoga odbora me\u0111unarodnoga znanstvenoga skupa :\u00a0<i>3. Me\u0111imurski filolo\u0161ki dani<\/i><\/li>\n<li>2016. Predsjednica Organizacijskoga odbora me\u0111unarodne konferencije i okrugloga stola\u00a0<i>Building Figurative Language Repositories: Methods, Risks, and Challenges<\/i>, Zagreb, Hrvatska<\/li>\n<li>2016. Suorganizatorica (uz prof. dr. Anitu Peti-Stanti\u0107) okrugloga stola\u00a0<i>O mi\u0161ljenju i zna\u010denju<\/i>, Zagreb, Hrvatska<\/li>\n<li>2017. Suorganizatorica (uz. prof. dr. Mateusza-Milana Stanojevi\u0107a) radionice\u00a0<em>Hand Made by Machines: A Computational Perspective on Linguistic Creativity<\/em>, Zagreb, Hrvatska<\/li>\n<\/ul>\n<p><strong>\u010clanstvo u profesionalnim dru\u0161tvima i organizacijama:<\/strong><\/p>\n<ul>\n<li>CLA (<i>International Cognitive Linguistics Association<\/i>)<\/li>\n<li>RaAM<i><\/i>(<i>International Association for Researching Applying Metaphor<\/i>)<\/li>\n<li>SLE (<i>Societas Linguistica Europaea<\/i>)<\/li>\n<li>AATSEEL<i>\u00a0(American Association of Teachers of Slavic and East European Languages<\/i>)<\/li>\n<li>Matica hrvatska<\/li>\n<li>Hrvatsko filolo\u0161ko dru\u0161tvo<\/li>\n<li>Dru\u0161tvo prijatelja glagoljice<\/li>\n<\/ul>\n<p><strong>Jezici:\u00a0<\/strong>engleski (C2), ruski (B2), njema\u010dki (B1), slovenski (B1), talijanski (A2), poljski (A1), latinski<\/p>\n<\/div>\n<div class=\"cms-content section\"><\/div>\n<p><strong><a href=\"http:\/\/ihjj.hr\/profile\/kristina-strkalj-despot\/19\/\">Bibliografija<\/a><\/strong><\/p>\n","protected":false},"excerpt":{"rendered":"<p>\u00a0 dr. sc. Kristina \u0160trkalj Despot &nbsp; Download CV in English &nbsp; Zvanje: znanstveni savjetnik Telefon: 3783-881 | E-po\u0161ta: kdespot@ihjj.hr Podru\u010dje interesa: kognitivna lingvistika, teorija konceptualne metafore, neuralna teorija jezika, semantika, leksikografija, sintaksa, povijest hrvatskoga jezika i knji\u017eevnosti Izobrazba 2011. \u2013 2012. Sveu\u010dili\u0161te u Kaliforniji, Berkeley, Sjedinjene Ameri\u010dke Dr\u017eave,\u00a0Fulbrightov poslijedoktorski istra\u017eiva\u010d (Fulbright postdoctoral grant) 2007.<a href=\"https:\/\/ihjj.hr\/metafore\/en\/kristina-strkalj-despot\/\">[&#8230;]<\/a><\/p>\n","protected":false},"author":2,"featured_media":0,"parent":0,"menu_order":0,"comment_status":"closed","ping_status":"closed","template":"","meta":{"footnotes":""},"class_list":["post-146","page","type-page","status-publish","hentry"],"translation":{"provider":"WPGlobus","version":"3.0.0","language":"en","enabled_languages":["hr","en"],"languages":{"hr":{"title":true,"content":true,"excerpt":false},"en":{"title":false,"content":false,"excerpt":false}}},"_links":{"self":[{"href":"https:\/\/ihjj.hr\/metafore\/en\/wp-json\/wp\/v2\/pages\/146","targetHints":{"allow":["GET"]}}],"collection":[{"href":"https:\/\/ihjj.hr\/metafore\/en\/wp-json\/wp\/v2\/pages"}],"about":[{"href":"https:\/\/ihjj.hr\/metafore\/en\/wp-json\/wp\/v2\/types\/page"}],"author":[{"embeddable":true,"href":"https:\/\/ihjj.hr\/metafore\/en\/wp-json\/wp\/v2\/users\/2"}],"replies":[{"embeddable":true,"href":"https:\/\/ihjj.hr\/metafore\/en\/wp-json\/wp\/v2\/comments?post=146"}],"version-history":[{"count":19,"href":"https:\/\/ihjj.hr\/metafore\/en\/wp-json\/wp\/v2\/pages\/146\/revisions"}],"predecessor-version":[{"id":1067,"href":"https:\/\/ihjj.hr\/metafore\/en\/wp-json\/wp\/v2\/pages\/146\/revisions\/1067"}],"wp:attachment":[{"href":"https:\/\/ihjj.hr\/metafore\/en\/wp-json\/wp\/v2\/media?parent=146"}],"curies":[{"name":"wp","href":"https:\/\/api.w.org\/{rel}","templated":true}]}}