{"id":143,"date":"2015-09-14T17:24:11","date_gmt":"2015-09-14T17:24:11","guid":{"rendered":"http:\/\/ihjj.hr\/metafore\/?page_id=143"},"modified":"2021-02-17T19:27:44","modified_gmt":"2021-02-17T19:27:44","slug":"ivan","status":"publish","type":"page","link":"https:\/\/ihjj.hr\/metafore\/en\/ivan\/","title":{"rendered":"Ivan Pand\u017ei\u0107"},"content":{"rendered":"<p>Podru\u010dje interesa: ra\u010dunalno jezikoslovlje, kognitivna neuroznanost<\/p>\n","protected":false},"excerpt":{"rendered":"<p>Podru\u010dje interesa: ra\u010dunalno jezikoslovlje, kognitivna neuroznanost<\/p>\n","protected":false},"author":2,"featured_media":0,"parent":0,"menu_order":0,"comment_status":"closed","ping_status":"closed","template":"","meta":{"footnotes":""},"class_list":["post-143","page","type-page","status-publish","hentry"],"translation":{"provider":"WPGlobus","version":"3.0.0","language":"en","enabled_languages":["hr","en"],"languages":{"hr":{"title":true,"content":true,"excerpt":false},"en":{"title":true,"content":true,"excerpt":false}}},"_links":{"self":[{"href":"https:\/\/ihjj.hr\/metafore\/en\/wp-json\/wp\/v2\/pages\/143","targetHints":{"allow":["GET"]}}],"collection":[{"href":"https:\/\/ihjj.hr\/metafore\/en\/wp-json\/wp\/v2\/pages"}],"about":[{"href":"https:\/\/ihjj.hr\/metafore\/en\/wp-json\/wp\/v2\/types\/page"}],"author":[{"embeddable":true,"href":"https:\/\/ihjj.hr\/metafore\/en\/wp-json\/wp\/v2\/users\/2"}],"replies":[{"embeddable":true,"href":"https:\/\/ihjj.hr\/metafore\/en\/wp-json\/wp\/v2\/comments?post=143"}],"version-history":[{"count":9,"href":"https:\/\/ihjj.hr\/metafore\/en\/wp-json\/wp\/v2\/pages\/143\/revisions"}],"predecessor-version":[{"id":1152,"href":"https:\/\/ihjj.hr\/metafore\/en\/wp-json\/wp\/v2\/pages\/143\/revisions\/1152"}],"wp:attachment":[{"href":"https:\/\/ihjj.hr\/metafore\/en\/wp-json\/wp\/v2\/media?parent=143"}],"curies":[{"name":"wp","href":"https:\/\/api.w.org\/{rel}","templated":true}]}}