{"id":4357,"date":"2024-11-26T15:03:12","date_gmt":"2024-11-26T13:03:12","guid":{"rendered":"http:\/\/ihjj.hr\/hsd\/?page_id=4357"},"modified":"2024-11-26T15:10:44","modified_gmt":"2024-11-26T13:10:44","slug":"knjizica-sazetaka","status":"publish","type":"page","link":"https:\/\/ihjj.hr\/hsd\/index.php\/knjizica-sazetaka\/","title":{"rendered":"Knji\u017eica sa\u017eetaka"},"content":{"rendered":"\n<p><\/p>\n\n\n\n<p>Knji\u017eicu sa\u017eetaka <em>8. Hrvatskih sintakti\u010dkih dana<\/em> (na hrvatskom i engleskom jeziku) mo\u017eete u\u010ditati <a href=\"http:\/\/ihjj.hr\/hsd\/wp-content\/uploads\/2024\/11\/8HSD_knjizica-sazetaka_8CSD_book-of-abstracts.pdf\" data-type=\"page\" data-id=\"4342\" target=\"_blank\" rel=\"noreferrer noopener\">ovdje<\/a>.<\/p>\n\n\n\n<p><\/p>\n","protected":false},"excerpt":{"rendered":"<p>Knji\u017eicu sa\u017eetaka 8. Hrvatskih sintakti\u010dkih dana (na hrvatskom i engleskom jeziku) mo\u017eete u\u010ditati ovdje.<\/p>\n","protected":false},"author":1,"featured_media":0,"parent":0,"menu_order":0,"comment_status":"closed","ping_status":"closed","template":"","meta":{"footnotes":""},"class_list":["post-4357","page","type-page","status-publish","hentry"],"_links":{"self":[{"href":"https:\/\/ihjj.hr\/hsd\/index.php\/wp-json\/wp\/v2\/pages\/4357","targetHints":{"allow":["GET"]}}],"collection":[{"href":"https:\/\/ihjj.hr\/hsd\/index.php\/wp-json\/wp\/v2\/pages"}],"about":[{"href":"https:\/\/ihjj.hr\/hsd\/index.php\/wp-json\/wp\/v2\/types\/page"}],"author":[{"embeddable":true,"href":"https:\/\/ihjj.hr\/hsd\/index.php\/wp-json\/wp\/v2\/users\/1"}],"replies":[{"embeddable":true,"href":"https:\/\/ihjj.hr\/hsd\/index.php\/wp-json\/wp\/v2\/comments?post=4357"}],"version-history":[{"count":5,"href":"https:\/\/ihjj.hr\/hsd\/index.php\/wp-json\/wp\/v2\/pages\/4357\/revisions"}],"predecessor-version":[{"id":4371,"href":"https:\/\/ihjj.hr\/hsd\/index.php\/wp-json\/wp\/v2\/pages\/4357\/revisions\/4371"}],"wp:attachment":[{"href":"https:\/\/ihjj.hr\/hsd\/index.php\/wp-json\/wp\/v2\/media?parent=4357"}],"curies":[{"name":"wp","href":"https:\/\/api.w.org\/{rel}","templated":true}]}}