{"id":4342,"date":"2024-11-20T14:38:05","date_gmt":"2024-11-20T12:38:05","guid":{"rendered":"http:\/\/ihjj.hr\/hsd\/?page_id=4342"},"modified":"2024-11-26T15:11:54","modified_gmt":"2024-11-26T13:11:54","slug":"program-2","status":"publish","type":"page","link":"https:\/\/ihjj.hr\/hsd\/index.php\/program-2\/","title":{"rendered":"Program"},"content":{"rendered":"\n<p>Zavr\u0161nu ina\u010dicu programa <em>8. Hrvatskih sintakti\u010dkih dana<\/em> (na hrvatskom i engleskom jeziku) mo\u017eete u\u010ditati <a href=\"http:\/\/ihjj.hr\/hsd\/wp-content\/uploads\/2024\/11\/HSD_2024_program-A3.pdf\" target=\"_blank\" rel=\"noreferrer noopener\">ovdje<\/a>.<\/p>\n\n\n\n<p><\/p>\n","protected":false},"excerpt":{"rendered":"<p>Zavr\u0161nu ina\u010dicu programa 8. Hrvatskih sintakti\u010dkih dana (na hrvatskom i engleskom jeziku) mo\u017eete u\u010ditati ovdje.<\/p>\n","protected":false},"author":1,"featured_media":0,"parent":0,"menu_order":0,"comment_status":"closed","ping_status":"closed","template":"","meta":{"footnotes":""},"class_list":["post-4342","page","type-page","status-publish","hentry"],"_links":{"self":[{"href":"https:\/\/ihjj.hr\/hsd\/index.php\/wp-json\/wp\/v2\/pages\/4342","targetHints":{"allow":["GET"]}}],"collection":[{"href":"https:\/\/ihjj.hr\/hsd\/index.php\/wp-json\/wp\/v2\/pages"}],"about":[{"href":"https:\/\/ihjj.hr\/hsd\/index.php\/wp-json\/wp\/v2\/types\/page"}],"author":[{"embeddable":true,"href":"https:\/\/ihjj.hr\/hsd\/index.php\/wp-json\/wp\/v2\/users\/1"}],"replies":[{"embeddable":true,"href":"https:\/\/ihjj.hr\/hsd\/index.php\/wp-json\/wp\/v2\/comments?post=4342"}],"version-history":[{"count":8,"href":"https:\/\/ihjj.hr\/hsd\/index.php\/wp-json\/wp\/v2\/pages\/4342\/revisions"}],"predecessor-version":[{"id":4372,"href":"https:\/\/ihjj.hr\/hsd\/index.php\/wp-json\/wp\/v2\/pages\/4342\/revisions\/4372"}],"wp:attachment":[{"href":"https:\/\/ihjj.hr\/hsd\/index.php\/wp-json\/wp\/v2\/media?parent=4342"}],"curies":[{"name":"wp","href":"https:\/\/api.w.org\/{rel}","templated":true}]}}