{"id":4223,"date":"2024-03-12T13:51:31","date_gmt":"2024-03-12T11:51:31","guid":{"rendered":"http:\/\/ihjj.hr\/hsd\/?page_id=4223"},"modified":"2024-05-10T12:30:26","modified_gmt":"2024-05-10T10:30:26","slug":"o-hrvatskim-sintaktickim-danima","status":"publish","type":"page","link":"https:\/\/ihjj.hr\/hsd\/index.php\/o-hrvatskim-sintaktickim-danima\/","title":{"rendered":"O Hrvatskim sintakti\u010dkim danima"},"content":{"rendered":"\n<p class=\"has-text-align-left\">Filozofski fakultet Sveu\u010dili\u0161ta J. J. Strossmayera u Osijeku i Institut za hrvatski jezik iz Zagreba organiziraju 8. <em>Hrvatske sintakti\u010dke dane<\/em> koji \u0107e se odr\u017eati od 28. do 30. studenoga 2024. godine u Osijeku. HSD je specijalizirani skup zami\u0161ljen kao mjesto susretanja, upoznavanja i razmjene iskustava hrvatskih i stranih sintakti\u010dara. Svaki je posve\u0107en jednom u\u017eem tematskom podru\u010dju.<br>Dosad je odr\u017eano sedam skupova. Na prvim <em>Hrvatskim sintakti\u010dkim danima<\/em> odr\u017eanima u svibnju 2006. tema je bila <em>Sintakti\u010dke kategorije<\/em>, na drugom skupu 2008. <em>Sintaksa pade\u017ea<\/em>, a potom 2010. <em>Sintaksa glagola<\/em>. \u010cetvrti je skup 2012. obra\u0111ivao <em>Red rije\u010di<\/em>, peti 2015. <em>Imensku skupinu<\/em>. Tema \u0161estih dana 2018. bila je <em>Sintaksa zavisnoslo\u017eene re\u010denice<\/em>, sedmih 2021. <em>Koordinacija u hrvatskom i drugim jezicima<\/em>, dok \u0107e tema 8. <em>Hrvatskih sintakti\u010dkih dana<\/em> biti <em>Glagolsko stanje u hrvatskom i drugim jezicima<\/em>.<\/p>\n","protected":false},"excerpt":{"rendered":"<p>Filozofski fakultet Sveu\u010dili\u0161ta J. J. Strossmayera u Osijeku i Institut za hrvatski jezik iz Zagreba organiziraju 8. Hrvatske sintakti\u010dke dane koji \u0107e se odr\u017eati od 28. do 30. studenoga 2024. godine u Osijeku. HSD je specijalizirani skup zami\u0161ljen kao mjesto susretanja, upoznavanja i razmjene iskustava hrvatskih i stranih sintakti\u010dara. Svaki je posve\u0107en jednom u\u017eem tematskom&#8230; <\/p>\n<div class=\"clear\"><\/div>\n<p><a href=\"https:\/\/ihjj.hr\/hsd\/index.php\/o-hrvatskim-sintaktickim-danima\/\" class=\"gdlr-info-font excerpt-read-more\">Read More<\/a><\/p>\n","protected":false},"author":1,"featured_media":0,"parent":0,"menu_order":0,"comment_status":"closed","ping_status":"closed","template":"","meta":{"footnotes":""},"class_list":["post-4223","page","type-page","status-publish","hentry"],"_links":{"self":[{"href":"https:\/\/ihjj.hr\/hsd\/index.php\/wp-json\/wp\/v2\/pages\/4223","targetHints":{"allow":["GET"]}}],"collection":[{"href":"https:\/\/ihjj.hr\/hsd\/index.php\/wp-json\/wp\/v2\/pages"}],"about":[{"href":"https:\/\/ihjj.hr\/hsd\/index.php\/wp-json\/wp\/v2\/types\/page"}],"author":[{"embeddable":true,"href":"https:\/\/ihjj.hr\/hsd\/index.php\/wp-json\/wp\/v2\/users\/1"}],"replies":[{"embeddable":true,"href":"https:\/\/ihjj.hr\/hsd\/index.php\/wp-json\/wp\/v2\/comments?post=4223"}],"version-history":[{"count":4,"href":"https:\/\/ihjj.hr\/hsd\/index.php\/wp-json\/wp\/v2\/pages\/4223\/revisions"}],"predecessor-version":[{"id":4239,"href":"https:\/\/ihjj.hr\/hsd\/index.php\/wp-json\/wp\/v2\/pages\/4223\/revisions\/4239"}],"wp:attachment":[{"href":"https:\/\/ihjj.hr\/hsd\/index.php\/wp-json\/wp\/v2\/media?parent=4223"}],"curies":[{"name":"wp","href":"https:\/\/api.w.org\/{rel}","templated":true}]}}