{"id":4209,"date":"2024-02-28T13:55:20","date_gmt":"2024-02-28T11:55:20","guid":{"rendered":"http:\/\/ihjj.hr\/hsd\/?page_id=4209"},"modified":"2024-07-24T10:13:48","modified_gmt":"2024-07-24T08:13:48","slug":"programski-odbor","status":"publish","type":"page","link":"https:\/\/ihjj.hr\/hsd\/index.php\/programski-odbor\/","title":{"rendered":"Programski odbor"},"content":{"rendered":"\n<h2 class=\"wp-block-heading\">Programski odbor<\/h2>\n\n\n\n<ul class=\"wp-block-list\">\n<li>prof. dr. sc. Branimir Belaj<\/li>\n\n\n\n<li>dr. sc. Matea Birti\u0107<\/li>\n\n\n\n<li>dr. sc. Goranka Blagus Bartolec<\/li>\n\n\n\n<li>prof. dr. sc. Anna Bondaruk<\/li>\n\n\n\n<li>dr. sc. Ivana Bra\u010d<\/li>\n\n\n\n<li>akademik Mario Brdar<\/li>\n\n\n\n<li>prof. dr. sc. Goran Faletar<\/li>\n\n\n\n<li>prof. dr. sc. Martina Gra\u010danin Yuksek<\/li>\n\n\n\n<li>dr. sc. Lana Hude\u010dek<\/li>\n\n\n\n<li>dr. sc. \u017deljko Jozi\u0107<\/li>\n\n\n\n<li>prof. dr. sc. Tatjana Marvin Derganc<\/li>\n\n\n\n<li>dr. sc. Ivana Matas Ivankovi\u0107<\/li>\n\n\n\n<li>akademik Milan Mihaljevi\u0107<\/li>\n\n\n\n<li>izv. prof. dr. sc. Ana Miki\u0107 \u010coli\u0107<\/li>\n\n\n\n<li>prof. dr. sc. Ismail Pali\u0107<\/li>\n\n\n\n<li>prof. dr. sc. Anita Peti Stanti\u0107<\/li>\n\n\n\n<li>prof. emer. Ivo Pranjkovi\u0107<\/li>\n\n\n\n<li>prof. emer. Diana Stolac<\/li>\n\n\n\n<li>dr. sc. Jana Willer Gold<\/li>\n<\/ul>\n\n\n\n<h2 class=\"wp-block-heading\"><\/h2>\n","protected":false},"excerpt":{"rendered":"<p>Programski odbor<\/p>\n","protected":false},"author":1,"featured_media":0,"parent":0,"menu_order":0,"comment_status":"closed","ping_status":"closed","template":"","meta":{"footnotes":""},"class_list":["post-4209","page","type-page","status-publish","hentry"],"_links":{"self":[{"href":"https:\/\/ihjj.hr\/hsd\/index.php\/wp-json\/wp\/v2\/pages\/4209","targetHints":{"allow":["GET"]}}],"collection":[{"href":"https:\/\/ihjj.hr\/hsd\/index.php\/wp-json\/wp\/v2\/pages"}],"about":[{"href":"https:\/\/ihjj.hr\/hsd\/index.php\/wp-json\/wp\/v2\/types\/page"}],"author":[{"embeddable":true,"href":"https:\/\/ihjj.hr\/hsd\/index.php\/wp-json\/wp\/v2\/users\/1"}],"replies":[{"embeddable":true,"href":"https:\/\/ihjj.hr\/hsd\/index.php\/wp-json\/wp\/v2\/comments?post=4209"}],"version-history":[{"count":4,"href":"https:\/\/ihjj.hr\/hsd\/index.php\/wp-json\/wp\/v2\/pages\/4209\/revisions"}],"predecessor-version":[{"id":4294,"href":"https:\/\/ihjj.hr\/hsd\/index.php\/wp-json\/wp\/v2\/pages\/4209\/revisions\/4294"}],"wp:attachment":[{"href":"https:\/\/ihjj.hr\/hsd\/index.php\/wp-json\/wp\/v2\/media?parent=4209"}],"curies":[{"name":"wp","href":"https:\/\/api.w.org\/{rel}","templated":true}]}}