{"id":4189,"date":"2024-02-28T13:18:56","date_gmt":"2024-02-28T11:18:56","guid":{"rendered":"http:\/\/ihjj.hr\/hsd\/?page_id=4189"},"modified":"2024-11-27T09:01:38","modified_gmt":"2024-11-27T07:01:38","slug":"nagrada-branko-kuna","status":"publish","type":"page","link":"https:\/\/ihjj.hr\/hsd\/index.php\/nagrada-branko-kuna\/","title":{"rendered":"Nagrada Branko Kuna"},"content":{"rendered":"\n<p>U sje\u0107anje na prerano preminuloga prof. dr. sc. Branka Kunu, profesora Filozofskog fakulteta u Osijeku i utemeljitelja <em>Hrvatskih sintakti\u010dkih dana<\/em>, dodjeljuje se nagrada za mlade sintakti\u010dare koja nosi njegovo ime, a utemeljena je 2021. godine. Prva je dobitnica te nagrade bila dr. sc. Ivana Bra\u010d, a ove je godine nagradu dobio dr. sc. Jurica Polan\u010dec iz Staroslavenskog instituta u Zagrebu.<\/p>\n","protected":false},"excerpt":{"rendered":"<p>U sje\u0107anje na prerano preminuloga prof. dr. sc. Branka Kunu, profesora Filozofskog fakulteta u Osijeku i utemeljitelja Hrvatskih sintakti\u010dkih dana, dodjeljuje se nagrada za mlade sintakti\u010dare koja nosi njegovo ime, a utemeljena je 2021. godine. Prva je dobitnica te nagrade bila dr. sc. Ivana Bra\u010d, a ove je godine nagradu dobio dr. sc. Jurica Polan\u010dec&#8230; <\/p>\n<div class=\"clear\"><\/div>\n<p><a href=\"https:\/\/ihjj.hr\/hsd\/index.php\/nagrada-branko-kuna\/\" class=\"gdlr-info-font excerpt-read-more\">Read More<\/a><\/p>\n","protected":false},"author":1,"featured_media":0,"parent":0,"menu_order":0,"comment_status":"closed","ping_status":"closed","template":"","meta":{"footnotes":""},"class_list":["post-4189","page","type-page","status-publish","hentry"],"_links":{"self":[{"href":"https:\/\/ihjj.hr\/hsd\/index.php\/wp-json\/wp\/v2\/pages\/4189","targetHints":{"allow":["GET"]}}],"collection":[{"href":"https:\/\/ihjj.hr\/hsd\/index.php\/wp-json\/wp\/v2\/pages"}],"about":[{"href":"https:\/\/ihjj.hr\/hsd\/index.php\/wp-json\/wp\/v2\/types\/page"}],"author":[{"embeddable":true,"href":"https:\/\/ihjj.hr\/hsd\/index.php\/wp-json\/wp\/v2\/users\/1"}],"replies":[{"embeddable":true,"href":"https:\/\/ihjj.hr\/hsd\/index.php\/wp-json\/wp\/v2\/comments?post=4189"}],"version-history":[{"count":4,"href":"https:\/\/ihjj.hr\/hsd\/index.php\/wp-json\/wp\/v2\/pages\/4189\/revisions"}],"predecessor-version":[{"id":4378,"href":"https:\/\/ihjj.hr\/hsd\/index.php\/wp-json\/wp\/v2\/pages\/4189\/revisions\/4378"}],"wp:attachment":[{"href":"https:\/\/ihjj.hr\/hsd\/index.php\/wp-json\/wp\/v2\/media?parent=4189"}],"curies":[{"name":"wp","href":"https:\/\/api.w.org\/{rel}","templated":true}]}}