{"id":4116,"date":"2017-08-29T13:03:25","date_gmt":"2017-08-29T11:03:25","guid":{"rendered":"http:\/\/ihjj.hr\/hsd\/?page_id=4116"},"modified":"2024-11-27T08:57:57","modified_gmt":"2024-11-27T06:57:57","slug":"predstavljanje-knjiga","status":"publish","type":"page","link":"https:\/\/ihjj.hr\/hsd\/index.php\/predstavljanje-knjiga\/","title":{"rendered":"Predstavljanje knjiga"},"content":{"rendered":"<p>Na <em>8. Hrvatskim sintakti\u010dkim danima<\/em> (u petak 29. studenoga 2024. od 17.15 do 17.45) bit \u0107e predstavljene sljede\u0107e knjige:<\/p>\n<p>Gali\u0107, Josip. <em>Sintaksa imperativnih re\u010denica u hrvatskome crkvenoslavenskom jeziku<\/em>. Zagreb: Hrvatska sveu\u010dili\u0161na naklada, 2023. (predstavlja Milan Mihaljevi\u0107)<\/p>\n<p>Belaj, Branimir. <em>Kognitivna lingvistika i hrvatski jezik<\/em>. Osijek: Filozofski fakultet, 2023. (predstavlja Ismail Pali\u0107)<\/p>\n<p><em>The verbal kaleidoscope<\/em>: <em>Perspectives on the syntax and semantics of verbs<\/em>. Ur. Batini\u0107 Angster, Mia; Angster, Marco. Zadar: Sveu\u010dili\u0161te u Zadru, 2023. (predstavlja Mia Batini\u0107 Angster).<\/p>\n","protected":false},"excerpt":{"rendered":"<p>Na 8. Hrvatskim sintakti\u010dkim danima (u petak 29. studenoga 2024. od 17.15 do 17.45) bit \u0107e predstavljene sljede\u0107e knjige: Gali\u0107, Josip. Sintaksa imperativnih re\u010denica u hrvatskome crkvenoslavenskom jeziku. Zagreb: Hrvatska sveu\u010dili\u0161na naklada, 2023. (predstavlja Milan Mihaljevi\u0107) Belaj, Branimir. Kognitivna lingvistika i hrvatski jezik. Osijek: Filozofski fakultet, 2023. (predstavlja Ismail Pali\u0107) The verbal kaleidoscope: Perspectives on&#8230; <\/p>\n<div class=\"clear\"><\/div>\n<p><a href=\"https:\/\/ihjj.hr\/hsd\/index.php\/predstavljanje-knjiga\/\" class=\"gdlr-info-font excerpt-read-more\">Read More<\/a><\/p>\n","protected":false},"author":1,"featured_media":0,"parent":0,"menu_order":0,"comment_status":"closed","ping_status":"closed","template":"","meta":{"footnotes":""},"class_list":["post-4116","page","type-page","status-publish","hentry"],"_links":{"self":[{"href":"https:\/\/ihjj.hr\/hsd\/index.php\/wp-json\/wp\/v2\/pages\/4116","targetHints":{"allow":["GET"]}}],"collection":[{"href":"https:\/\/ihjj.hr\/hsd\/index.php\/wp-json\/wp\/v2\/pages"}],"about":[{"href":"https:\/\/ihjj.hr\/hsd\/index.php\/wp-json\/wp\/v2\/types\/page"}],"author":[{"embeddable":true,"href":"https:\/\/ihjj.hr\/hsd\/index.php\/wp-json\/wp\/v2\/users\/1"}],"replies":[{"embeddable":true,"href":"https:\/\/ihjj.hr\/hsd\/index.php\/wp-json\/wp\/v2\/comments?post=4116"}],"version-history":[{"count":6,"href":"https:\/\/ihjj.hr\/hsd\/index.php\/wp-json\/wp\/v2\/pages\/4116\/revisions"}],"predecessor-version":[{"id":4374,"href":"https:\/\/ihjj.hr\/hsd\/index.php\/wp-json\/wp\/v2\/pages\/4116\/revisions\/4374"}],"wp:attachment":[{"href":"https:\/\/ihjj.hr\/hsd\/index.php\/wp-json\/wp\/v2\/media?parent=4116"}],"curies":[{"name":"wp","href":"https:\/\/api.w.org\/{rel}","templated":true}]}}