{"id":4072,"date":"2017-06-12T12:58:56","date_gmt":"2017-06-12T10:58:56","guid":{"rendered":"http:\/\/ihjj.hr\/hsd\/?page_id=4072"},"modified":"2024-07-24T10:26:20","modified_gmt":"2024-07-24T08:26:20","slug":"prakticne-informacije","status":"publish","type":"page","link":"https:\/\/ihjj.hr\/hsd\/index.php\/prakticne-informacije\/","title":{"rendered":"Korisne informacije"},"content":{"rendered":"<p>8. <em>Hrvatski sintakti\u010dki dani<\/em> odr\u017eat \u0107e se u prostorijama <a href=\"https:\/\/maps.app.goo.gl\/612T6MHsrzschfBAA\" target=\"_blank\" rel=\"noopener\">Filozofskoga fakulteta Sveu\u010dili\u0161ta J. J. Strossmayera u Osijeku<\/a>.<\/p>\n<p>Tablicu s popisom hotela, apartmana i ostalih smje\u0161tajnih mogu\u0107nosti u blizini mjesta odr\u017eavanja konferencije mo\u017eete pogledati u dokumetu <a href=\"http:\/\/ihjj.hr\/hsd\/wp-content\/uploads\/2024\/07\/Smjestaj-u-Osijeku-8HSD-2024.xlsx\" target=\"_blank\" rel=\"noopener\">Smje\u0161taj u Osijeku &#8211; 8HSD 2024<\/a>. Nagla\u0161avamo kako su sve informacije u popisu isklju\u010divo informativne prirode i savjetujemo vam da osobno provjerite sve cijene i mogu\u0107nosti rezerviranja soba.<\/p>\n<p>Dodatne podatke o smje\u0161tajnim kapacitetima navedenim u tablici, ali i sve ostale korisne informacije o kulturnim, zabavnim ili gastronomskim sadr\u017eajima u Osijeku tako\u0111er mo\u017eete prou\u010diti na mre\u017enim stranicama <a href=\"https:\/\/www.tzosijek.hr\/index.php\" target=\"_blank\" rel=\"noopener\">Turisti\u010dke zajednice grada Osijeka<\/a>.<\/p>\n","protected":false},"excerpt":{"rendered":"<p>8. Hrvatski sintakti\u010dki dani odr\u017eat \u0107e se u prostorijama Filozofskoga fakulteta Sveu\u010dili\u0161ta J. J. Strossmayera u Osijeku. Tablicu s popisom hotela, apartmana i ostalih smje\u0161tajnih mogu\u0107nosti u blizini mjesta odr\u017eavanja konferencije mo\u017eete pogledati u dokumetu Smje\u0161taj u Osijeku &#8211; 8HSD 2024. Nagla\u0161avamo kako su sve informacije u popisu isklju\u010divo informativne prirode i savjetujemo vam da&#8230; <\/p>\n<div class=\"clear\"><\/div>\n<p><a href=\"https:\/\/ihjj.hr\/hsd\/index.php\/prakticne-informacije\/\" class=\"gdlr-info-font excerpt-read-more\">Read More<\/a><\/p>\n","protected":false},"author":1,"featured_media":0,"parent":0,"menu_order":0,"comment_status":"closed","ping_status":"closed","template":"","meta":{"footnotes":""},"class_list":["post-4072","page","type-page","status-publish","hentry"],"_links":{"self":[{"href":"https:\/\/ihjj.hr\/hsd\/index.php\/wp-json\/wp\/v2\/pages\/4072","targetHints":{"allow":["GET"]}}],"collection":[{"href":"https:\/\/ihjj.hr\/hsd\/index.php\/wp-json\/wp\/v2\/pages"}],"about":[{"href":"https:\/\/ihjj.hr\/hsd\/index.php\/wp-json\/wp\/v2\/types\/page"}],"author":[{"embeddable":true,"href":"https:\/\/ihjj.hr\/hsd\/index.php\/wp-json\/wp\/v2\/users\/1"}],"replies":[{"embeddable":true,"href":"https:\/\/ihjj.hr\/hsd\/index.php\/wp-json\/wp\/v2\/comments?post=4072"}],"version-history":[{"count":10,"href":"https:\/\/ihjj.hr\/hsd\/index.php\/wp-json\/wp\/v2\/pages\/4072\/revisions"}],"predecessor-version":[{"id":4298,"href":"https:\/\/ihjj.hr\/hsd\/index.php\/wp-json\/wp\/v2\/pages\/4072\/revisions\/4298"}],"wp:attachment":[{"href":"https:\/\/ihjj.hr\/hsd\/index.php\/wp-json\/wp\/v2\/media?parent=4072"}],"curies":[{"name":"wp","href":"https:\/\/api.w.org\/{rel}","templated":true}]}}