{"id":4069,"date":"2017-06-12T12:57:28","date_gmt":"2017-06-12T10:57:28","guid":{"rendered":"http:\/\/ihjj.hr\/hsd\/?page_id=4069"},"modified":"2024-11-27T08:59:44","modified_gmt":"2024-11-27T06:59:44","slug":"objava-radova","status":"publish","type":"page","link":"https:\/\/ihjj.hr\/hsd\/index.php\/objava-radova\/","title":{"rendered":"Objava radova"},"content":{"rendered":"<p>Radovi \u0107e biti objavljeni u 2. broju 51. godi\u0161ta (krajem 2025.) kao tematski broj u \u010dasopisu <em>Rasprave: \u010casopis Instituta za hrvatski jezik<\/em>. Upute za pisanje radova mo\u017eete preuzeti <a href=\"http:\/\/hrcak.srce.hr\/rasprave-ihjj\" target=\"_blank\" rel=\"noopener\">ovdje<\/a>.<\/p>\n","protected":false},"excerpt":{"rendered":"<p>Radovi \u0107e biti objavljeni u 2. broju 51. godi\u0161ta (krajem 2025.) kao tematski broj u \u010dasopisu Rasprave: \u010casopis Instituta za hrvatski jezik. Upute za pisanje radova mo\u017eete preuzeti ovdje.<\/p>\n","protected":false},"author":1,"featured_media":0,"parent":0,"menu_order":0,"comment_status":"closed","ping_status":"closed","template":"","meta":{"footnotes":""},"class_list":["post-4069","page","type-page","status-publish","hentry"],"_links":{"self":[{"href":"https:\/\/ihjj.hr\/hsd\/index.php\/wp-json\/wp\/v2\/pages\/4069","targetHints":{"allow":["GET"]}}],"collection":[{"href":"https:\/\/ihjj.hr\/hsd\/index.php\/wp-json\/wp\/v2\/pages"}],"about":[{"href":"https:\/\/ihjj.hr\/hsd\/index.php\/wp-json\/wp\/v2\/types\/page"}],"author":[{"embeddable":true,"href":"https:\/\/ihjj.hr\/hsd\/index.php\/wp-json\/wp\/v2\/users\/1"}],"replies":[{"embeddable":true,"href":"https:\/\/ihjj.hr\/hsd\/index.php\/wp-json\/wp\/v2\/comments?post=4069"}],"version-history":[{"count":4,"href":"https:\/\/ihjj.hr\/hsd\/index.php\/wp-json\/wp\/v2\/pages\/4069\/revisions"}],"predecessor-version":[{"id":4376,"href":"https:\/\/ihjj.hr\/hsd\/index.php\/wp-json\/wp\/v2\/pages\/4069\/revisions\/4376"}],"wp:attachment":[{"href":"https:\/\/ihjj.hr\/hsd\/index.php\/wp-json\/wp\/v2\/media?parent=4069"}],"curies":[{"name":"wp","href":"https:\/\/api.w.org\/{rel}","templated":true}]}}