{"id":4045,"date":"2017-06-12T12:42:54","date_gmt":"2017-06-12T10:42:54","guid":{"rendered":"http:\/\/ihjj.hr\/hsd\/?page_id=4045"},"modified":"2024-02-28T14:53:06","modified_gmt":"2024-02-28T12:53:06","slug":"organizacijski-odbor","status":"publish","type":"page","link":"https:\/\/ihjj.hr\/hsd\/index.php\/organizacijski-odbor\/","title":{"rendered":"Organizacijski odbor"},"content":{"rendered":"<h2>Organizacijski odbor<\/h2>\n<ul>\n<li>prof. dr. sc. Branimir Belaj<\/li>\n<li>dr. sc. Goranka Blagus Bartolec<\/li>\n<li>dr. sc. Ivana Bra\u010d<\/li>\n<li>prof. dr. sc. Goran Faletar<\/li>\n<li>prof. dr. sc. Martina Gra\u010danin Yuksek<\/li>\n<li>dr. sc. Lana Hude\u010dek<\/li>\n<li>dr. sc. \u017deljko Jozi\u0107<\/li>\n<li>dr. sc. Ivana Matas Ivankovi\u0107<\/li>\n<li>akademik Milan Mihaljevi\u0107<\/li>\n<li>izv. prof. dr. sc. Ana Miki\u0107 \u010coli\u0107<\/li>\n<li>prof. dr. sc. Anita Peti Stanti\u0107<\/li>\n<li>prof. emer. Diana Stolac<\/li>\n<\/ul>\n<h2>Predsjednica Organizacijskoga odbora:<\/h2>\n<ul>\n<li>dr. sc. Matea Birti\u0107<\/li>\n<\/ul>\n<h2>Tajnik Organizacijskoga odbora:<\/h2>\n<ul>\n<li>Sini\u0161a Runjai\u0107<\/li>\n<\/ul>\n","protected":false},"excerpt":{"rendered":"<p>Organizacijski odbor prof. dr. sc. Branimir Belaj dr. sc. Goranka Blagus Bartolec dr. sc. Ivana Bra\u010d prof. dr. sc. Goran Faletar prof. dr. sc. Martina Gra\u010danin Yuksek dr. sc. Lana Hude\u010dek dr. sc. \u017deljko Jozi\u0107 dr. sc. Ivana Matas Ivankovi\u0107 akademik Milan Mihaljevi\u0107 izv. prof. dr. sc. Ana Miki\u0107 \u010coli\u0107 prof. dr. sc. Anita Peti&#8230; <\/p>\n<div class=\"clear\"><\/div>\n<p><a href=\"https:\/\/ihjj.hr\/hsd\/index.php\/organizacijski-odbor\/\" class=\"gdlr-info-font excerpt-read-more\">Read More<\/a><\/p>\n","protected":false},"author":1,"featured_media":0,"parent":0,"menu_order":0,"comment_status":"closed","ping_status":"closed","template":"","meta":{"footnotes":""},"class_list":["post-4045","page","type-page","status-publish","hentry"],"_links":{"self":[{"href":"https:\/\/ihjj.hr\/hsd\/index.php\/wp-json\/wp\/v2\/pages\/4045","targetHints":{"allow":["GET"]}}],"collection":[{"href":"https:\/\/ihjj.hr\/hsd\/index.php\/wp-json\/wp\/v2\/pages"}],"about":[{"href":"https:\/\/ihjj.hr\/hsd\/index.php\/wp-json\/wp\/v2\/types\/page"}],"author":[{"embeddable":true,"href":"https:\/\/ihjj.hr\/hsd\/index.php\/wp-json\/wp\/v2\/users\/1"}],"replies":[{"embeddable":true,"href":"https:\/\/ihjj.hr\/hsd\/index.php\/wp-json\/wp\/v2\/comments?post=4045"}],"version-history":[{"count":9,"href":"https:\/\/ihjj.hr\/hsd\/index.php\/wp-json\/wp\/v2\/pages\/4045\/revisions"}],"predecessor-version":[{"id":4216,"href":"https:\/\/ihjj.hr\/hsd\/index.php\/wp-json\/wp\/v2\/pages\/4045\/revisions\/4216"}],"wp:attachment":[{"href":"https:\/\/ihjj.hr\/hsd\/index.php\/wp-json\/wp\/v2\/media?parent=4045"}],"curies":[{"name":"wp","href":"https:\/\/api.w.org\/{rel}","templated":true}]}}