{"id":4040,"date":"2017-06-12T12:36:19","date_gmt":"2017-06-12T10:36:19","guid":{"rendered":"http:\/\/ihjj.hr\/hsd\/?page_id=4040"},"modified":"2024-11-27T09:00:29","modified_gmt":"2024-11-27T07:00:29","slug":"nagrada-adolfo-weber-tkalcevic","status":"publish","type":"page","link":"https:\/\/ihjj.hr\/hsd\/index.php\/nagrada-adolfo-weber-tkalcevic\/","title":{"rendered":"Nagrada Adolfo Veber Tkal\u010devi\u0107"},"content":{"rendered":"<p>Sveu\u010dili\u0161te J. J. Strossmayera utemeljilo je nagradu \u201cAdolfo Veber Tkal\u010devi\u0107\u201d za vrijedan doprinos opisu sintakse hrvatskoga jezika. Dosada\u0161nji su laureati bili pok. akademik Radoslav Kati\u010di\u0107, prof. emeritus Ivo Pranjkovi\u0107, prof. emeritus Josip Sili\u0107, akademik Milan Mihaljevi\u0107, pok. izv. prof. dr. sc. Branko Kuna i prof. dr. sc. Branimir Belaj.<\/p>\n<p>Ove je godine kao osmi laureat nagradu dobio dr. sc. Mirko Peti, umirovljeni znanstvenik iz Instituta za hrvatski jezik u Zagrebu.<\/p>\n","protected":false},"excerpt":{"rendered":"<p>Sveu\u010dili\u0161te J. J. Strossmayera utemeljilo je nagradu \u201cAdolfo Veber Tkal\u010devi\u0107\u201d za vrijedan doprinos opisu sintakse hrvatskoga jezika. Dosada\u0161nji su laureati bili pok. akademik Radoslav Kati\u010di\u0107, prof. emeritus Ivo Pranjkovi\u0107, prof. emeritus Josip Sili\u0107, akademik Milan Mihaljevi\u0107, pok. izv. prof. dr. sc. Branko Kuna i prof. dr. sc. Branimir Belaj. Ove je godine kao osmi laureat&#8230; <\/p>\n<div class=\"clear\"><\/div>\n<p><a href=\"https:\/\/ihjj.hr\/hsd\/index.php\/nagrada-adolfo-weber-tkalcevic\/\" class=\"gdlr-info-font excerpt-read-more\">Read More<\/a><\/p>\n","protected":false},"author":1,"featured_media":0,"parent":0,"menu_order":0,"comment_status":"closed","ping_status":"closed","template":"","meta":{"footnotes":""},"class_list":["post-4040","page","type-page","status-publish","hentry"],"_links":{"self":[{"href":"https:\/\/ihjj.hr\/hsd\/index.php\/wp-json\/wp\/v2\/pages\/4040","targetHints":{"allow":["GET"]}}],"collection":[{"href":"https:\/\/ihjj.hr\/hsd\/index.php\/wp-json\/wp\/v2\/pages"}],"about":[{"href":"https:\/\/ihjj.hr\/hsd\/index.php\/wp-json\/wp\/v2\/types\/page"}],"author":[{"embeddable":true,"href":"https:\/\/ihjj.hr\/hsd\/index.php\/wp-json\/wp\/v2\/users\/1"}],"replies":[{"embeddable":true,"href":"https:\/\/ihjj.hr\/hsd\/index.php\/wp-json\/wp\/v2\/comments?post=4040"}],"version-history":[{"count":7,"href":"https:\/\/ihjj.hr\/hsd\/index.php\/wp-json\/wp\/v2\/pages\/4040\/revisions"}],"predecessor-version":[{"id":4377,"href":"https:\/\/ihjj.hr\/hsd\/index.php\/wp-json\/wp\/v2\/pages\/4040\/revisions\/4377"}],"wp:attachment":[{"href":"https:\/\/ihjj.hr\/hsd\/index.php\/wp-json\/wp\/v2\/media?parent=4040"}],"curies":[{"name":"wp","href":"https:\/\/api.w.org\/{rel}","templated":true}]}}