{"id":4038,"date":"2017-06-12T12:35:40","date_gmt":"2017-06-12T10:35:40","guid":{"rendered":"http:\/\/ihjj.hr\/hsd\/?page_id=4038"},"modified":"2024-02-28T13:00:23","modified_gmt":"2024-02-28T11:00:23","slug":"tema-6-hrvatskih-sintaktickih-dana","status":"publish","type":"page","link":"https:\/\/ihjj.hr\/hsd\/index.php\/tema-6-hrvatskih-sintaktickih-dana\/","title":{"rendered":"Tema 8. Hrvatskih sintakti\u010dkih dana"},"content":{"rendered":"<p>Tema je osmoga skupa:<\/p>\n<p style=\"text-align: center;\"><strong>GLAGOLSKO STANJE U HRVATSKOM I DRUGIM JEZICIMA<\/strong><\/p>\n<p>Temi se mo\u017ee pristupiti u sinkronijskoj i dijakronijskoj perspektivi te sa stajali\u0161ta jednoga jezika ili vi\u0161e njih te unutar razli\u010ditih teorijskih okvira.<\/p>\n<p>Na skup se mogu se prijaviti i izlaganja s drugim sintakti\u010dkim temama<\/p>\n","protected":false},"excerpt":{"rendered":"<p>Tema je osmoga skupa: GLAGOLSKO STANJE U HRVATSKOM I DRUGIM JEZICIMA Temi se mo\u017ee pristupiti u sinkronijskoj i dijakronijskoj perspektivi te sa stajali\u0161ta jednoga jezika ili vi\u0161e njih te unutar razli\u010ditih teorijskih okvira. Na skup se mogu se prijaviti i izlaganja s drugim sintakti\u010dkim temama<\/p>\n","protected":false},"author":1,"featured_media":0,"parent":0,"menu_order":0,"comment_status":"closed","ping_status":"closed","template":"","meta":{"footnotes":""},"class_list":["post-4038","page","type-page","status-publish","hentry"],"_links":{"self":[{"href":"https:\/\/ihjj.hr\/hsd\/index.php\/wp-json\/wp\/v2\/pages\/4038","targetHints":{"allow":["GET"]}}],"collection":[{"href":"https:\/\/ihjj.hr\/hsd\/index.php\/wp-json\/wp\/v2\/pages"}],"about":[{"href":"https:\/\/ihjj.hr\/hsd\/index.php\/wp-json\/wp\/v2\/types\/page"}],"author":[{"embeddable":true,"href":"https:\/\/ihjj.hr\/hsd\/index.php\/wp-json\/wp\/v2\/users\/1"}],"replies":[{"embeddable":true,"href":"https:\/\/ihjj.hr\/hsd\/index.php\/wp-json\/wp\/v2\/comments?post=4038"}],"version-history":[{"count":3,"href":"https:\/\/ihjj.hr\/hsd\/index.php\/wp-json\/wp\/v2\/pages\/4038\/revisions"}],"predecessor-version":[{"id":4184,"href":"https:\/\/ihjj.hr\/hsd\/index.php\/wp-json\/wp\/v2\/pages\/4038\/revisions\/4184"}],"wp:attachment":[{"href":"https:\/\/ihjj.hr\/hsd\/index.php\/wp-json\/wp\/v2\/media?parent=4038"}],"curies":[{"name":"wp","href":"https:\/\/api.w.org\/{rel}","templated":true}]}}