{"id":4273,"date":"2021-11-22T15:18:11","date_gmt":"2021-11-22T15:18:11","guid":{"rendered":"http:\/\/ihjj.hr\/14dijalekti\/?page_id=4273"},"modified":"2021-11-29T15:17:40","modified_gmt":"2021-11-29T15:17:40","slug":"program-i-knjizica-sazetaka","status":"publish","type":"page","link":"https:\/\/ihjj.hr\/14dijalekti\/index.php\/program-i-knjizica-sazetaka\/","title":{"rendered":"Program i knji\u017eica sa\u017eetaka"},"content":{"rendered":"\n<div class=\"wp-block-file\"><a href=\"http:\/\/ihjj.hr\/14dijalekti\/wp-content\/uploads\/2021\/11\/Sa\u017eetci-i-programi.pdf\">Sa\u017eetci i programi<\/a><a href=\"http:\/\/ihjj.hr\/14dijalekti\/wp-content\/uploads\/2021\/11\/Sa\u017eetci-i-programi.pdf\" class=\"wp-block-file__button\" download>Download<\/a><\/div>\n\n\n\n<div style=\"height:100px\" aria-hidden=\"true\" class=\"wp-block-spacer\"><\/div>\n\n\n\n<hr class=\"wp-block-separator\"\/>\n\n\n\n<table class=\"wp-block-table\"><tbody style=\"font-size:15px\">\n\n<tr><td><\/td><td style=\"text-align: left; font-size:18px\"><strong>Vije\u0107nica Filozofskoga fakulteta Sveu\u010dili\u0161ta u Zagrebu\n<br>1. prosinca 2021.<\/strong>\n<\/td><\/tr>\n\n<tr><td style=\"text-align: center;\" width=\"100\">9:00\u201310.00<\/td><td style=\"text-align: left; color:#f2381a\"><strong>POZDRAVNI GOVORI<\/strong><\/td><\/tr>\n\n<tr><td><\/td><td style=\"text-align: left;\"><strong>Predsjedavaju\u0107i: Ivo Szucsich i Diana Stolac<\/strong><\/td><\/tr>\n\n<tr><td>10:00\u201310:15<\/td><td style=\"text-align: left;\">Domagoj Vidovi\u0107 i Ilija Vukoti\u0107\n<br><em>Leksik govora sela Zupci kod Bara\n<\/td><\/tr>\n\n<tr><td>10:15\u201310:30<\/td><td style=\"text-align: left;\">Ekaterina Jaku\u0161kina \n<br><em>Praslavenske leksi\u010dke inovacije na hrvatskom jezi\u010dnom podru\u010dju<\/td><\/tr>\n\n<tr><td>10:30\u201310:45<\/td><td style=\"text-align: left;\">Jo\u017ea Horvat\n<br><em>Prilog prou\u010davanju leksi\u010dke varijantnosti: \u2018mrkva\u2019 u hrvatskim govorima\n<\/td><\/tr>\n\n<tr><td>10:45\u201311:00<\/td><td style=\"text-align: left;\">Tja\u0161a Jakop\n<br><em>Koruzni\u0161tvo po slovensko: nare\u010dna poimenovanja za koruzo in z njo povezana opravila\n<\/td><\/tr>\n\n<tr><td>11:00\u201311:15<\/td><td style=\"text-align: left;\">Katarina Lozi\u0107 Knezovi\u0107\n<br><em>Romanizmi u govoru Mravinaca\n<\/td><\/tr>\n\n<tr><td>11:15\u201311:30<\/td><td style=\"text-align: left;\">Suzana Todorovi\u0107\n<br><em>Diahroni pogled na izbrane romanizme v pomjanskem nare\u010dnem govoru\n<\/td><\/tr>\n\n<tr><td>11:30\u201312:00<\/td><td style=\"text-align: left; color:#f2381a\"><strong>RASPRAVA<\/strong><\/td><\/tr>\n\n<tr><td>12:00\u201314:00<\/td><td style=\"text-align: left; color:#f2381a\"><strong>STANKA ZA RU\u010cAK<\/strong><\/td><\/tr>\n\n<tr><td><\/td><td style=\"text-align: left;\"><strong>Predsjedavaju\u0107i: Domagoj Vidovi\u0107 i Ante Juri\u0107<\/strong><\/td><\/tr>\n\n<tr><td>14:00\u201314:15<\/td><td style=\"text-align: left;\">Dunja Brozovi\u0107 Ron\u010devi\u0107\n<br><em>Lingvisti\u010dka geografija Hrvatske u europskome okru\u017eju (LinGeH): novi geolingvisti\u010dki projekt\n<\/td><\/tr>\n\n<tr><td>14:15\u201314:30<\/td><td style=\"text-align: left;\">Nikola Vuleti\u0107, Vladimir Skra\u010di\u0107 i Hrvoje Bazina \n<br><em>Jezi\u010dni atlas pomorske i ribarske kulture Dalmacije i Kvarnera (JAPRK)<\/td><\/tr>\n\n<tr><td>14:30\u201314:45<\/td><td style=\"text-align: left;\">Ivan Maga\u0161\n<br><em>Istra\u017eivanja novo\u0161tokavskih govora zadarskoga podru\u010dja u 21. stolje\u0107u\n<\/td><\/tr>\n\n<tr><td>14:45\u201315:00<\/td><td style=\"text-align: left;\">Ivo Szucsich\n<br><em>Ozvu\u010dena knjiga sa snimkama\niz hrvatskih sela Gradi\u0161\u0107a i susjednih zemalja\n<\/td><\/tr>\n\n<tr><td>15:00\u201315:15<\/td><td style=\"text-align: left;\">Maria Latchici <br><em>Kara\u0161evskohrvatski govori na po\u010detku XXI. stolje\u0107a<\/td><\/tr>\n\n<tr><td>15:15\u201315:30<\/td><td style=\"text-align: left;\">Diana Stolac\n<br><em>Desetlje\u0107e doktorskoga studija\nPovijest i dijalektologija hrvatskoga jezika\n<\/td><\/tr>\n\n<tr><td>15:30\u201316:00<\/td><td style=\"text-align: left; color:#f2381a\"><strong>RASPRAVA<\/strong><\/td><\/tr>\n\n<tr><td>16:00\u201316:30<\/td><td style=\"text-align: left; color:#f2381a\"><strong>KAVA<\/strong><\/td><\/tr>\n\n<tr><td><\/td><td style=\"text-align: left;\"><strong>Predsjedavaju\u0107i: Nikola Vuleti\u0107 i Marina Marinkovi\u0107<\/strong><\/td><\/tr>\n\n<tr><td>16:30\u201316:45<\/td><td style=\"text-align: left;\">Nata\u0161a \u0160prljan\n<br><em>Naglasna obilje\u017eja novigradskoga govora\n<\/td><\/tr>\n\n<tr><td>16:45\u201317:00<\/td><td style=\"text-align: left;\">Mateja \u0160por\u010di\u0107\n<br><em>Prozodija govora Pojatna\n<\/td><\/tr>\n\n<tr><td>17:00\u201317:15<\/td><td style=\"text-align: left;\">Mate Kapovi\u0107\n<br><em>O naglasku imeni\u010dnih \u0101-osnova u Posavini\n<\/td><\/tr>\n\n<tr><td>17:15\u201317:30<\/td><td style=\"text-align: left;\">Ante Juri\u0107\n<br><em>Naglasak imenica u govoru Okruka na \u010ciovu\n<\/td><\/tr>\n\n<tr><td>17:30\u201317:45<\/td><td style=\"text-align: left;\">Elmedina Ali\u0107 i Sanja Ledi\u0107\n<br><em>Silazni naglasci na unutarnjem slogu u govoru Travnika\n<\/td><\/tr>\n\n<tr><td>17:45\u201318:00<\/td><td style=\"text-align: left;\">Lorna Rajle\n<br><em>Zastupljenost naglasnih sustava\nu obrazovnim emisijama za djecu i mlade\n<\/td><\/tr>\n\n<tr><td>18:00\u201318:30<\/td><td style=\"text-align: left; color:#f2381a\"><strong>RASPRAVA<\/strong><\/td><\/tr>\n\n<tr><td><\/td><td style=\"text-align: left; color:#f2381a\"><strong>VE\u010cERA ZA SUDIONIKE SKUPA<\/strong><\/td><\/tr>\n\n<tr><td><\/td><td><\/td><\/tr>\n\n<tr><td><\/td><td style=\"text-align: left; font-size:18px\"><strong>Vije\u0107nica Filozofskoga fakulteta Sveu\u010dili\u0161ta u Zagrebu\n<br>2. prosinca 2021.<\/strong>\n<\/td><\/tr>\n\n<tr><td><\/td><td style=\"text-align: left;\"><strong>Predsjedavaju\u0107i: Sanja Zub\u010di\u0107 i Jo\u017ea Horvat<\/strong><\/td><\/tr>\n\n<tr><td>9:00\u20139:15<\/td><td style=\"text-align: left;\">Tijmen Pronk\n<br><em>Nekoliko morfolo\u0161kih izoglosa izme\u0111u hrvatskih govora\n<\/td><\/tr>\n\n<tr><td>9:15\u20139:30<\/td><td style=\"text-align: left;\">Mijo Lon\u010dari\u0107\n<br><em>Grananje kajkavskoga narje\u010dja \u2013\n40 godina poslije\n<\/td><\/tr>\n\n<tr><td>9:30\u20139:45<\/td><td style=\"text-align: left;\">Emina Berbi\u0107 Kolar\n<br><em>Suvremeni prinosi prou\u010davanju\nposavskoga poddijalekta slavonskoga dijalekta\n<\/td><\/tr>\n\n<tr><td>9:45\u201310:00<\/td><td style=\"text-align: left;\">\u017deljka Brloba\u0161\n<br><em>Morfolo\u0161ka obilje\u017eja brojeva\nu govorima kajkavskoga narje\u010dja\n<\/td><\/tr>\n\n<tr><td>10:00\u201310:15<\/td><td style=\"text-align: left;\">Anita Celini\u0107 i Mira Menac-Mihali\u0107\n<br><em>Geolingvisti\u010dki pogled na zavr\u0161no l u glagolskom pridjevu radnom u kajkavskom narje\u010dju\n<\/td><\/tr>\n\n<tr><td>10:15\u201310:30<\/td><td style=\"text-align: left;\">\u0110uro Bla\u017eeka\n<br><em>O nekim metodolo\u0161kim pitanjima izrade rje\u010dnika prelo\u0161ke skupine me\u0111imurskoga dijalekta\n<\/td><\/tr>\n\n<tr><td>10:30\u201311:00<\/td><td style=\"text-align: left; color:#f2381a\"><strong>RASPRAVA<\/strong><\/td><\/tr>\n\n<tr><td>11:00\u201311:30<\/td><td style=\"text-align: left; color:#f2381a\"><strong>KAVA<\/strong><\/td><\/tr>\n\n<tr><td><\/td><td style=\"text-align: left;\"><strong>Predsjedavaju\u0107i: Tijmen Pronk i Amir Kapetanovi\u0107<\/strong><\/td><\/tr>\n\n<tr><td>11:30\u201311:45<\/td><td style=\"text-align: left;\">Matija Mu\u017eek\n<br><em>Analo\u0161ki jat u nastavcima G., D. i L. jd. pridjevsko-zamjeni\u010dke deklinacije u nekim jugozapadnim kajkavskim govorima\n<\/td><\/tr>\n\n<tr><td>11:45\u201312:00<\/td><td style=\"text-align: left;\">Marina Marinkovi\u0107 i Mirjana Crni\u0107 Novosel \n<br><em>Odre\u0111ivanje pripadnosti mjesnoga govora Staroga Laza u Gorskome kotaru<\/td><\/tr>\n\n<tr><td>12:00\u201312:15<\/td><td style=\"text-align: left;\">Marija Malnar Juri\u0161i\u0107 i Iva Nazalevi\u0107 \u010cu\u010devi\u0107\n<br><em>Re\u010deni\u010dna negacija u \u010dabarskim govorima\n<\/td><\/tr>\n\n<tr><td>12:15\u201312:30<\/td><td style=\"text-align: left;\">Peter Jurgec i Karmen Kenda-Je\u017e \n<br><em>Govor Mosteca (SLA T351, OLA T017) pet desetletij pozneje<\/td><\/tr>\n\n<tr><td>12:30\u201312:45<\/td><td style=\"text-align: left; color:#f2381a\"><strong>RASPRAVA<\/strong><\/td><\/tr>\n\n<tr><td>12:45\u201314:00<\/td><td style=\"text-align: left; color:#f2381a\"><strong>STANKA ZA RU\u010cAK<\/strong><\/td><\/tr>\n\n<tr><td><\/td><td style=\"text-align: left;\"><strong>Predsjedavaju\u0107i: Damir Kalogjera i Mirjana Crni\u0107 Novosel<\/strong><\/td><\/tr>\n\n<tr><td>14:00\u201314:15<\/td><td style=\"text-align: left;\">Persida Lazarevi\u0107 Di Giacomo\n<br><em>Paradigme natuknica Temlerovog \u201cIlirskog re\u010dnika\u201d: uvid u dijalekte Ju\u017enih Slovena\nu XVIII stole\u0107u\n<\/td><\/tr>\n\n<tr><td>14:15\u201314:30<\/td><td style=\"text-align: left;\">Sanja Zub\u010di\u0107 i Ivan Mi\u0161kulin\n<br><em>O kastavskom govoru u 15. stolje\u0107u\n(prilog istra\u017eivanju razvoja kastavskoga govora)\n<\/td><\/tr>\n\n<tr><td>14:30\u201314:45<\/td><td style=\"text-align: left;\">Dunja Jutroni\u0107\n<br><em>Nastavci za genitiv mno\u017eine u 21. stolje\u0107u u usporedbi s onima u 15. stolje\u0107u\nu splitskome vernakularu\n<\/td><\/tr>\n\n<tr><td>14:45\u201315:00<\/td><td style=\"text-align: left;\">Josip Jankovi\u0107\n<br><em>Vrijednosne orijentacije \u0111akova\u010dkog govora sredine dvadesetog stolje\u0107a\nu usporedbi sa splitskim\n<\/td><\/tr>\n\n<tr><td>15:00\u201315:15<\/td><td style=\"text-align: left;\">Martina Ba\u0161i\u0107\n<br><em>Leksemi sadr\u017eaja \u2018makar\u2019 i \u2018barem\u2019 u rje\u010dnicima \u010dakavskih govora\n<\/td><\/tr>\n\n<tr><td>15:15\u201315:30<\/td><td style=\"text-align: left;\">Ivana Kurtovi\u0107 Budja i Perina Vuk\u0161a Nahod \n<br><em>Iz  morfologije  govora  Makarskoga  primorja  i Neretvanske doline<\/td><\/tr>\n\n<tr><td>15:30\u201316:00<\/td><td style=\"text-align: left; color:#f2381a\"><strong>RASPRAVA<\/strong><\/td><\/tr>\n\n<tr><td>16:00\u201316:30<\/td><td style=\"text-align: left; color:#f2381a\"><strong>KAVA<\/strong><\/td><\/tr>\n\n<tr><td><\/td><td style=\"text-align: left;\"><strong>Predsjedavaju\u0107i: Dunja Jutroni\u0107 i Perina Vuk\u0161a Nahod<\/strong><\/td><\/tr>\n\n<tr><td>16:30\u201316:45<\/td><td style=\"text-align: left;\">Damir Kalogjera\n<br><em>Teorijski pogled na \u2018\u2019autenti\u010dnog govornika\u2019\u2019 u sociolingvistici i dijalektologiji\n<\/td><\/tr>\n\n<tr><td>16:45\u201317:00<\/td><td style=\"text-align: left;\">Amir Kapetanovi\u0107\n<br><em>Kako su Hrvati frazemima izra\u017eavali ili prikrivali emocije?\n<\/td><\/tr>\n\n<tr><td>17:00\u201317:15<\/td><td style=\"text-align: left;\">Vera Smole\n<br><em>Nekonvencionalne replike v posami\u010dnih slovenskih nare\u010dnih govorih\n<\/td><\/tr>\n\n<tr><td>17:15\u201317:30<\/td><td style=\"text-align: left;\">Josip Lasi\u0107\n<br><em>Nadimci od djevoja\u010dkoga prezimena u govoru Lovre\u0107a\n<\/td><\/tr>\n\n<tr><td>17:30\u201317:45<\/td><td style=\"text-align: left; color:#f2381a\"><strong>RASPRAVA<\/strong><\/td><\/tr>\n\n<tr><td>17:45\u201318:00<\/td><td style=\"text-align: left;\"><strong>Zavr\u0161na rije\u010d predsjednice Odbora za dijalektologiju prof. dr. sc. Mire Menac-Mihali\u0107<\/strong><\/td><\/tr>\n\n<\/tbody><\/table>\n","protected":false},"excerpt":{"rendered":"<p>Vije\u0107nica Filozofskoga fakulteta Sveu\u010dili\u0161ta u Zagrebu 1. prosinca 2021. 9:00\u201310.00 POZDRAVNI GOVORI Predsjedavaju\u0107i: Ivo Szucsich i Diana Stolac 10:00\u201310:15 Domagoj Vidovi\u0107 i Ilija Vukoti\u0107 Leksik govora sela Zupci kod Bara 10:15\u201310:30 Ekaterina Jaku\u0161kina Praslavenske leksi\u010dke inovacije na hrvatskom jezi\u010dnom podru\u010dju 10:30\u201310:45 Jo\u017ea Horvat Prilog prou\u010davanju leksi\u010dke varijantnosti: \u2018mrkva\u2019 u hrvatskim govorima 10:45\u201311:00 Tja\u0161a Jakop Koruzni\u0161tvo&#8230; <\/p>\n<div class=\"clear\"><\/div>\n<p><a href=\"https:\/\/ihjj.hr\/14dijalekti\/index.php\/program-i-knjizica-sazetaka\/\" class=\"gdlr-info-font excerpt-read-more\">Read More<\/a><\/p>\n","protected":false},"author":1,"featured_media":0,"parent":0,"menu_order":0,"comment_status":"closed","ping_status":"closed","template":"","meta":{"footnotes":""},"_links":{"self":[{"href":"https:\/\/ihjj.hr\/14dijalekti\/index.php\/wp-json\/wp\/v2\/pages\/4273"}],"collection":[{"href":"https:\/\/ihjj.hr\/14dijalekti\/index.php\/wp-json\/wp\/v2\/pages"}],"about":[{"href":"https:\/\/ihjj.hr\/14dijalekti\/index.php\/wp-json\/wp\/v2\/types\/page"}],"author":[{"embeddable":true,"href":"https:\/\/ihjj.hr\/14dijalekti\/index.php\/wp-json\/wp\/v2\/users\/1"}],"replies":[{"embeddable":true,"href":"https:\/\/ihjj.hr\/14dijalekti\/index.php\/wp-json\/wp\/v2\/comments?post=4273"}],"version-history":[{"count":10,"href":"https:\/\/ihjj.hr\/14dijalekti\/index.php\/wp-json\/wp\/v2\/pages\/4273\/revisions"}],"predecessor-version":[{"id":4469,"href":"https:\/\/ihjj.hr\/14dijalekti\/index.php\/wp-json\/wp\/v2\/pages\/4273\/revisions\/4469"}],"wp:attachment":[{"href":"https:\/\/ihjj.hr\/14dijalekti\/index.php\/wp-json\/wp\/v2\/media?parent=4273"}],"curies":[{"name":"wp","href":"https:\/\/api.w.org\/{rel}","templated":true}]}}