{"id":3895,"date":"2020-02-18T13:12:42","date_gmt":"2020-02-18T13:12:42","guid":{"rendered":"http:\/\/ihjj.hr\/14dijalekti\/?page_id=3895"},"modified":"2021-11-22T12:03:00","modified_gmt":"2021-11-22T12:03:00","slug":"prijevoz-i-smjestaj","status":"publish","type":"page","link":"https:\/\/ihjj.hr\/14dijalekti\/index.php\/prijevoz-i-smjestaj\/","title":{"rendered":"Prijevoz i smje\u0161taj"},"content":{"rendered":"\n<p class=\"has-normal-font-size\">Organizatori ne snose tro\u0161kove smje\u0161taja i prijevoza sudionika. Informacije o mogu\u0107nostima smje\u0161taja i gradskome prijevozu objavljene su u izborniku <a href=\"http:\/\/ihjj.hr\/14dijalekti\/index.php\/turisticke-informacije\/\">Turisti\u010dke informacije<\/a>. <\/p>\n","protected":false},"excerpt":{"rendered":"<p>Organizatori ne snose tro\u0161kove smje\u0161taja i prijevoza sudionika. Informacije o mogu\u0107nostima smje\u0161taja i gradskome prijevozu objavljene su u izborniku Turisti\u010dke informacije.<\/p>\n","protected":false},"author":1,"featured_media":0,"parent":0,"menu_order":0,"comment_status":"closed","ping_status":"closed","template":"","meta":{"footnotes":""},"_links":{"self":[{"href":"https:\/\/ihjj.hr\/14dijalekti\/index.php\/wp-json\/wp\/v2\/pages\/3895"}],"collection":[{"href":"https:\/\/ihjj.hr\/14dijalekti\/index.php\/wp-json\/wp\/v2\/pages"}],"about":[{"href":"https:\/\/ihjj.hr\/14dijalekti\/index.php\/wp-json\/wp\/v2\/types\/page"}],"author":[{"embeddable":true,"href":"https:\/\/ihjj.hr\/14dijalekti\/index.php\/wp-json\/wp\/v2\/users\/1"}],"replies":[{"embeddable":true,"href":"https:\/\/ihjj.hr\/14dijalekti\/index.php\/wp-json\/wp\/v2\/comments?post=3895"}],"version-history":[{"count":10,"href":"https:\/\/ihjj.hr\/14dijalekti\/index.php\/wp-json\/wp\/v2\/pages\/3895\/revisions"}],"predecessor-version":[{"id":4262,"href":"https:\/\/ihjj.hr\/14dijalekti\/index.php\/wp-json\/wp\/v2\/pages\/3895\/revisions\/4262"}],"wp:attachment":[{"href":"https:\/\/ihjj.hr\/14dijalekti\/index.php\/wp-json\/wp\/v2\/media?parent=3895"}],"curies":[{"name":"wp","href":"https:\/\/api.w.org\/{rel}","templated":true}]}}