{"id":3889,"date":"2020-02-18T13:10:00","date_gmt":"2020-02-18T13:10:00","guid":{"rendered":"http:\/\/ihjj.hr\/14dijalekti\/?page_id=3889"},"modified":"2021-11-02T03:11:35","modified_gmt":"2021-11-02T03:11:35","slug":"kotizacija","status":"publish","type":"page","link":"https:\/\/ihjj.hr\/14dijalekti\/index.php\/kotizacija\/","title":{"rendered":"Kotizacija"},"content":{"rendered":"\n<p class=\"has-text-color has-normal-font-size has-very-dark-gray-color\">Kotizacija se za sudionike Kongresa pla\u0107a po sudioniku, a ne po izlaganju.<br>Iznos kotizacije je 200 kn.<br>Uplata kotizacije gotovinom bit \u0107e mogu\u0107a i na samome skupu.<br><br><\/p>\n\n\n\n<p class=\"has-text-color has-normal-font-size has-very-dark-gray-color\">Podaci za uplate<br><br> <strong>Za uplate iz tuzemstva:<\/strong><br> DR\u017dAVNI PRORA\u010cUN<br> HR1210010051863000160<br> POZIV NA BROJ 7129-051-21828<br> MODEL HR65<br> Opis pla\u0107anja: Ime Prezime, kotizacija za 14. ZNANSTVENI SKUP O HRVATSKIM DIJALEKTIMA<\/p>\n\n\n\n<p class=\"has-text-color has-normal-font-size has-very-dark-gray-color\"><strong>Za uplate iz inozemstva (po srednjem te\u010daju HNB-a na dan uplate):<\/strong><br> DR\u017dAVNI PRORA\u010cUN<br> HR1210010051863000160<br> POZIV NA BROJ 7129-051-21828<br> MODEL HR65<br> BANK NAME:HRVATSKA NARODNA BANKA<br> ADRESA:TRG HRVATSKIH VELIKANA 3<br> CITY ZAGREB<br> POST CODE 10000<br> BIC CODE\/SWIFT:NBHRHR2X XXX<br> Opis pla\u0107anja: Ime Prezime, kotizacija za 14. ZNANSTVENI SKUP O HRVATSKIM DIJALEKTIMA<\/p>\n","protected":false},"excerpt":{"rendered":"<p>Kotizacija se za sudionike Kongresa pla\u0107a po sudioniku, a ne po izlaganju.Iznos kotizacije je 200 kn.Uplata kotizacije gotovinom bit \u0107e mogu\u0107a i na samome skupu. Podaci za uplate Za uplate iz tuzemstva: DR\u017dAVNI PRORA\u010cUN HR1210010051863000160 POZIV NA BROJ 7129-051-21828 MODEL HR65 Opis pla\u0107anja: Ime Prezime, kotizacija za 14. ZNANSTVENI SKUP O HRVATSKIM DIJALEKTIMA Za uplate&#8230; <\/p>\n<div class=\"clear\"><\/div>\n<p><a href=\"https:\/\/ihjj.hr\/14dijalekti\/index.php\/kotizacija\/\" class=\"gdlr-info-font excerpt-read-more\">Read More<\/a><\/p>\n","protected":false},"author":1,"featured_media":0,"parent":0,"menu_order":0,"comment_status":"closed","ping_status":"closed","template":"","meta":{"footnotes":""},"_links":{"self":[{"href":"https:\/\/ihjj.hr\/14dijalekti\/index.php\/wp-json\/wp\/v2\/pages\/3889"}],"collection":[{"href":"https:\/\/ihjj.hr\/14dijalekti\/index.php\/wp-json\/wp\/v2\/pages"}],"about":[{"href":"https:\/\/ihjj.hr\/14dijalekti\/index.php\/wp-json\/wp\/v2\/types\/page"}],"author":[{"embeddable":true,"href":"https:\/\/ihjj.hr\/14dijalekti\/index.php\/wp-json\/wp\/v2\/users\/1"}],"replies":[{"embeddable":true,"href":"https:\/\/ihjj.hr\/14dijalekti\/index.php\/wp-json\/wp\/v2\/comments?post=3889"}],"version-history":[{"count":10,"href":"https:\/\/ihjj.hr\/14dijalekti\/index.php\/wp-json\/wp\/v2\/pages\/3889\/revisions"}],"predecessor-version":[{"id":4252,"href":"https:\/\/ihjj.hr\/14dijalekti\/index.php\/wp-json\/wp\/v2\/pages\/3889\/revisions\/4252"}],"wp:attachment":[{"href":"https:\/\/ihjj.hr\/14dijalekti\/index.php\/wp-json\/wp\/v2\/media?parent=3889"}],"curies":[{"name":"wp","href":"https:\/\/api.w.org\/{rel}","templated":true}]}}